{"id":937,"date":"2021-08-23T09:04:31","date_gmt":"2021-08-23T07:04:31","guid":{"rendered":"http:\/\/new.herbamed.ch\/?post_type=product&#038;p=937"},"modified":"2022-01-12T09:29:13","modified_gmt":"2022-01-12T08:29:13","slug":"buxus-sempervirens-o","status":"publish","type":"product","link":"https:\/\/www.herbamed.ch\/fr\/produit-2\/buxus-sempervirens-o\/","title":{"rendered":"Buxus sempervirens \u00d8"},"content":{"rendered":"<h3>Vorkommen und Beschreibung<\/h3>\n<p>Buxus sempervirens stammt aus dem Mittelmeergebiet und ist bei uns eine h\u00e4ufig vorkommende, immergr\u00fcne Heckenpflanze. Dieser dichtbuschige Strauch, welcher 2-4 m hoch wachsen kann ist eine langsam wachsende Pflanze welche einen windgesch\u00fctzen Standort im Halbschatten mag.<\/p>\n<p>&nbsp;<\/p>\n<h3>Anwendung der Pflanze<\/h3>\n<p>In der Volksheilskunde wird Buxus sempervirens als schweisstreibendes Mittel, bei Verstopfung, Rheumatismus sowie zur F\u00f6rderung des Haarwuchses eingesetzt. In der Veterin\u00e4rmedizin werden die gepulverten Bl\u00e4tter zur Bek\u00e4mpfung der Dasselfliegenlarve bei Pferden. Hom\u00f6opathisch wird Buxus sempervirens bei fettiger, schuppiger Kopfhaut mit Haarausfall eingesetzt.<\/p>\n<p>&nbsp;<\/p>\n<h3>Quelle(n)<\/h3>\n<ul>\n<li>Karl Hiller: Lexikon der Arnzeipflanzen und Drogen<\/li>\n<li>https:\/\/www.heckenpflanzendirekt.de\/immergrunen-heckenpflanzen\/buxus-buchsbaum.html<\/li>\n<\/ul>","protected":false},"excerpt":{"rendered":"<p>Buxus sempervirens stammt aus dem Mittelmeergebiet und ist bei uns eine h\u00e4ufig vorkommende, immergr\u00fcne Heckenpflanze. Dieser dichtbuschige Strauch, welcher 2-4 m hoch wachsen kann ist eine langsam wachsende Pflanze welche einen windgesch\u00fctzen Standort im Halbschatten mag.<\/p>","protected":false},"featured_media":983,"template":"","meta":{"_monsterinsights_skip_tracking":false,"_monsterinsights_sitenote_active":false,"_monsterinsights_sitenote_note":"","_monsterinsights_sitenote_category":0},"product_brand":[],"product_cat":[2119,27,25],"product_tag":[],"class_list":{"0":"post-937","1":"product","2":"type-product","3":"status-publish","4":"has-post-thumbnail","6":"product_cat-b2b","7":"product_cat-urtinkturen","8":"product_cat-wirkstoffe","10":"first","11":"instock","12":"shipping-taxable","13":"purchasable","14":"product-type-simple"},"_links":{"self":[{"href":"https:\/\/www.herbamed.ch\/fr\/wp-json\/wp\/v2\/product\/937","targetHints":{"allow":["GET"]}}],"collection":[{"href":"https:\/\/www.herbamed.ch\/fr\/wp-json\/wp\/v2\/product"}],"about":[{"href":"https:\/\/www.herbamed.ch\/fr\/wp-json\/wp\/v2\/types\/product"}],"wp:featuredmedia":[{"embeddable":true,"href":"https:\/\/www.herbamed.ch\/fr\/wp-json\/wp\/v2\/media\/983"}],"wp:attachment":[{"href":"https:\/\/www.herbamed.ch\/fr\/wp-json\/wp\/v2\/media?parent=937"}],"wp:term":[{"taxonomy":"product_brand","embeddable":true,"href":"https:\/\/www.herbamed.ch\/fr\/wp-json\/wp\/v2\/product_brand?post=937"},{"taxonomy":"product_cat","embeddable":true,"href":"https:\/\/www.herbamed.ch\/fr\/wp-json\/wp\/v2\/product_cat?post=937"},{"taxonomy":"product_tag","embeddable":true,"href":"https:\/\/www.herbamed.ch\/fr\/wp-json\/wp\/v2\/product_tag?post=937"}],"curies":[{"name":"wp","href":"https:\/\/api.w.org\/{rel}","templated":true}]}}