{"id":936,"date":"2021-08-23T09:04:31","date_gmt":"2021-08-23T07:04:31","guid":{"rendered":"http:\/\/new.herbamed.ch\/?post_type=product&#038;p=936"},"modified":"2022-01-12T09:29:13","modified_gmt":"2022-01-12T08:29:13","slug":"bryonia-o","status":"publish","type":"product","link":"https:\/\/www.herbamed.ch\/fr\/produit-2\/bryonia-o\/","title":{"rendered":"Bryonia \u00d8"},"content":{"rendered":"<h3>Vorkommen und Beschreibung<\/h3>\n<p>F\u00fcr die Bryonia-Urtinktur werden 2 Gattungen verwendet die Bryonia cretica die im Mittelmeer beheimatet ist und die weisse Zaunr\u00fcbe Bryonia alba die auch bei uns im Rhone- (VS) und Rheintal (GR) heimisch ist. Im Folgenden und als Bryonia bezeichnet ist Letztere gemeint obwohl sich die Gattungen nicht so sehr voneinander unterscheiden. Vermutet wird der Ursprung in Osteuropa. Heute ist Bryonia in Europa weitverbreitet. Das Gebiet erstreckt sich \u00fcber den Iran bis nach Zentralasien, selbst in Skandinavien sind sie anzutreffen. Bryonia ist ein mehrj\u00e4hriges K\u00fcrbisgew\u00e4chs (Cucurbitaceae). In der Schweiz ist die stark giftige Bryonia vom Aussterben bedroht. Aus einer grossen, verdickten, r\u00fcbenartigen Wurzel die bis 2.5kg wiegen kann, entspringen die schnell wachsenden bis 3-5m langen rauhaarigen St\u00e4ngel mit korkenzieherartigen Ranken. Die Bl\u00e4tter sind bis \u00fcber die Mitte handf\u00f6rmig geteilt und f\u00fcnfeckig im Umriss. Bryonia alba ist einh\u00e4usig, Bryonia cretica zweih\u00e4usig. Die Bl\u00fcten sind weiss bis gelb-gr\u00fcnlich, eher unscheinbar. Die Fr\u00fcchte sind Schwarz. Bryonia will klettern und braucht daf\u00fcr eine St\u00fctze mit rauer Oberfl\u00e4che.<\/p>\n<p>&nbsp;<\/p>\n<h3>Anwendung der Pflanze<\/h3>\n<p>Bryonia wird schon von Dioskurides beschrieben. Es gilt als hervorragendes Mittel bei Rheuma und Gicht, Epilepsie, Schwindel, L\u00e4hmungen, Hysterie, Wunden und Husten. Die Nebenwirkungen sind starke Durchf\u00e4lle mit Reizung bis zur Zerst\u00f6rung der Darmschleimhaut was relativ schnell zum Tod f\u00fchrt. Aus heutiger Sicht sollte Bryonia wegen der starken Giftigkeit nicht mehr phytotherapeutisch verwendet werden. Bryonia ist jedoch ein grosses hom\u00f6opathisches Mittel. Leitsymptome sind Akute Beschwerden wie z.B. Husten, grippale Infekte, Kopfschmerzen die sich langsam entwickeln und begleitet von Schmerzen sind, die sich bei der leichtesten Bewegung verschlimmern. Grosser Durst mit Austrocknung. Rheumatische Beschwerden mit schmerzhaften, heissen Schwellungen. Bohrende Schmerzen, schwere Augenlider, starkes Schwitzen und Einschn\u00fcrungsgef\u00fchl am Hals. Bryonia-Kranke sind gereizt, missmutig und matt. Besser werden die Beschwerden bei Ruhe und Druck auf die schmerzhafte Stelle. Schlimmer bei Bewegung, B\u00fccken, k\u00f6rperliche Anstrengung und Sprechen.<\/p>\n<p>&nbsp;<\/p>\n<h3>Quelle(n)<\/h3>\n<ul>\n<li><a href=\"https:\/\/de.wikipedia.org\/wiki\/Wei%C3%9Fe_Zaunr%C3%BCbe\">https:\/\/de.wikipedia.org\/wiki\/Wei%C3%9Fe_Zaunr%C3%BCbe<\/a><\/li>\n<\/ul>","protected":false},"excerpt":{"rendered":"<p>Vorkommen und Beschreibung F\u00fcr die Bryonia-Urtinktur werden 2 Gattungen verwendet die Bryonia cretica die im Mittelmeer beheimatet ist und die weisse Zaunr\u00fcbe Bryonia alba die auch bei uns im Rhone- (VS) und Rheintal (GR) heimisch ist. Im Folgenden und als Bryonia bezeichnet ist Letztere gemeint obwohl sich die Gattungen nicht so sehr voneinander unterscheiden. Vermutet [&hellip;]<\/p>\n","protected":false},"featured_media":982,"template":"","meta":{"_monsterinsights_skip_tracking":false,"_monsterinsights_sitenote_active":false,"_monsterinsights_sitenote_note":"","_monsterinsights_sitenote_category":0},"product_brand":[],"product_cat":[2119,27,25],"product_tag":[],"class_list":{"0":"post-936","1":"product","2":"type-product","3":"status-publish","4":"has-post-thumbnail","6":"product_cat-b2b","7":"product_cat-urtinkturen","8":"product_cat-wirkstoffe","10":"first","11":"instock","12":"shipping-taxable","13":"purchasable","14":"product-type-simple"},"_links":{"self":[{"href":"https:\/\/www.herbamed.ch\/fr\/wp-json\/wp\/v2\/product\/936","targetHints":{"allow":["GET"]}}],"collection":[{"href":"https:\/\/www.herbamed.ch\/fr\/wp-json\/wp\/v2\/product"}],"about":[{"href":"https:\/\/www.herbamed.ch\/fr\/wp-json\/wp\/v2\/types\/product"}],"wp:featuredmedia":[{"embeddable":true,"href":"https:\/\/www.herbamed.ch\/fr\/wp-json\/wp\/v2\/media\/982"}],"wp:attachment":[{"href":"https:\/\/www.herbamed.ch\/fr\/wp-json\/wp\/v2\/media?parent=936"}],"wp:term":[{"taxonomy":"product_brand","embeddable":true,"href":"https:\/\/www.herbamed.ch\/fr\/wp-json\/wp\/v2\/product_brand?post=936"},{"taxonomy":"product_cat","embeddable":true,"href":"https:\/\/www.herbamed.ch\/fr\/wp-json\/wp\/v2\/product_cat?post=936"},{"taxonomy":"product_tag","embeddable":true,"href":"https:\/\/www.herbamed.ch\/fr\/wp-json\/wp\/v2\/product_tag?post=936"}],"curies":[{"name":"wp","href":"https:\/\/api.w.org\/{rel}","templated":true}]}}