{"id":934,"date":"2021-08-23T09:04:30","date_gmt":"2021-08-23T07:04:30","guid":{"rendered":"http:\/\/new.herbamed.ch\/?post_type=product&#038;p=934"},"modified":"2022-01-12T09:29:14","modified_gmt":"2022-01-12T08:29:14","slug":"borago-officinalis-o","status":"publish","type":"product","link":"https:\/\/www.herbamed.ch\/fr\/produit-2\/borago-officinalis-o\/","title":{"rendered":"Borago officinalis \u00d8"},"content":{"rendered":"<h3>Vorkommen und Beschreibung<\/h3>\n<p>Borago officinalis ist eine einj\u00e4hrige Pflanze, die etwa 60-70 cm hoch w\u00e4chst. Borago officinalis gilt wegen seines Nektarreichtums als eine der besten Bienenpflanzen. Mit der Biene geht er auch eine besondere Partnerschaft ein: In der Mitte seiner Bl\u00fcte bilden die Staubf\u00e4den und -beutel den sogenannten Streukegel, in dem sich der Pollen sammelt. Nur wenn die Bienen bei ihrer Nektarsuche den Kopf zwischen die Staubf\u00e4den dr\u00e4ngen, f\u00e4llt der Pollen heraus und kann die Bl\u00fcte befruchten. F\u00fcr Ameisen h\u00e4lt der Borretsch eine andere Delikatesse parat: Am Ansatz der reifen Samen, den N\u00fcsschen, finden sie einen sehr fettreichen Teil, wegen dem sie die N\u00fcsse verschleppen: das ideale Transportsystem zur Verbreitung der Pflanze. Die angenehm nach Gurken schmeckende Pflanze kann roh zu Salaten gegeben oder zu einem spinatartigen Gem\u00fcse gekocht werden<\/p>\n<p>&nbsp;<\/p>\n<h3>Anwendung der Pflanze<\/h3>\n<p>Traditionell wird Borago officinalis vorwiegend als Gew\u00fcrz- und Heilkraut verwendet. In der traditionellen Heilkunde und Medizin jedoch wird Borago Officinalis wegen seiner entw\u00e4ssernden, entz\u00fcndungshemmenden und reizlindernden Wirkung gesch\u00e4tzt. Erkrankungen der oberen und unteren Luftwege werden gerne mit Borago officinalis behandelt. Es ist ebenso als leichtes Antidepressivum und beruhigend bekannt. Seit einigen Jahren ist Borago officinalis im Fokus von Studien zum pr\u00e4menstruellen Syndrom und hat sehr gute Ergebnisse erzielt. Aufgrund dessen, dass Borago officinalis als sekund\u00e4ren Pflanzenstoff, Pyrrolizinalkaloide enth\u00e4lt (PA) wird die Urtinktur nur PA- gereinigt in den Verkauf gebracht.<\/p>\n<p>&nbsp;<\/p>\n<h3>Quelle(n)<\/h3>\n<ul>\n<li>Karl Hiller: Lexikon der Arnzeipflanzen und Drogen<\/li>\n<li><a href=\"http:\/\/pms-symptome.com\/borago-officinalis\"> http:\/\/pms-symptome.com\/borago-officinalis<\/a><\/li>\n<li><a href=\"https:\/\/www.walaarzneimittel.de\/de\/ueber-uns\/substanzen-aus-der-natur\/heilpflanzenlexikon-a-z\/borretsch.html\">https:\/\/www.walaarzneimittel.de\/de\/ueber-uns\/substanzen-aus-der-natur\/heilpflanzenlexikon-a-z\/borretsch.html<\/a><\/li>\n<\/ul>","protected":false},"excerpt":{"rendered":"<p>Vorkommen und Beschreibung Borago officinalis ist eine einj\u00e4hrige Pflanze, die etwa 60-70 cm hoch w\u00e4chst. Borago officinalis gilt wegen seines Nektarreichtums als eine der besten Bienenpflanzen. Mit der Biene geht er auch eine besondere Partnerschaft ein: In der Mitte seiner Bl\u00fcte bilden die Staubf\u00e4den und -beutel den sogenannten Streukegel, in dem sich der Pollen sammelt. [&hellip;]<\/p>\n","protected":false},"featured_media":980,"template":"","meta":{"_monsterinsights_skip_tracking":false,"_monsterinsights_sitenote_active":false,"_monsterinsights_sitenote_note":"","_monsterinsights_sitenote_category":0},"product_brand":[],"product_cat":[2119,27,25],"product_tag":[],"class_list":{"0":"post-934","1":"product","2":"type-product","3":"status-publish","4":"has-post-thumbnail","6":"product_cat-b2b","7":"product_cat-urtinkturen","8":"product_cat-wirkstoffe","10":"first","11":"instock","12":"shipping-taxable","13":"purchasable","14":"product-type-simple"},"_links":{"self":[{"href":"https:\/\/www.herbamed.ch\/fr\/wp-json\/wp\/v2\/product\/934","targetHints":{"allow":["GET"]}}],"collection":[{"href":"https:\/\/www.herbamed.ch\/fr\/wp-json\/wp\/v2\/product"}],"about":[{"href":"https:\/\/www.herbamed.ch\/fr\/wp-json\/wp\/v2\/types\/product"}],"wp:featuredmedia":[{"embeddable":true,"href":"https:\/\/www.herbamed.ch\/fr\/wp-json\/wp\/v2\/media\/980"}],"wp:attachment":[{"href":"https:\/\/www.herbamed.ch\/fr\/wp-json\/wp\/v2\/media?parent=934"}],"wp:term":[{"taxonomy":"product_brand","embeddable":true,"href":"https:\/\/www.herbamed.ch\/fr\/wp-json\/wp\/v2\/product_brand?post=934"},{"taxonomy":"product_cat","embeddable":true,"href":"https:\/\/www.herbamed.ch\/fr\/wp-json\/wp\/v2\/product_cat?post=934"},{"taxonomy":"product_tag","embeddable":true,"href":"https:\/\/www.herbamed.ch\/fr\/wp-json\/wp\/v2\/product_tag?post=934"}],"curies":[{"name":"wp","href":"https:\/\/api.w.org\/{rel}","templated":true}]}}