{"id":932,"date":"2021-08-23T09:04:30","date_gmt":"2021-08-23T07:04:30","guid":{"rendered":"http:\/\/new.herbamed.ch\/?post_type=product&#038;p=932"},"modified":"2022-01-12T09:29:14","modified_gmt":"2022-01-12T08:29:14","slug":"betula-pendula-e-foliis-o","status":"publish","type":"product","link":"https:\/\/www.herbamed.ch\/fr\/produit-2\/betula-pendula-e-foliis-o\/","title":{"rendered":"Betula pendula e foliis \u00d8"},"content":{"rendered":"<h3>Vorkommen und Beschreibung<\/h3>\n<p>Bei Betula pendula e foliis handelt es sich um die Bl\u00e4tter des bis zu 25m hohen Baums mit glatter, weisser Rinde die mit zunehmendem Alter schwarz einreisst. Die jungen Zweige sind h\u00e4ngend und kahl von der Farbe her dunkelbraun fast schwarz Die Bl\u00e4tter von Betula pendula e foliis sind rautenf\u00f6rmig bis dreieckig, lang zugespitzt, doppelt gez\u00e4hnt und ausgewachsen kahl. Die m\u00e4nnlichen Bl\u00fctenst\u00e4nde im Februar und M\u00e4rz sind h\u00e4ngend und bis 10cm lang. Pollenallergien gegen Birkenpollen sind \u00e4usserst h\u00e4ufig. Die weiblichen Bl\u00fctenst\u00e4nde sind zur Bl\u00fctezeit aufrecht, sp\u00e4ter h\u00e4ngend bis 4cm lang. Die Frucht ist ein einsamiges d\u00fcnnh\u00e4utiges N\u00fcsschen mit 2 durchsichtigen Fl\u00fcgeln. Betula pendula e foliis ist Eurosibiriischen Ursprungs und kommt in ganz Europa (Ausnahme: Nordskandinavien) und auch in Nordamerika und Asien wildwachsend vor. Sie bevorzugt lichte feuchte Standorte bei Ufergel\u00e4nde, Torfmoore, Mischw\u00e4lder und stellt kaum Anspr\u00fcche was N\u00e4hrstoffe anbelangt.<\/p>\n<p>&nbsp;<\/p>\n<h3>Anwendung der Pflanze<\/h3>\n<p>Betula pendula e foliis bewirket eine vermehrte Harnbildung. Da Betula pendula e foliis die Nieren nicht reizt eignet sie sich besonders gut zur Durchsp\u00fclungstherapie bei bakteriellen und entz\u00fcndlichen Erkrankungen der ableitenden Harnwege und eignet sich besonders bei krampfartigen Zust\u00e4nden und bei Nierengriess. Auch Reizblasen k\u00f6nnen von der Anwendung profitieren. Die Diurese beruht auf verschiedenen Effekten unter anderem wirkt Betula pendula e foliis als ACE-Hemmer was zu vermehrter Natrium und Wasserausscheidung f\u00fchrt. F\u00fcr Betula pendula e foliis liegt auch ein antipyretischer Effekt vor. Weiter hat Betula pendula e foliis eine kortikoid\u00e4hnliche antiphlogistische Wirkung. Besonders beim metastasierenden Melanom wirkt eine Hemmsubstanz gegen die Krebszellen. In der Volksmedizin wird Betula pendula e foliis f\u00fcr Fr\u00fchjahrskuren, zur Blutreinigung bei Gicht und Rheuma sowie bei Haarausfall und Hautausschlag verwendet.<\/p>","protected":false},"excerpt":{"rendered":"<p>Bei Betula pendula e foliis handelt es sich um die Bl\u00e4tter des bis zu 25m hohen Baums mit glatter, weisser Rinde die mit zunehmendem Alter schwarz einreisst. Die jungen Zweige sind h\u00e4ngend und kahl von der Farbe her dunkelbraun fast schwarz Die Bl\u00e4tter von Betula pendula e foliis sind rautenf\u00f6rmig bis dreieckig, lang zugespitzt, doppelt gez\u00e4hnt und ausgewachsen kahl.<\/p>","protected":false},"featured_media":978,"template":"","meta":{"_monsterinsights_skip_tracking":false,"_monsterinsights_sitenote_active":false,"_monsterinsights_sitenote_note":"","_monsterinsights_sitenote_category":0},"product_brand":[],"product_cat":[2119,27,25],"product_tag":[],"class_list":{"0":"post-932","1":"product","2":"type-product","3":"status-publish","4":"has-post-thumbnail","6":"product_cat-b2b","7":"product_cat-urtinkturen","8":"product_cat-wirkstoffe","10":"first","11":"instock","12":"shipping-taxable","13":"purchasable","14":"product-type-simple"},"_links":{"self":[{"href":"https:\/\/www.herbamed.ch\/fr\/wp-json\/wp\/v2\/product\/932","targetHints":{"allow":["GET"]}}],"collection":[{"href":"https:\/\/www.herbamed.ch\/fr\/wp-json\/wp\/v2\/product"}],"about":[{"href":"https:\/\/www.herbamed.ch\/fr\/wp-json\/wp\/v2\/types\/product"}],"wp:featuredmedia":[{"embeddable":true,"href":"https:\/\/www.herbamed.ch\/fr\/wp-json\/wp\/v2\/media\/978"}],"wp:attachment":[{"href":"https:\/\/www.herbamed.ch\/fr\/wp-json\/wp\/v2\/media?parent=932"}],"wp:term":[{"taxonomy":"product_brand","embeddable":true,"href":"https:\/\/www.herbamed.ch\/fr\/wp-json\/wp\/v2\/product_brand?post=932"},{"taxonomy":"product_cat","embeddable":true,"href":"https:\/\/www.herbamed.ch\/fr\/wp-json\/wp\/v2\/product_cat?post=932"},{"taxonomy":"product_tag","embeddable":true,"href":"https:\/\/www.herbamed.ch\/fr\/wp-json\/wp\/v2\/product_tag?post=932"}],"curies":[{"name":"wp","href":"https:\/\/api.w.org\/{rel}","templated":true}]}}