{"id":931,"date":"2021-08-23T09:04:30","date_gmt":"2021-08-23T07:04:30","guid":{"rendered":"http:\/\/new.herbamed.ch\/?post_type=product&#038;p=931"},"modified":"2022-01-12T09:29:14","modified_gmt":"2022-01-12T08:29:14","slug":"betula-alba-o","status":"publish","type":"product","link":"https:\/\/www.herbamed.ch\/fr\/produit-2\/betula-alba-o\/","title":{"rendered":"Betula alba \u00d8"},"content":{"rendered":"<h3>Vorkommen und Beschreibung<\/h3>\n<p>Bei der Urtinktur von Betula alba handelt es sich um den Birkensaft der mit Alkohol stabilisiert wurde. Dieser wird im Fr\u00fchjahr kurz vor dem Austreiben der Bl\u00e4tter durch anbohren des Stammes gewonnen. Bei Betula alba handelt es sich um einen bis zu 25m hohen Baum mit glatter, weisser Rinde die mit zunehmendem Alter schwarz einreisst. Die jungen Zweige sind h\u00e4ngend und kahl, von der Farbe her dunkelbraun fast schwarz. Die Bl\u00e4tter von Betula alba sind rautenf\u00f6rmig bis dreieckig, lang zugespitzt, doppelt gez\u00e4hnt und ausgewachsen kahl. Die m\u00e4nnlichen Bl\u00fctenst\u00e4nde im Februar und M\u00e4rz sind h\u00e4ngend und bis 10cm lang. Pollenallergien gegen Birkenpollen sind \u00e4usserst h\u00e4ufig. Die weiblichen Bl\u00fctenst\u00e4nde sind zur Bl\u00fctezeit aufrecht, sp\u00e4ter h\u00e4ngend bis 4cm lang. Die Frucht ist ein einsamiges, d\u00fcnnh\u00e4utiges N\u00fcsschen mit 2 durchsichtigen Fl\u00fcgeln. Betula alba ist Eurosibiriischen Ursprungs und kommt in ganz Europa (Ausnahme: Nordskandinavien) und auch in Nordamerika und Asien wildwachsend vor. Sie bevorzugt lichte feuchte Standorte bei Ufergel\u00e4nde, Torfmoore, Mischw\u00e4lder und stellt kaum Anspr\u00fcche was N\u00e4hrstoffe anbelangt.<\/p>\n<p>&nbsp;<\/p>\n<h3>Verwendung der Pflanze<\/h3>\n<p>Der Birkensaft von Betula alba ist sehr Mineralstoffhaltig. Er unterst\u00fctzt die Blutreinigung und wird zur Fr\u00fchjahrskur empfohlen. Birkensaft gilt als antiphlogistisch und cholerinsenkend und soll Nierent\u00e4tigkeit und Galleproduktion anregen. Letzteres macht die Anwendung von Betula alba bei Hautausschl\u00e4gen aller Art und bei Krankheiten des rheumatischen Formenkreises interessant. Die Volksheilkunde verwendet Birkensaft als Betula alba \u00e4usserlich bei Haarausfall. Betula alba als Zubereitung von Birkensaft ist ein Mittel der Volksheilkunde es liegen noch keine gesicherten Erkenntnisse vor.<\/p>\n<p>&nbsp;<\/p>\n<h3>Quelle(n)<\/h3>\n<ul>\n<li><a href=\"https:\/\/www.gesundheit.de\/ernaehrung\/richtig-trinken\/trinken-und-gesundheit\/birkenwasser\">https:\/\/www.gesundheit.de\/ernaehrung\/richtig-trinken\/trinken-und-gesundheit\/birkenwasser<\/a><\/li>\n<\/ul>","protected":false},"excerpt":{"rendered":"<p>Bei der Urtinktur von Betula alba handelt es sich um den Birkensaft der mit Alkohol stabilisiert wurde. Dieser wird im Fr\u00fchjahr kurz vor dem Austreiben der Bl\u00e4tter durch anbohren des Stammes gewonnen. Bei Betula alba handelt es sich um einen bis zu 25m hohen Baum mit glatter, weisser Rinde die mit zunehmendem Alter schwarz einreisst.<\/p>","protected":false},"featured_media":977,"template":"","meta":{"_monsterinsights_skip_tracking":false,"_monsterinsights_sitenote_active":false,"_monsterinsights_sitenote_note":"","_monsterinsights_sitenote_category":0},"product_brand":[],"product_cat":[2119,27,25],"product_tag":[],"class_list":{"0":"post-931","1":"product","2":"type-product","3":"status-publish","4":"has-post-thumbnail","6":"product_cat-b2b","7":"product_cat-urtinkturen","8":"product_cat-wirkstoffe","10":"first","11":"instock","12":"shipping-taxable","13":"purchasable","14":"product-type-simple"},"_links":{"self":[{"href":"https:\/\/www.herbamed.ch\/fr\/wp-json\/wp\/v2\/product\/931","targetHints":{"allow":["GET"]}}],"collection":[{"href":"https:\/\/www.herbamed.ch\/fr\/wp-json\/wp\/v2\/product"}],"about":[{"href":"https:\/\/www.herbamed.ch\/fr\/wp-json\/wp\/v2\/types\/product"}],"wp:featuredmedia":[{"embeddable":true,"href":"https:\/\/www.herbamed.ch\/fr\/wp-json\/wp\/v2\/media\/977"}],"wp:attachment":[{"href":"https:\/\/www.herbamed.ch\/fr\/wp-json\/wp\/v2\/media?parent=931"}],"wp:term":[{"taxonomy":"product_brand","embeddable":true,"href":"https:\/\/www.herbamed.ch\/fr\/wp-json\/wp\/v2\/product_brand?post=931"},{"taxonomy":"product_cat","embeddable":true,"href":"https:\/\/www.herbamed.ch\/fr\/wp-json\/wp\/v2\/product_cat?post=931"},{"taxonomy":"product_tag","embeddable":true,"href":"https:\/\/www.herbamed.ch\/fr\/wp-json\/wp\/v2\/product_tag?post=931"}],"curies":[{"name":"wp","href":"https:\/\/api.w.org\/{rel}","templated":true}]}}