{"id":930,"date":"2021-08-23T09:04:29","date_gmt":"2021-08-23T07:04:29","guid":{"rendered":"http:\/\/new.herbamed.ch\/?post_type=product&#038;p=930"},"modified":"2022-01-12T09:31:43","modified_gmt":"2022-01-12T08:31:43","slug":"berberis-vulgaris-o-d1","status":"publish","type":"product","link":"https:\/\/www.herbamed.ch\/fr\/produit-2\/berberis-vulgaris-o-d1\/","title":{"rendered":"Berberis vulgaris \u00d8 = D1"},"content":{"rendered":"<h3>Vorkommen und Beschreibung<\/h3>\n<p>Berberis vulgaris ist eine einheimische Pflanze die bei Geb\u00fcschen, Hecken und an felsigen Orten von der Ebene bis in die Alpen anzutreffen ist. In den G\u00e4rten wird die h\u00fcbsche Pflanze gerne gesehen, angebaut und bildet nah beieinander gepflanzt sehr dichte lebende H\u00e4ge die viel Privatsph\u00e4re im Garten versprechen. Es gibt verschiedene Z\u00fcchtungen auch solche mit r\u00f6tlichen Bl\u00e4ttern, diese eignen sich nicht f\u00fcr die medizinische Anwendung. Das Vorkommen in der Wildnis von Berberis vulgaris geht eher zur\u00fcck weil Hecken und Geb\u00fcsche nicht mehr so gefragt sind. Ihr Ursprung vermutet man in Westasien-S\u00fcdeuropa. Berberis vulgaris ist ein bis 3 m hoher Strauch. Der sommergr\u00fcne Strauch geh\u00f6rt zu den Sauerdorngew\u00e4chsen (Berberidaceae). Die \u00c4ste sind mit dreiteiligen Dornen gut bewehrt und halten Fressfeinde wie Eindringlinge fern. Die feinen leicht gez\u00e4hnten Bl\u00e4tter sind kurz gestielt, wachsen in kleinen B\u00fcscheln und sind mit 2-6cm eher klein. Im Mai und Juni entwickeln sich die Bl\u00fcten von Berberis vulgaris aus den Achseln der Bl\u00e4tter, sie sind hellgelb und eher unscheinbar. Die roten, zahlreichen Fr\u00fcchte wachsen als h\u00e4ngende Trauben sie sind l\u00e4nglich und h\u00f6chstens 1cm lang.<\/p>\n<p>&nbsp;<\/p>\n<h3>Anwendung der Pflanze<\/h3>\n<p>Die stark gelbe Wurzelrinde von Berberis vulgaris wurde auch zum F\u00e4rben verwendet. Neueste Untersuchungen zeigen antipyretische, cholagoge und cholekinetische Wirkungen. Berberis vulgaris steigert als Urikosurika die Ausscheidung von Harns\u00e4ure. Auch eine tonisierende Wirkung auf die Darmmuskulatur sowie eine blutdrucksendende und ein Effekt auf die Schlagst\u00e4rke des Herzens konnte nachgewiesen werden. Das macht Berberis vulgaris zur wichtigen Komponente bei der Bek\u00e4mpfung von Zivilisationskrankheiten wie Obstipation, Gicht, Gallesteine und rheumatischen Beschwerden. Nicht nur Bakterien, Pilze und Am\u00f6ben werden durch Berberis vulgaris eliminiert, auch anderen Parasiten wird der Aufenthalt im menschlichen Organismus vermiest. Auch die Hom\u00f6opathie kennt Berberis vulgaris als Mittel bei Niereninfektionsst\u00f6rungen und Gallenleiden.<\/p>","protected":false},"excerpt":{"rendered":"<p>Vorkommen und Beschreibung Berberis vulgaris ist eine einheimische Pflanze die bei Geb\u00fcschen, Hecken und an felsigen Orten von der Ebene bis in die Alpen anzutreffen ist. In den G\u00e4rten wird die h\u00fcbsche Pflanze gerne gesehen, angebaut und bildet nah beieinander gepflanzt sehr dichte lebende H\u00e4ge die viel Privatsph\u00e4re im Garten versprechen. Es gibt verschiedene Z\u00fcchtungen [&hellip;]<\/p>\n","protected":false},"featured_media":976,"template":"","meta":{"_monsterinsights_skip_tracking":false,"_monsterinsights_sitenote_active":false,"_monsterinsights_sitenote_note":"","_monsterinsights_sitenote_category":0},"product_brand":[],"product_cat":[2119,27,25],"product_tag":[],"class_list":{"0":"post-930","1":"product","2":"type-product","3":"status-publish","4":"has-post-thumbnail","6":"product_cat-b2b","7":"product_cat-urtinkturen","8":"product_cat-wirkstoffe","10":"first","11":"instock","12":"shipping-taxable","13":"purchasable","14":"product-type-simple"},"_links":{"self":[{"href":"https:\/\/www.herbamed.ch\/fr\/wp-json\/wp\/v2\/product\/930","targetHints":{"allow":["GET"]}}],"collection":[{"href":"https:\/\/www.herbamed.ch\/fr\/wp-json\/wp\/v2\/product"}],"about":[{"href":"https:\/\/www.herbamed.ch\/fr\/wp-json\/wp\/v2\/types\/product"}],"wp:featuredmedia":[{"embeddable":true,"href":"https:\/\/www.herbamed.ch\/fr\/wp-json\/wp\/v2\/media\/976"}],"wp:attachment":[{"href":"https:\/\/www.herbamed.ch\/fr\/wp-json\/wp\/v2\/media?parent=930"}],"wp:term":[{"taxonomy":"product_brand","embeddable":true,"href":"https:\/\/www.herbamed.ch\/fr\/wp-json\/wp\/v2\/product_brand?post=930"},{"taxonomy":"product_cat","embeddable":true,"href":"https:\/\/www.herbamed.ch\/fr\/wp-json\/wp\/v2\/product_cat?post=930"},{"taxonomy":"product_tag","embeddable":true,"href":"https:\/\/www.herbamed.ch\/fr\/wp-json\/wp\/v2\/product_tag?post=930"}],"curies":[{"name":"wp","href":"https:\/\/api.w.org\/{rel}","templated":true}]}}