{"id":929,"date":"2021-08-23T09:04:29","date_gmt":"2021-08-23T07:04:29","guid":{"rendered":"http:\/\/new.herbamed.ch\/?post_type=product&#038;p=929"},"modified":"2022-01-12T09:31:43","modified_gmt":"2022-01-12T08:31:43","slug":"bellis-perennis-o","status":"publish","type":"product","link":"https:\/\/www.herbamed.ch\/fr\/produit-2\/bellis-perennis-o\/","title":{"rendered":"Bellis perennis \u00d8"},"content":{"rendered":"<h3>Vorkommen\u00a0 und Beschreibung<\/h3>\n<p>Bellis perennis das bei allen bekannte und besonders bei Kindern beliebte Wiesenbl\u00fcmlein ist mit 5-15cm eher klein. Die Bl\u00e4tter wachsen in einer grundst\u00e4ndigen Rosette, der St\u00e4ngel ist blattlos und eink\u00f6pfig. Die kleinen Bl\u00fctenk\u00f6pfe werden h\u00f6chstens 3cm im Durchmesser. Als Korbbl\u00fctler (Asteraceae) besteht die Bl\u00fcte von Bellis perennis aus gelben R\u00f6hrenbl\u00fcten und weissen Zungenbl\u00fcten die aussen oft r\u00f6tlich gef\u00e4rbt sind. Als ausgesprochene Wiesenblume bev\u00f6lkert sie kurz gehaltene Rasen und Weiden. In Zeiten vor der Erfindung des Rasenm\u00e4hers war Bellis perennis eine typische Pflanze der G\u00e4nseweiden woher auch ihr Name stammt. Dank dem Rasenm\u00e4her ist Bellis perennis heute weit verbreitet und sehr h\u00e4ufig. Schon kurz nach dem Schnitt entwickeln sich die neuen Knospen aus der Blattrosette in sehr kurzer Zeit zu neuen Bl\u00fcten. Bellis perennis ist ausgesprochen bl\u00fchfreudig und Bl\u00fcht fast das ganze Jahr Abgesehen von der Zeit in der eine Schneedecke auf den Wiesen liegt. Bei Regen, aber auch Nachts wenn der Tau liegt schliesst Bellis perennis die Bl\u00fctenk\u00f6pfchen und \u00f6ffnet sie erst wieder bei trockenen Wetter. Die zarten Bl\u00fcten und die eher kleine Wuchsform t\u00e4uschen oft \u00fcber die Robustheit von Bellis perennis hinweg. Es handelt sich um eine mehrj\u00e4hrige krautige Pflanze. Bellis perennis vertr\u00e4gt es auch wenn sie getreten wird, sofort stellt sie sich wieder auf und strahlt als w\u00e4r nichts geschehen.<\/p>\n<p>&nbsp;<\/p>\n<h3>Anwendung der Pflanze<\/h3>\n<p>Bellis perennis wird schon im 16. Jhd. bei Fuchs und Lonicerus schriftlich erw\u00e4hnt, hatte aber schon immer einen sehr hohen Stellenwert in der Volksmedizin. Aus alter Zeit ist die Verwendung von Bellis perennis als sehr breit einzusetzendes Mittel bei Erkrankungen der Atemwege, Arthritis, Rheuma, Gicht, Magenweh, Verstopfung, Leber-, Nieren-, und Blasenbeschwerden, Verletzungen, Muskelfaserrissen, Hauterkrankungen, zu starker und schmerzhaften Menstruation bekannt. Heutzutage hat sich eine expektorierende, antiphlogistische, adstringierende und eine stoffwechselanregende Wirkung erh\u00e4rtet und zeigt, dass der hohe Stellenwert von Bellis perennis in der Volksmedizin gerechtfertigt ist. Einzig die abortive Wirkung die im 18. Jhd zu einer Verordnung f\u00fchrte um Bellis perennis auszurotten, kann nicht erh\u00e4rtet werden.<\/p>","protected":false},"excerpt":{"rendered":"<p>Bellis perennis das bei allen bekannte und besonders bei Kindern beliebte Wiesenbl\u00fcmlein ist mit 5-15cm eher klein. Die Bl\u00e4tter wachsen in einer grundst\u00e4ndigen Rosette, der St\u00e4ngel ist blattlos und eink\u00f6pfig. Die kleinen Bl\u00fctenk\u00f6pfe werden h\u00f6chstens 3cm im Durchmesser. Als Korbbl\u00fctler (Asteraceae) besteht die Bl\u00fcte von Bellis perennis aus gelben R\u00f6hrenbl\u00fcten und weissen Zungenbl\u00fcten die aussen oft r\u00f6tlich gef\u00e4rbt sind.<\/p>","protected":false},"featured_media":975,"template":"","meta":{"_monsterinsights_skip_tracking":false,"_monsterinsights_sitenote_active":false,"_monsterinsights_sitenote_note":"","_monsterinsights_sitenote_category":0},"product_brand":[],"product_cat":[2119,27,25],"product_tag":[],"class_list":{"0":"post-929","1":"product","2":"type-product","3":"status-publish","4":"has-post-thumbnail","6":"product_cat-b2b","7":"product_cat-urtinkturen","8":"product_cat-wirkstoffe","10":"first","11":"instock","12":"shipping-taxable","13":"purchasable","14":"product-type-simple"},"_links":{"self":[{"href":"https:\/\/www.herbamed.ch\/fr\/wp-json\/wp\/v2\/product\/929","targetHints":{"allow":["GET"]}}],"collection":[{"href":"https:\/\/www.herbamed.ch\/fr\/wp-json\/wp\/v2\/product"}],"about":[{"href":"https:\/\/www.herbamed.ch\/fr\/wp-json\/wp\/v2\/types\/product"}],"wp:featuredmedia":[{"embeddable":true,"href":"https:\/\/www.herbamed.ch\/fr\/wp-json\/wp\/v2\/media\/975"}],"wp:attachment":[{"href":"https:\/\/www.herbamed.ch\/fr\/wp-json\/wp\/v2\/media?parent=929"}],"wp:term":[{"taxonomy":"product_brand","embeddable":true,"href":"https:\/\/www.herbamed.ch\/fr\/wp-json\/wp\/v2\/product_brand?post=929"},{"taxonomy":"product_cat","embeddable":true,"href":"https:\/\/www.herbamed.ch\/fr\/wp-json\/wp\/v2\/product_cat?post=929"},{"taxonomy":"product_tag","embeddable":true,"href":"https:\/\/www.herbamed.ch\/fr\/wp-json\/wp\/v2\/product_tag?post=929"}],"curies":[{"name":"wp","href":"https:\/\/api.w.org\/{rel}","templated":true}]}}