{"id":926,"date":"2021-08-23T09:04:28","date_gmt":"2021-08-23T07:04:28","guid":{"rendered":"http:\/\/new.herbamed.ch\/?post_type=product&#038;p=926"},"modified":"2022-01-12T09:31:44","modified_gmt":"2022-01-12T08:31:44","slug":"baptisia-tinctoria-o","status":"publish","type":"product","link":"https:\/\/www.herbamed.ch\/fr\/produit-2\/baptisia-tinctoria-o\/","title":{"rendered":"Baptisia tinctoria \u00d8"},"content":{"rendered":"<h3>Vorkommen und Beschreibung<\/h3>\n<p>Bei Baptisia tinctoria handelt es sich um eine Pflanze, die in den \u00f6stlichen und nord\u00f6stlichen Staaten der USA und im s\u00fcdlichen Kanada heimisch ist. Es handelt sich um eine reich verzweigte Staude die bis 1m hoch wird. Wie viele Schmetterlingsbl\u00fctler (Fabaceae) sind auch die Bl\u00e4tter von Baptisia tinctoria dreiz\u00e4hlig. Die Bl\u00e4tter von Baptisia tinctoria wachsen an kahlen, gerieften St\u00e4ngeln wechselst\u00e4ndig. Die gelben Bl\u00fcten bilden lockere Trauben die von April bis Mai bl\u00fchen. Die medizinisch verwendete Wurzel ist im Vergleich zur Pflanzengr\u00f6sse eher kurz, fast holzig, aussen graubraun und innen gelblich gef\u00e4rbt. Baptisia tinctoria bevorzugt trockene, sandige und tonige B\u00f6den und ist eine typische Pflanze des Strassenrandes. Baptisia tinctoria wurde neben der Verwendung zu medizinischen Zwecken vor allem als F\u00e4rberpflanze genutzt. Aus dem Kraut von Baptisia tinctoria wurde ein indigofarbener Stoff und aus dem Holz ein roter Farbstoff gewonnen.<\/p>\n<p>&nbsp;<\/p>\n<h3>Anwendung der Pflanze<\/h3>\n<p>Die Wurzel von Baptisia tinctoria wird medizinisch schon lange von den nordamerikanischen Indianern genutzt. Bei den Indianern wurde die Pflanze als Mittel bei Schlangenbissen, sowie bei Infektionskrankheiten wie Scharlach, Anginen, Fieber, Typhus, Enteritiden und Gonorrh\u00f6 verwendet. Auch Geschw\u00fcre, offene und entz\u00fcndete Wunden wurden mit Umschl\u00e4gen aus Baptisia tinctoria behandlet. Heutige Untersuchen haben eine immunstimuliernde Wirkung postuliert was sich in einer Steigerung der Produktion verschiedener Stoffe die an der Immunreaktion beteiligt sind wie Phagozyten, Lymphozyten, Interferon und Interleukin. Daneben wirkt Baptisia tinctoria laxierend. Diese Kombination macht sie zu einer vorz\u00fcglichen Pflanze bei Erk\u00e4ltungskrankheiten, Infektanf\u00e4lligkeit im Allgemeinen und im Besonderen Infektionskrankheiten des oberen Respirationstrakt, aber auch bei Aphten, Stomatiden und Gingivitiden sowie entz\u00fcndlichen Hauterkrankungen zeigt Baptisia tinctoria seine Wirkung.<\/p>\n<p>&nbsp;<\/p>\n<h3>Quelle(n)<\/h3>\n<ul>\n<li>https:\/\/www.heilpflanzen-experten.de\/faerberhuelse.html<\/li>\n<\/ul>","protected":false},"excerpt":{"rendered":"<p>Bei Baptisia tinctoria handelt es sich um eine Pflanze, die in den \u00f6stlichen und nord\u00f6stlichen Staaten der USA und im s\u00fcdlichen Kanada heimisch ist. Es handelt sich um eine reich verzweigte Staude die bis 1m hoch wird. Wie viele Schmetterlingsbl\u00fctler (Fabaceae) sind auch die Bl\u00e4tter von Baptisia tinctoria dreiz\u00e4hlig.<\/p>","protected":false},"featured_media":955,"template":"","meta":{"_monsterinsights_skip_tracking":false,"_monsterinsights_sitenote_active":false,"_monsterinsights_sitenote_note":"","_monsterinsights_sitenote_category":0},"product_brand":[],"product_cat":[2119,27,25],"product_tag":[],"class_list":{"0":"post-926","1":"product","2":"type-product","3":"status-publish","4":"has-post-thumbnail","6":"product_cat-b2b","7":"product_cat-urtinkturen","8":"product_cat-wirkstoffe","10":"first","11":"instock","12":"shipping-taxable","13":"purchasable","14":"product-type-simple"},"_links":{"self":[{"href":"https:\/\/www.herbamed.ch\/fr\/wp-json\/wp\/v2\/product\/926","targetHints":{"allow":["GET"]}}],"collection":[{"href":"https:\/\/www.herbamed.ch\/fr\/wp-json\/wp\/v2\/product"}],"about":[{"href":"https:\/\/www.herbamed.ch\/fr\/wp-json\/wp\/v2\/types\/product"}],"wp:featuredmedia":[{"embeddable":true,"href":"https:\/\/www.herbamed.ch\/fr\/wp-json\/wp\/v2\/media\/955"}],"wp:attachment":[{"href":"https:\/\/www.herbamed.ch\/fr\/wp-json\/wp\/v2\/media?parent=926"}],"wp:term":[{"taxonomy":"product_brand","embeddable":true,"href":"https:\/\/www.herbamed.ch\/fr\/wp-json\/wp\/v2\/product_brand?post=926"},{"taxonomy":"product_cat","embeddable":true,"href":"https:\/\/www.herbamed.ch\/fr\/wp-json\/wp\/v2\/product_cat?post=926"},{"taxonomy":"product_tag","embeddable":true,"href":"https:\/\/www.herbamed.ch\/fr\/wp-json\/wp\/v2\/product_tag?post=926"}],"curies":[{"name":"wp","href":"https:\/\/api.w.org\/{rel}","templated":true}]}}