{"id":925,"date":"2021-08-23T09:04:28","date_gmt":"2021-08-23T07:04:28","guid":{"rendered":"http:\/\/new.herbamed.ch\/?post_type=product&#038;p=925"},"modified":"2022-01-12T09:31:44","modified_gmt":"2022-01-12T08:31:44","slug":"avena-sativa-o","status":"publish","type":"product","link":"https:\/\/www.herbamed.ch\/fr\/produit-2\/avena-sativa-o\/","title":{"rendered":"Avena sativa \u00d8"},"content":{"rendered":"<h3>Vorkommen und Beschreibung<\/h3>\n<p>Avena ist der Name des Kulturhafers bei den R\u00f6mern. In Deutschland war Avena sativa fr\u00fcher Hauptnahrungsmittel und wurde ab dem 16ten Jahrhundert zum Bier brauen verwendet.<\/p>\n<p>&nbsp;<\/p>\n<h3>Anwendung der Pflanze<\/h3>\n<p>Avena sativa wird eingesetzt bei Schw\u00e4chezust\u00e4nden, Ern\u00e4hrungsst\u00f6rungen und als Di\u00e4tetikum. Avena sativa dient jedoch auch hervorragend als Sedativum. Auch eine Kombination mit Valeriana officinalis ist hervorragend geeignet. \u00c4usserlich wirkt Avena sativa als Bad bei Rheuma, Gicht und anderen Stoffwechselst\u00f6rungen.<\/p>\n<p>&nbsp;<\/p>\n<h3>Quelle(n)<\/h3>\n<ul>\n<li>M. Pahlow: das grosse Buch der Heilpflanzen<\/li>\n<li>Karl Hiller: Lexikon der Arnzeipflanzen und Drogen<\/li>\n<\/ul>","protected":false},"excerpt":{"rendered":"<p>Avena ist der Name des Kulturhafers bei den R\u00f6mern. In Deutschland war Avena sativa fr\u00fcher Hauptnahrungsmittel und wurde ab dem 16ten Jahrhundert zum Bier brauen verwendet.<\/p>","protected":false},"featured_media":954,"template":"","meta":{"_monsterinsights_skip_tracking":false,"_monsterinsights_sitenote_active":false,"_monsterinsights_sitenote_note":"","_monsterinsights_sitenote_category":0},"product_brand":[],"product_cat":[2119,27,25],"product_tag":[],"class_list":{"0":"post-925","1":"product","2":"type-product","3":"status-publish","4":"has-post-thumbnail","6":"product_cat-b2b","7":"product_cat-urtinkturen","8":"product_cat-wirkstoffe","10":"first","11":"instock","12":"shipping-taxable","13":"purchasable","14":"product-type-simple"},"_links":{"self":[{"href":"https:\/\/www.herbamed.ch\/fr\/wp-json\/wp\/v2\/product\/925","targetHints":{"allow":["GET"]}}],"collection":[{"href":"https:\/\/www.herbamed.ch\/fr\/wp-json\/wp\/v2\/product"}],"about":[{"href":"https:\/\/www.herbamed.ch\/fr\/wp-json\/wp\/v2\/types\/product"}],"wp:featuredmedia":[{"embeddable":true,"href":"https:\/\/www.herbamed.ch\/fr\/wp-json\/wp\/v2\/media\/954"}],"wp:attachment":[{"href":"https:\/\/www.herbamed.ch\/fr\/wp-json\/wp\/v2\/media?parent=925"}],"wp:term":[{"taxonomy":"product_brand","embeddable":true,"href":"https:\/\/www.herbamed.ch\/fr\/wp-json\/wp\/v2\/product_brand?post=925"},{"taxonomy":"product_cat","embeddable":true,"href":"https:\/\/www.herbamed.ch\/fr\/wp-json\/wp\/v2\/product_cat?post=925"},{"taxonomy":"product_tag","embeddable":true,"href":"https:\/\/www.herbamed.ch\/fr\/wp-json\/wp\/v2\/product_tag?post=925"}],"curies":[{"name":"wp","href":"https:\/\/api.w.org\/{rel}","templated":true}]}}