{"id":923,"date":"2021-08-23T09:04:27","date_gmt":"2021-08-23T07:04:27","guid":{"rendered":"http:\/\/new.herbamed.ch\/?post_type=product&#038;p=923"},"modified":"2022-01-12T09:31:44","modified_gmt":"2022-01-12T08:31:44","slug":"aurum-chloratum-o-d1","status":"publish","type":"product","link":"https:\/\/www.herbamed.ch\/fr\/produit-2\/aurum-chloratum-o-d1\/","title":{"rendered":"Aurum chloratum \u00d8 = D1"},"content":{"rendered":"<h3>Vorkommen und Beschreibung<\/h3>\n<p>Als nat\u00fcrliche Ressource kommt Aurum chloratum das ein sehr selten vorkommendes Element ist, in der Erdkruste und auch im Meerwasser vor. In der Nahrung ist sowohl Gold, als auch Aurum Chloratum nicht anzutreffen.<\/p>\n<p>&nbsp;<\/p>\n<h3>Anwendung des Stoffes<\/h3>\n<p>Das Gold f\u00fcr die Frauenheilkunde- insbesondere Frauenleiden sollen ausgesprochen positiv auf Aurum Chloratum ansprechen, da der weibliche Organismus stark mit nat\u00fcrlichen Zyklen (z. B. dem Mondlauf) korrespondiert. Menstruationsst\u00f6rungen, PMS oder einen unregelm\u00e4\u00dfigen Monatszyklus z\u00e4hlen demnach ins Behandlungsspektrum von Aurum Chloratum. Unfruchtbarkeit, Zysten, Eierstockerkrankungen oder auch Geb\u00e4rmuttererkrankungen geh\u00f6ren ebenso wie Wechseljahr- und Schwangerschaftsbeschwerden zu den gyn\u00e4kologischen Krankheitssymptomen, welche gut mit Aurum chloratum behandelt werden k\u00f6nnen. Auch die urspr\u00fcnglichen Einsatzgebiete, Melancholie sprechen gut auf Aurum chloratum an.<\/p>\n<p>&nbsp;<\/p>\n<h3>Quelle(n)<\/h3>\n<ul>\n<li>Julius Mezger: gesichtete hom\u00f6opathische Arzneimittelehre<\/li>\n<li><a href=\"https:\/\/www.stoffwechsel-nahrung.de\/natronatum-mangel\/\"> https:\/\/www.stoffwechsel-nahrung.de\/natronatum-mangel\/<\/a><\/li>\n<\/ul>","protected":false},"excerpt":{"rendered":"<p>Vorkommen und Beschreibung Als nat\u00fcrliche Ressource kommt Aurum chloratum das ein sehr selten vorkommendes Element ist, in der Erdkruste und auch im Meerwasser vor. In der Nahrung ist sowohl Gold, als auch Aurum Chloratum nicht anzutreffen. &nbsp; Anwendung des Stoffes Das Gold f\u00fcr die Frauenheilkunde- insbesondere Frauenleiden sollen ausgesprochen positiv auf Aurum Chloratum ansprechen, da [&hellip;]<\/p>\n","protected":false},"featured_media":953,"template":"","meta":{"_monsterinsights_skip_tracking":false,"_monsterinsights_sitenote_active":false,"_monsterinsights_sitenote_note":"","_monsterinsights_sitenote_category":0},"product_brand":[],"product_cat":[2119,27,25],"product_tag":[],"class_list":{"0":"post-923","1":"product","2":"type-product","3":"status-publish","4":"has-post-thumbnail","6":"product_cat-b2b","7":"product_cat-urtinkturen","8":"product_cat-wirkstoffe","10":"first","11":"instock","12":"shipping-taxable","13":"purchasable","14":"product-type-simple"},"_links":{"self":[{"href":"https:\/\/www.herbamed.ch\/fr\/wp-json\/wp\/v2\/product\/923","targetHints":{"allow":["GET"]}}],"collection":[{"href":"https:\/\/www.herbamed.ch\/fr\/wp-json\/wp\/v2\/product"}],"about":[{"href":"https:\/\/www.herbamed.ch\/fr\/wp-json\/wp\/v2\/types\/product"}],"wp:featuredmedia":[{"embeddable":true,"href":"https:\/\/www.herbamed.ch\/fr\/wp-json\/wp\/v2\/media\/953"}],"wp:attachment":[{"href":"https:\/\/www.herbamed.ch\/fr\/wp-json\/wp\/v2\/media?parent=923"}],"wp:term":[{"taxonomy":"product_brand","embeddable":true,"href":"https:\/\/www.herbamed.ch\/fr\/wp-json\/wp\/v2\/product_brand?post=923"},{"taxonomy":"product_cat","embeddable":true,"href":"https:\/\/www.herbamed.ch\/fr\/wp-json\/wp\/v2\/product_cat?post=923"},{"taxonomy":"product_tag","embeddable":true,"href":"https:\/\/www.herbamed.ch\/fr\/wp-json\/wp\/v2\/product_tag?post=923"}],"curies":[{"name":"wp","href":"https:\/\/api.w.org\/{rel}","templated":true}]}}