{"id":904,"date":"2021-08-23T09:04:05","date_gmt":"2021-08-23T07:04:05","guid":{"rendered":"http:\/\/new.herbamed.ch\/?post_type=product&#038;p=904"},"modified":"2022-01-12T09:31:44","modified_gmt":"2022-01-12T08:31:44","slug":"aurantium-e-flavedine-o","status":"publish","type":"product","link":"https:\/\/www.herbamed.ch\/fr\/produit-2\/aurantium-e-flavedine-o\/","title":{"rendered":"Aurantium e flavedine \u00d8"},"content":{"rendered":"<h3>Vorkommen und Beschreibung<\/h3>\n<p>Bei der Urtinktur von Herbamed AG Aurantium e flavedine handelt es sich um die Schale der Frucht des S\u00fcssorangenbaumes der bis 10m hoch wird. Bei der S\u00fcssorange aus dem Aurantium e flavedine gemacht ist handelt es sich um eine Kreuzung von Mandarine (Citrus reticulata) und Pampelmuse (Citrus maxima) die sehr verschiedene Sorten wie Clementinen, Bitterorangen, Grapefruits, Pomelos, Satsumas und eben die S\u00fcssorangen hervorgebracht hat. Aurantium e flavedine geh\u00f6rt zur Familie der Rautengew\u00e4chse (Rutaceae). Die ersten, essbaren Zitruspflanzen stammen vermutlich aus den s\u00fcd\u00f6stlichen Ausl\u00e4ufern des Himalayas. Die S\u00fcssorange f\u00fcr Aurantium e flavedine ist erst relativ sp\u00e4t, im 15. Jhd. \u00fcber Protugal nach Europa gekommen. Orangen werden \u00fcberall in den gem\u00e4ssigten Zonen angebaut und ist die am h\u00e4ufigsten angebaute Zitrusfrucht der Welt. Der Baum von Aurantium e flavedine ist Immergr\u00fcn und die Fr\u00fcchte entwickeln sich auch ohne Fremdbest\u00e4ubung. Die Reifezeit ist je nach Region und Sorte unterschiedlich. F\u00fcr die Ausbildung der orangen Farbe der Fr\u00fcchte f\u00fcr Aurantium e flavedine braucht es Temperaturunterschiede zwischen Tag und Nacht. Aurantium e flavedine -die Schale ist zweigeteilt. Die orange Schicht das Exokarp oder Flavedo genannt mit den zahlreichen \u00d6ldr\u00fcsen und die innere weisse Schicht das Mesokarp oder Albedo.<\/p>\n<p>&nbsp;<\/p>\n<h3>Anwendung der Pflanze<\/h3>\n<p>Aurantium e flavedine enth\u00e4lt viel \u00e4therisches \u00d6l, Bitterstoffe, Carotinoide und Flavonoide. Wegen ihres aromatischen Geruches wird Aurantium e flavedine oft als Geschmackskorrigens eingesetzt. Besonders die Bitterstoffe machen Aurantium e flavedine zu einer gut geeigneten Geschmackskorrigens f\u00fcr Tinkturenmischungen die den Verdauungsapparat anregen sollen.<\/p>\n<p>&nbsp;<\/p>\n<h3>Quelle(n)<\/h3>\n<ul>\n<li><a href=\"https:\/\/de.wikipedia.org\/wiki\/Orange_(Frucht)\" target=\"_blank\" rel=\"noopener noreferrer\">https:\/\/de.wikipedia.org\/wiki\/Orange_(Frucht)<\/a><\/li>\n<li><a href=\"https:\/\/www.pharmawiki.ch\/wiki\/index.php?wiki=Orange\" target=\"_blank\" rel=\"noopener noreferrer\">https:\/\/www.pharmawiki.ch\/wiki\/index.php?wiki=Orange<\/a><\/li>\n<li><a href=\"https:\/\/de.wikipedia.org\/wiki\/Zitruspflanzen\" target=\"_blank\" rel=\"noopener noreferrer\">https:\/\/de.wikipedia.org\/wiki\/Zitruspflanzen<\/a><\/li>\n<\/ul>","protected":false},"excerpt":{"rendered":"<p>Bei der Urtinktur von Herbamed AG Aurantium e flavedine handelt es sich um die Schale der Frucht des S\u00fcssorangenbaumes der bis 10m hoch wird. Bei der S\u00fcssorange aus dem Aurantium e flavedine gemacht ist handelt es sich um eine Kreuzung von Mandarine (Citrus reticulata) und Pampelmuse (Citrus maxima) die sehr verschiedene Sorten wie Clementinen, Bitterorangen, Grapefruits, Pomelos, Satsumas und eben die S\u00fcssorangen hervorgebracht hat.<\/p>","protected":false},"featured_media":950,"template":"","meta":{"_monsterinsights_skip_tracking":false,"_monsterinsights_sitenote_active":false,"_monsterinsights_sitenote_note":"","_monsterinsights_sitenote_category":0},"product_brand":[],"product_cat":[2119,27,25],"product_tag":[],"class_list":{"0":"post-904","1":"product","2":"type-product","3":"status-publish","4":"has-post-thumbnail","6":"product_cat-b2b","7":"product_cat-urtinkturen","8":"product_cat-wirkstoffe","10":"first","11":"instock","12":"shipping-taxable","13":"purchasable","14":"product-type-simple"},"_links":{"self":[{"href":"https:\/\/www.herbamed.ch\/fr\/wp-json\/wp\/v2\/product\/904","targetHints":{"allow":["GET"]}}],"collection":[{"href":"https:\/\/www.herbamed.ch\/fr\/wp-json\/wp\/v2\/product"}],"about":[{"href":"https:\/\/www.herbamed.ch\/fr\/wp-json\/wp\/v2\/types\/product"}],"wp:featuredmedia":[{"embeddable":true,"href":"https:\/\/www.herbamed.ch\/fr\/wp-json\/wp\/v2\/media\/950"}],"wp:attachment":[{"href":"https:\/\/www.herbamed.ch\/fr\/wp-json\/wp\/v2\/media?parent=904"}],"wp:term":[{"taxonomy":"product_brand","embeddable":true,"href":"https:\/\/www.herbamed.ch\/fr\/wp-json\/wp\/v2\/product_brand?post=904"},{"taxonomy":"product_cat","embeddable":true,"href":"https:\/\/www.herbamed.ch\/fr\/wp-json\/wp\/v2\/product_cat?post=904"},{"taxonomy":"product_tag","embeddable":true,"href":"https:\/\/www.herbamed.ch\/fr\/wp-json\/wp\/v2\/product_tag?post=904"}],"curies":[{"name":"wp","href":"https:\/\/api.w.org\/{rel}","templated":true}]}}