{"id":902,"date":"2021-08-23T09:04:04","date_gmt":"2021-08-23T07:04:04","guid":{"rendered":"http:\/\/new.herbamed.ch\/?post_type=product&#038;p=902"},"modified":"2022-01-12T09:31:44","modified_gmt":"2022-01-12T08:31:44","slug":"atropa-bella-donna-o","status":"publish","type":"product","link":"https:\/\/www.herbamed.ch\/fr\/produit-2\/atropa-bella-donna-o\/","title":{"rendered":"Atropa bella-donna \u00d8"},"content":{"rendered":"<h3>Vorkommen und Beschreibung<\/h3>\n<p>Atropa bella-donna, urspr\u00fcnglich Eurasiatisch kommt heute Weltweit vor. Es handelt sich um ein Nachtschattengew\u00e4chs (Solanaceae) das sich in W\u00e4ldern und Waldschl\u00e4gen wohlf\u00fchlt, entsprechend zahlreich ist es in unseren W\u00e4ldern. Atropa bella-donna w\u00e4chst 50-150cm hoch und verzweigt sich zu einem stattlichen Busch dessen oberirdischen Teile im Winter absterben. Im Fr\u00fchling treiben aus den Wurzeln die neuen Triebe. Die Bl\u00e4tter sind ganzrandig und gestielt. Sie wachsen immer je ein grosses Blatt mit einem Kleinen zusammen, dazwischen entspringt je eine lang gestielte Bl\u00fcte. Die Bl\u00fctenkrone ist eng glockenf\u00f6rmig, mit kurzem f\u00fcnfteiligem zur\u00fcckgebogenem Rand. Innen ist die Bl\u00fcte von Atropa bella-donna gelbgr\u00fcn mit purpurnen Adern und wechselt dann gegen aussen zu braunviolett. Die Frucht ist kugelig und etwa kirschgross und schwarzgl\u00e4nzend. Speziell ist, dass die Pflanze Bl\u00fcten und Fr\u00fcchte gleichzeitig tr\u00e4gt. Alle Pflanzenteile sind sehr giftig. Atropa bella-donna soll im Mittelalter Hexen und Magiern als Zaubermittel gedient haben. Italienerinnen machten sich ihre pupillenerweiternde Wirkung zunutze und tr\u00e4ufelten sich Belladonna in die Augen um attraktiver auszusehen.<\/p>\n<p>&nbsp;<\/p>\n<h3>Anwendung der Pflanze<\/h3>\n<p>Atropa bella-donna ist in der Phytotherapie ein wichtiges Mittel bei Kr\u00e4mpfen, Entz\u00fcndungen, \u00dcbelkeit und Schwindel. Wegen seiner Giftigkeit ist es jedoch schwierig anzuwenden und die hom\u00f6opathische Anwendung wird bevorzugt. Leitsymptome sind st\u00fcrmisch einsetzende, entz\u00fcndliche Beschwerden wie akutes Fieber ohne Durst mit starren Augen und dampfender, brennender Hitze das K\u00f6rpers, Halsentz\u00fcndungen, trockener kitzeliger Husten, Ohrenschmerzen, Kopfschmerzen, Zahnungsbeschwerden, Brustentz\u00fcndung, Blasenentz\u00fcndungen, Fieber mit Halluzinationen. Alle Beschwerden sind begleitet von pochenden, h\u00e4mmernden oder pulsierenden Schmerzen, blasse Lippen und Mundschleimhaut, leuchtend rote Zunge, rotes, heisses Gesicht. Besser werden die Beschwerden von Atropa bella-donna durch W\u00e4rme, Zudecken, Aufsitzen oder Stehen und frische Luft. Schlechter werden die Beschwerden von Atropa bella-donna durch Bewegung, Ersch\u00fctterung, Ger\u00e4usche, Licht und Sonne, Liegen, Druck, K\u00e4lte.<\/p>","protected":false},"excerpt":{"rendered":"<p>Atropa bella-donna, urspr\u00fcnglich Eurasiatisch kommt heute Weltweit vor. Es handelt sich um ein Nachtschattengew\u00e4chs (Solanaceae) das sich in W\u00e4ldern und Waldschl\u00e4gen wohlf\u00fchlt, entsprechend zahlreich ist es in unseren W\u00e4ldern. Atropa bella-donna w\u00e4chst 50-150cm hoch und verzweigt sich zu einem stattlichen Busch dessen oberirdischen Teile im Winter absterben.<\/p>","protected":false},"featured_media":948,"template":"","meta":{"_monsterinsights_skip_tracking":false,"_monsterinsights_sitenote_active":false,"_monsterinsights_sitenote_note":"","_monsterinsights_sitenote_category":0},"product_brand":[],"product_cat":[2119,27,25],"product_tag":[],"class_list":{"0":"post-902","1":"product","2":"type-product","3":"status-publish","4":"has-post-thumbnail","6":"product_cat-b2b","7":"product_cat-urtinkturen","8":"product_cat-wirkstoffe","10":"first","11":"instock","12":"shipping-taxable","13":"purchasable","14":"product-type-simple"},"_links":{"self":[{"href":"https:\/\/www.herbamed.ch\/fr\/wp-json\/wp\/v2\/product\/902","targetHints":{"allow":["GET"]}}],"collection":[{"href":"https:\/\/www.herbamed.ch\/fr\/wp-json\/wp\/v2\/product"}],"about":[{"href":"https:\/\/www.herbamed.ch\/fr\/wp-json\/wp\/v2\/types\/product"}],"wp:featuredmedia":[{"embeddable":true,"href":"https:\/\/www.herbamed.ch\/fr\/wp-json\/wp\/v2\/media\/948"}],"wp:attachment":[{"href":"https:\/\/www.herbamed.ch\/fr\/wp-json\/wp\/v2\/media?parent=902"}],"wp:term":[{"taxonomy":"product_brand","embeddable":true,"href":"https:\/\/www.herbamed.ch\/fr\/wp-json\/wp\/v2\/product_brand?post=902"},{"taxonomy":"product_cat","embeddable":true,"href":"https:\/\/www.herbamed.ch\/fr\/wp-json\/wp\/v2\/product_cat?post=902"},{"taxonomy":"product_tag","embeddable":true,"href":"https:\/\/www.herbamed.ch\/fr\/wp-json\/wp\/v2\/product_tag?post=902"}],"curies":[{"name":"wp","href":"https:\/\/api.w.org\/{rel}","templated":true}]}}