{"id":901,"date":"2021-08-23T09:04:04","date_gmt":"2021-08-23T07:04:04","guid":{"rendered":"http:\/\/new.herbamed.ch\/?post_type=product&#038;p=901"},"modified":"2022-01-12T09:31:45","modified_gmt":"2022-01-12T08:31:45","slug":"astragalus-membranaceus-o-d1","status":"publish","type":"product","link":"https:\/\/www.herbamed.ch\/fr\/produit-2\/astragalus-membranaceus-o-d1\/","title":{"rendered":"Astragalus membranaceus \u00d8 = D1"},"content":{"rendered":"<h3>Vorkommen und Beschreibung<\/h3>\n<p>Aufgrund ihres Ursprungs in der Mongolei wird die Heilpflanze auch als Astragalus mongholicus bezeichnet. Die Pflanzengattung Astragalus ist bereits seit der Antike bekannt und umfasst \u00fcber 2.000 Arten. Sie geh\u00f6rt\u00a0 zu der Unterfamilie der Schmetterlingsbl\u00fctler aus der Familie der H\u00fclsenfr\u00fcchtler und wird h\u00e4ufig in der chinesischen Medizin\/ TCM angewendet. Die deutsche Bezeichnung verwirrt ein wenig- Tragantwurzel hat nichts mit dem Hilfsstoff Traganz zu tun.<\/p>\n<p>&nbsp;<\/p>\n<h3>Anwendung der Pflanze<\/h3>\n<p>Astragalus membranaceus wird vorwiegend in der chinesischen Medizin eingesetzt bei Kraftlosigkeit, Appetitlosigkeit, Durchfall und Diabetes mellitus. Dar\u00fcber hinaus werden oft positive Effekte auf die kardiovaskul\u00e4re Gesundheit und eine m\u00f6gliche entz\u00fcndungshemmende Wirkung untersucht. Heuschnupfen, Allergien und Asthma sind weitere Einsatzgebiete von Astragalus membranaceus.<\/p>\n<p>&nbsp;<\/p>\n<h3>Quelle(n)<\/h3>\n<ul>\n<li>Karl Hiller: Lexikon der Arnzeipflanzen und Drogen<\/li>\n<\/ul>","protected":false},"excerpt":{"rendered":"<p>Aufgrund ihres Ursprungs in der Mongolei wird die Heilpflanze auch als Astragalus mongholicus bezeichnet. Die Pflanzengattung Astragalus ist bereits seit der Antike bekannt und umfasst \u00fcber 2.000 Arten. Sie geh\u00f6rt\u00a0 zu der Unterfamilie der Schmetterlingsbl\u00fctler aus der Familie der H\u00fclsenfr\u00fcchtler und wird h\u00e4ufig in der chinesischen Medizin\/ TCM angewendet.<\/p>","protected":false},"featured_media":947,"template":"","meta":{"_monsterinsights_skip_tracking":false,"_monsterinsights_sitenote_active":false,"_monsterinsights_sitenote_note":"","_monsterinsights_sitenote_category":0},"product_brand":[],"product_cat":[2119,27,25],"product_tag":[],"class_list":{"0":"post-901","1":"product","2":"type-product","3":"status-publish","4":"has-post-thumbnail","6":"product_cat-b2b","7":"product_cat-urtinkturen","8":"product_cat-wirkstoffe","10":"first","11":"instock","12":"shipping-taxable","13":"purchasable","14":"product-type-simple"},"_links":{"self":[{"href":"https:\/\/www.herbamed.ch\/fr\/wp-json\/wp\/v2\/product\/901","targetHints":{"allow":["GET"]}}],"collection":[{"href":"https:\/\/www.herbamed.ch\/fr\/wp-json\/wp\/v2\/product"}],"about":[{"href":"https:\/\/www.herbamed.ch\/fr\/wp-json\/wp\/v2\/types\/product"}],"wp:featuredmedia":[{"embeddable":true,"href":"https:\/\/www.herbamed.ch\/fr\/wp-json\/wp\/v2\/media\/947"}],"wp:attachment":[{"href":"https:\/\/www.herbamed.ch\/fr\/wp-json\/wp\/v2\/media?parent=901"}],"wp:term":[{"taxonomy":"product_brand","embeddable":true,"href":"https:\/\/www.herbamed.ch\/fr\/wp-json\/wp\/v2\/product_brand?post=901"},{"taxonomy":"product_cat","embeddable":true,"href":"https:\/\/www.herbamed.ch\/fr\/wp-json\/wp\/v2\/product_cat?post=901"},{"taxonomy":"product_tag","embeddable":true,"href":"https:\/\/www.herbamed.ch\/fr\/wp-json\/wp\/v2\/product_tag?post=901"}],"curies":[{"name":"wp","href":"https:\/\/api.w.org\/{rel}","templated":true}]}}