{"id":898,"date":"2021-08-23T09:04:02","date_gmt":"2021-08-23T07:04:02","guid":{"rendered":"http:\/\/new.herbamed.ch\/?post_type=product&#038;p=898"},"modified":"2023-02-03T05:34:30","modified_gmt":"2023-02-03T04:34:30","slug":"aequalin-hypertonietropfen","status":"publish","type":"product","link":"https:\/\/www.herbamed.ch\/fr\/produit-2\/aequalin-hypertonietropfen\/","title":{"rendered":"Aequalin &#8211; Hypertonietropfen"},"content":{"rendered":"<p><strong>Aequalin <\/strong>ist ein Komplex von Urtinkturen mit folgenden Bestandteilen:<\/p>\n<ul>\n<li><strong>CRATAEGUS OXYACANTA (WEISSDORN): <\/strong>bewirkt eine Zunahme des Koronardurchflusses und der Myocard-Durchblutung. \u00dcber die Steigerung des Herzzeitvolumens nimmt die Herzleistung insgesamt zu (positiv inotrop). Dieser Effekt verhilft oft zu einer besseren Regulierung der Blutdruckverh\u00e4ltnisse. Der Weissdorn enth\u00e4lt eine Vielzahl unterschiedlicher Substanzen, die wohl zusammenwirken, um die einzigartige Wirkungsweise zu erzielen. Eine besonders wichtige Rolle spielen vermutlich die oligomeren Proanthocyanidine. Es kommt zu einer Regulierung des Herzrhythmus und damit Schutz f\u00fcr das Herz.<\/li>\n<li><strong>VISCUM ALBUM (MISTEL): <\/strong>besitzt einen vasodilatorischen Effekt und verbessert vor allem die Begleitsymptomatik der Hypertonie (Schwindel, Kopfdruck, Reizbarkeit), wirkt gegen Zusammenschn\u00fcrungsgef\u00fchl in der Brust und innerer Unruhe.<\/li>\n<li><strong>OLEA EUROPAEA (OLIVE): <\/strong>unterst\u00fctzt die Wirkung \u00fcber eine periphere Gef\u00e4sserweiterung und verbessert den Fluss des Blutes. Positiver Effekt auf den Fettstoffwechsel und das Herzkreislaufsystem. Entz\u00fcndungshemmende und antioxidative Wirkung durch den Wirkstoff Oleocanthal.<\/li>\n<\/ul>\n<h3>Composition<\/h3>\n<p>1 ml enth\u00e4lt\/contains: Crataegus \u00d8 0.5 ml, Viscum album \u00d8 0.3 ml, Oliva \u00d8 0.2 ml<\/p>\n<h3>Domaines d'application<\/h3>\n<p>Arterielle Hypertonie, Kopfdruck-und Schwindelbeschwerden des nerv\u00f6sen Hypertonikers.<\/p>\n<h3>Dosage<\/h3>\n<p>2 mal t\u00e4glich 30 Tropfen.<\/p>\n<h3>Effets secondaires<\/h3>\n<p>Aucun connu<\/p>","protected":false},"excerpt":{"rendered":"<p><strong>Aequalin <\/strong>ist ein Komplex von Urtinkturen mit folgenden Bestandteilen:<\/p>\n<ul>\n<li><strong>CRATAEGUS OXYACANTA (WEISSDORN): <\/strong>bewirkt eine Zunahme des Koronardurchflusses und der Myocard-Durchblutung. \u00dcber die Steigerung des Herzzeitvolumens nimmt die Herzleistung insgesamt zu (positiv inotrop). Dieser Effekt verhilft oft zu einer besseren Regulierung der Blutdruckverh\u00e4ltnisse. Der Weissdorn enth\u00e4lt eine Vielzahl unterschiedlicher Substanzen, die wohl zusammenwirken, um die einzigartige Wirkungsweise zu erzielen. Eine besonders wichtige Rolle spielen vermutlich die oligomeren Proanthocyanidine. Es kommt zu einer Regulierung des Herzrhythmus und damit Schutz f\u00fcr das Herz.<\/li>\n<li><strong>VISCUM ALBUM (MISTEL): <\/strong>besitzt einen vasodilatorischen Effekt und verbessert vor allem die Begleitsymptomatik der Hypertonie (Schwindel, Kopfdruck, Reizbarkeit), wirkt gegen Zusammenschn\u00fcrungsgef\u00fchl in der Brust und innerer Unruhe.<\/li>\n<li><strong>OLEA EUROPAEA (OLIVE): <\/strong>unterst\u00fctzt die Wirkung \u00fcber eine periphere Gef\u00e4sserweiterung und verbessert den Fluss des Blutes. Positiver Effekt auf den Fettstoffwechsel und das Herzkreislaufsystem. Entz\u00fcndungshemmende und antioxidative Wirkung durch den Wirkstoff Oleocanthal.<\/li>\n<\/ul>","protected":false},"featured_media":944,"template":"","meta":{"_monsterinsights_skip_tracking":false,"_monsterinsights_sitenote_active":false,"_monsterinsights_sitenote_note":"","_monsterinsights_sitenote_category":0},"product_brand":[],"product_cat":[19,2119,21],"product_tag":[],"class_list":{"0":"post-898","1":"product","2":"type-product","3":"status-publish","4":"has-post-thumbnail","6":"product_cat-arzneimittel","7":"product_cat-b2b","8":"product_cat-pflanzlich","10":"first","11":"instock","12":"shipping-taxable","13":"purchasable","14":"product-type-simple"},"_links":{"self":[{"href":"https:\/\/www.herbamed.ch\/fr\/wp-json\/wp\/v2\/product\/898","targetHints":{"allow":["GET"]}}],"collection":[{"href":"https:\/\/www.herbamed.ch\/fr\/wp-json\/wp\/v2\/product"}],"about":[{"href":"https:\/\/www.herbamed.ch\/fr\/wp-json\/wp\/v2\/types\/product"}],"wp:featuredmedia":[{"embeddable":true,"href":"https:\/\/www.herbamed.ch\/fr\/wp-json\/wp\/v2\/media\/944"}],"wp:attachment":[{"href":"https:\/\/www.herbamed.ch\/fr\/wp-json\/wp\/v2\/media?parent=898"}],"wp:term":[{"taxonomy":"product_brand","embeddable":true,"href":"https:\/\/www.herbamed.ch\/fr\/wp-json\/wp\/v2\/product_brand?post=898"},{"taxonomy":"product_cat","embeddable":true,"href":"https:\/\/www.herbamed.ch\/fr\/wp-json\/wp\/v2\/product_cat?post=898"},{"taxonomy":"product_tag","embeddable":true,"href":"https:\/\/www.herbamed.ch\/fr\/wp-json\/wp\/v2\/product_tag?post=898"}],"curies":[{"name":"wp","href":"https:\/\/api.w.org\/{rel}","templated":true}]}}