{"id":895,"date":"2021-08-23T09:04:02","date_gmt":"2021-08-23T07:04:02","guid":{"rendered":"http:\/\/new.herbamed.ch\/?post_type=product&#038;p=895"},"modified":"2022-01-12T09:31:45","modified_gmt":"2022-01-12T08:31:45","slug":"artemisia-cina-o-d1","status":"publish","type":"product","link":"https:\/\/www.herbamed.ch\/fr\/produit-2\/artemisia-cina-o-d1\/","title":{"rendered":"Artemisia cina \u00d8 = D1"},"content":{"rendered":"<h3>Vorkommen und Beschreibung<\/h3>\n<p>Es handelt sich bei Artemisia Cina um den Wurmsamen, eine in Ru\u00dfland, der Mongolei und ganz Osteuropa verbreitete Pflanzenart. Die bodennah wachsenden Artemisia-Pflanzen (immergr\u00fcner, ausdauernder Halbstrauch von 30-60cm H\u00f6he) tragen winzige, gelbe bis gr\u00fcne Bl\u00fcten, die Santonin enthalten, f\u00fcr die Hom\u00f6opathie ein wichtiger Wirkstoff mit gro\u00dfer Heilwirkung. Fr\u00fcher beliebtes Wurmmittel- heute zur Gewinnung des wurmwirkenden Santonin.<\/p>\n<p>&nbsp;<\/p>\n<h3>Anwendung der Pflanze<\/h3>\n<p>Es handelt sich bei Artemisia Cina um den Wurmsamen, eine in Ru\u00dfland, der Mongolei und ganz Osteuropa verbreitete Pflanzenart. Die bodennah wachsenden Artemisia-Pflanzen (immergr\u00fcner, ausdauernder Halbstrauch von 30-60cm H\u00f6he) tragen winzige, gelbe bis gr\u00fcne Bl\u00fcten, die Santonin enthalten, f\u00fcr die Hom\u00f6opathie ein wichtiger Wirkstoff mit gro\u00dfer Heilwirkung. Fr\u00fcher beliebtes Wurmmittel- heute zur Gewinnung des wurmwirkenden Santonin.<\/p>\n<p>&nbsp;<\/p>\n<h3>Quelle(n)<\/h3>\n<ul>\n<li>M. Pahlow: das grosse Buch der Heilpflanzen<\/li>\n<li><a href=\"http:\/\/www.homoeopathiewelt.com\/einzelmittel\/cina-artemisia-cina-wurmsamen-heilpflanze-zitwerwurzel\/\">http:\/\/www.homoeopathiewelt.com\/einzelmittel\/cina-artemisia-cina-wurmsamen-heilpflanze-zitwerwurzel\/<\/a><\/li>\n<\/ul>","protected":false},"excerpt":{"rendered":"<p>Vorkommen und Beschreibung Es handelt sich bei Artemisia Cina um den Wurmsamen, eine in Ru\u00dfland, der Mongolei und ganz Osteuropa verbreitete Pflanzenart. Die bodennah wachsenden Artemisia-Pflanzen (immergr\u00fcner, ausdauernder Halbstrauch von 30-60cm H\u00f6he) tragen winzige, gelbe bis gr\u00fcne Bl\u00fcten, die Santonin enthalten, f\u00fcr die Hom\u00f6opathie ein wichtiger Wirkstoff mit gro\u00dfer Heilwirkung. Fr\u00fcher beliebtes Wurmmittel- heute zur [&hellip;]<\/p>\n","protected":false},"featured_media":941,"template":"","meta":{"_monsterinsights_skip_tracking":false,"_monsterinsights_sitenote_active":false,"_monsterinsights_sitenote_note":"","_monsterinsights_sitenote_category":0},"product_brand":[],"product_cat":[2119,27,25],"product_tag":[],"class_list":{"0":"post-895","1":"product","2":"type-product","3":"status-publish","4":"has-post-thumbnail","6":"product_cat-b2b","7":"product_cat-urtinkturen","8":"product_cat-wirkstoffe","10":"first","11":"instock","12":"shipping-taxable","13":"purchasable","14":"product-type-simple"},"_links":{"self":[{"href":"https:\/\/www.herbamed.ch\/fr\/wp-json\/wp\/v2\/product\/895","targetHints":{"allow":["GET"]}}],"collection":[{"href":"https:\/\/www.herbamed.ch\/fr\/wp-json\/wp\/v2\/product"}],"about":[{"href":"https:\/\/www.herbamed.ch\/fr\/wp-json\/wp\/v2\/types\/product"}],"wp:featuredmedia":[{"embeddable":true,"href":"https:\/\/www.herbamed.ch\/fr\/wp-json\/wp\/v2\/media\/941"}],"wp:attachment":[{"href":"https:\/\/www.herbamed.ch\/fr\/wp-json\/wp\/v2\/media?parent=895"}],"wp:term":[{"taxonomy":"product_brand","embeddable":true,"href":"https:\/\/www.herbamed.ch\/fr\/wp-json\/wp\/v2\/product_brand?post=895"},{"taxonomy":"product_cat","embeddable":true,"href":"https:\/\/www.herbamed.ch\/fr\/wp-json\/wp\/v2\/product_cat?post=895"},{"taxonomy":"product_tag","embeddable":true,"href":"https:\/\/www.herbamed.ch\/fr\/wp-json\/wp\/v2\/product_tag?post=895"}],"curies":[{"name":"wp","href":"https:\/\/api.w.org\/{rel}","templated":true}]}}