{"id":893,"date":"2021-08-23T09:04:01","date_gmt":"2021-08-23T07:04:01","guid":{"rendered":"http:\/\/new.herbamed.ch\/?post_type=product&#038;p=893"},"modified":"2022-01-12T09:31:46","modified_gmt":"2022-01-12T08:31:46","slug":"artemisia-abrotanum-o","status":"publish","type":"product","link":"https:\/\/www.herbamed.ch\/fr\/produit-2\/artemisia-abrotanum-o\/","title":{"rendered":"Artemisia abrotanum \u00d8"},"content":{"rendered":"<h3>Vorkommen und Beschreibung<\/h3>\n<p>Artemisia abrotanum w\u00e4chst als alte Kulturpflanze weltweit und verwildert gelegentlich. Urspr\u00fcnglich stammt sie vermutlich aus dem osteurop\u00e4ischen-westasiatischen Raum. Ihr bevorzugter Lebensraum ist \u00d6dland an warmen Lagen. Artemisia abrotanum w\u00e4chst 40-120cm hoch. Die reichverzweigten St\u00e4ngel der mehrj\u00e4hrigen Pflanze sind unten verholzt. Die Bl\u00e4tter sind zweifach fiederschnittig und 3-8cm lang mit fadenf\u00f6rmigen Zipfeln. Die obersten Bl\u00e4tter sind meist ungeteilt. Die Bl\u00fctenk\u00f6pfe von Artemisia abrotanum sind zahlreich in einer dichten, auff\u00e4llig bebl\u00e4tterten Rispe. Die mit 2-4mm im Durchmesser eher kleinen Bl\u00fcten sind unscheinbar gelblich. Bei Artemisia abrotanum handelt es sich um einen Korbbl\u00fctler (Asteraceae) der nur R\u00f6hrenbl\u00fcten tr\u00e4gt. Die Bl\u00fctezeit ist eher sp\u00e4t ab August bis Oktober. Die ganze Pflanze riecht sehr speziell, aromatisch. Artemisia abrotanum ist eine unter vielen Heil- und Gew\u00fcrzpflanzen die die Gattung Artemisia hervorbringt. Es gibt zwei bekannte Z\u00fcchtungen von Artemisia abrotanum. Die Eine riecht zitronenartige und die Andere ist stark bitter und riecht eher kampferartig. Nur letztere wird zu medizinischen Zwecken verwendet.<\/p>\n<p>&nbsp;<\/p>\n<h3>Anwendung der Pflanze<\/h3>\n<p>Bei Artemisia abrotanum handelt es sich um eine sehr alte Heilpflanze die in der Volksheilkunde wie in der Medizin zu allen Zeit popul\u00e4r war. Zum ersten Mal wird sie von Hippokrates erw\u00e4hnt. Artemisia abrotanum wird als mildes Emmenagogum, zur Reinigung des Uterus wie auch zur Beschleunigung der Geburt sowie bei krampfartigen Schmerzen w\u00e4hrend der Menstruation empfohlen. Eine magenst\u00e4rkende und verdauungsf\u00f6rdernde Wirkung wird von vielen Autoren bescheinigt. Die aromatischen Bitterstoffe von Artemisia abrotanum tonisieren die Verdauungsorgane und regen die Produktion von Verdauungss\u00e4ften in allen beteiligten Dr\u00fcsen an. Besonders auch bei Magenbeschwerden, Sodbrennen bis zu Ulkus-Problematiken wird von guten Erfolgen bei der Behandlung mit Artemisia abrotanum berichtet. Bei Diarrhoe wie auch bei Obstipation hilft Artemisia abrotanum als ausgleichende Pflanze. Zudem wird immer wieder die gute Wirksamkeit bei Atembeschwerden und Husten geschildert. Auch als antiparasit\u00e4res Mittel wird Artemisia abrotanum immer wieder, besonders bei Wurmbefall empfohlen.<\/p>\n<p>&nbsp;<\/p>\n<h3>Quelle(n)<\/h3>\n<p>https:\/\/www.henriettes-herb.com\/eclectic\/madaus\/abrotanum.html<\/p>","protected":false},"excerpt":{"rendered":"<p>Artemisia abrotanum w\u00e4chst als alte Kulturpflanze weltweit und verwildert gelegentlich. Urspr\u00fcnglich stammt sie vermutlich aus dem osteurop\u00e4ischen-westasiatischen Raum. Ihr bevorzugter Lebensraum ist \u00d6dland an warmen Lagen. Artemisia abrotanum w\u00e4chst 40-120 cm hoch. Die reichverzweigten St\u00e4ngel der mehrj\u00e4hrigen Pflanze sind unten verholzt.<\/p>","protected":false},"featured_media":921,"template":"","meta":{"_monsterinsights_skip_tracking":false,"_monsterinsights_sitenote_active":false,"_monsterinsights_sitenote_note":"","_monsterinsights_sitenote_category":0},"product_brand":[],"product_cat":[2119,27,25],"product_tag":[],"class_list":{"0":"post-893","1":"product","2":"type-product","3":"status-publish","4":"has-post-thumbnail","6":"product_cat-b2b","7":"product_cat-urtinkturen","8":"product_cat-wirkstoffe","10":"first","11":"instock","12":"shipping-taxable","13":"purchasable","14":"product-type-simple"},"_links":{"self":[{"href":"https:\/\/www.herbamed.ch\/fr\/wp-json\/wp\/v2\/product\/893","targetHints":{"allow":["GET"]}}],"collection":[{"href":"https:\/\/www.herbamed.ch\/fr\/wp-json\/wp\/v2\/product"}],"about":[{"href":"https:\/\/www.herbamed.ch\/fr\/wp-json\/wp\/v2\/types\/product"}],"wp:featuredmedia":[{"embeddable":true,"href":"https:\/\/www.herbamed.ch\/fr\/wp-json\/wp\/v2\/media\/921"}],"wp:attachment":[{"href":"https:\/\/www.herbamed.ch\/fr\/wp-json\/wp\/v2\/media?parent=893"}],"wp:term":[{"taxonomy":"product_brand","embeddable":true,"href":"https:\/\/www.herbamed.ch\/fr\/wp-json\/wp\/v2\/product_brand?post=893"},{"taxonomy":"product_cat","embeddable":true,"href":"https:\/\/www.herbamed.ch\/fr\/wp-json\/wp\/v2\/product_cat?post=893"},{"taxonomy":"product_tag","embeddable":true,"href":"https:\/\/www.herbamed.ch\/fr\/wp-json\/wp\/v2\/product_tag?post=893"}],"curies":[{"name":"wp","href":"https:\/\/api.w.org\/{rel}","templated":true}]}}