{"id":890,"date":"2021-08-23T09:04:00","date_gmt":"2021-08-23T07:04:00","guid":{"rendered":"http:\/\/new.herbamed.ch\/?post_type=product&#038;p=890"},"modified":"2022-01-12T09:31:46","modified_gmt":"2022-01-12T08:31:46","slug":"arnica-montana-e-floribus-o-d1","status":"publish","type":"product","link":"https:\/\/www.herbamed.ch\/fr\/produit-2\/arnica-montana-e-floribus-o-d1\/","title":{"rendered":"Arnica montana e floribus \u00d8 = D1"},"content":{"rendered":"<h3>Vorkommen und Beschreibung<\/h3>\n<p>Die Arnika montana war fr\u00fcher auch in Mittelgebirgen verbreitet. Inzwischen finden wir den Korbbl\u00fctler fast nur noch in unseren alpinen Regionen. An ihren dottergelben Bl\u00fctenk\u00f6pfen ist Arnica montana leicht zu erkennen. Die Bl\u00fctenk\u00f6pfe erscheinen immer etwas \u201ezerzaust\u201c, denn die zahlreichen Strahlenbl\u00fcten sind unregelm\u00e4\u00dfig ausgerichtet. Weitere typische Merkmale der Arnika sind ihre grundst\u00e4ndige Blattrosette und der behaarte St\u00e4ngel, der meist nur ein oder zwei Paar gegenst\u00e4ndiger Bl\u00e4tter tr\u00e4gt.<\/p>\n<p>&nbsp;<\/p>\n<h3>Anwendung der Pflanze<\/h3>\n<p>Zu Goethes Zeiten wurde Arnica montana bei den verschiedensten Beschwerden und Krankheiten eingesetzt, vielfach auch missbr\u00e4uchlich als Abortivum. Die Droge hat tats\u00e4chlich eine Wirkung auf den Uterus. Die Einnahme von Arnica montana-Zubereitungen kann weitere toxische Wirkungen haben, zum Beispiel auf das Herz. Die orale Verwendung ist daher phytotherapeutisch nicht mehr \u00fcblich. Bei der arzneilichen Verwendung spielen Tinkturen eine gro\u00dfe Rolle, da die Arnica montana-Wirkstoffe darin in hoher Konzentration enthalten sind. Au\u00dferdem dient In der Hom\u00f6opathie ist die Arnikapflanze ebenfalls ein klassisches \u201eVerletzungsmittel\u201c, das hier insbesondere innerlich zum Einsatz kommt. Es kann im Akutfall genommen werden, bei operativen Eingriffen auch schon im Vorfeld und im Anschluss. Au\u00dferdem dient Arnica montana als Mittel bei k\u00f6rperlicher \u00dcberanstrengung. Das klassische Hom\u00f6opathikum wird aus dem getrockneten und pulverisierten Arnika-Wurzelstock gewonnen.<\/p>\n<p>&nbsp;<\/p>\n<h3>Quelle(n)<\/h3>\n<ul>\n<li><a href=\"https:\/\/www.ptaheute.de\/beratung-service\/heimische-heilpflanzen-im-kurzportrait\/arnika-das-verletzungsmittel\/?L=0\" target=\"_blank\" rel=\"noopener noreferrer\">https:\/\/www.ptaheute.de\/beratung-service\/heimische-heilpflanzen-im-kurzportrait\/arnika-das-verletzungsmittel\/?L=0<\/a><\/li>\n<li>M. Pahlow: das grosse Buch der Heilpflanzen<\/li>\n<\/ul>","protected":false},"excerpt":{"rendered":"<p>Die Arnika montana war fr\u00fcher auch in Mittelgebirgen verbreitet. Inzwischen finden wir den Korbbl\u00fctler fast nur noch in unseren alpinen Regionen. An ihren dottergelben Bl\u00fctenk\u00f6pfen ist Arnica montana leicht zu erkennen.<\/p>","protected":false},"featured_media":920,"template":"","meta":{"_monsterinsights_skip_tracking":false,"_monsterinsights_sitenote_active":false,"_monsterinsights_sitenote_note":"","_monsterinsights_sitenote_category":0},"product_brand":[],"product_cat":[2119,27,25],"product_tag":[],"class_list":{"0":"post-890","1":"product","2":"type-product","3":"status-publish","4":"has-post-thumbnail","6":"product_cat-b2b","7":"product_cat-urtinkturen","8":"product_cat-wirkstoffe","10":"first","11":"instock","12":"shipping-taxable","13":"purchasable","14":"product-type-simple"},"_links":{"self":[{"href":"https:\/\/www.herbamed.ch\/fr\/wp-json\/wp\/v2\/product\/890","targetHints":{"allow":["GET"]}}],"collection":[{"href":"https:\/\/www.herbamed.ch\/fr\/wp-json\/wp\/v2\/product"}],"about":[{"href":"https:\/\/www.herbamed.ch\/fr\/wp-json\/wp\/v2\/types\/product"}],"wp:featuredmedia":[{"embeddable":true,"href":"https:\/\/www.herbamed.ch\/fr\/wp-json\/wp\/v2\/media\/920"}],"wp:attachment":[{"href":"https:\/\/www.herbamed.ch\/fr\/wp-json\/wp\/v2\/media?parent=890"}],"wp:term":[{"taxonomy":"product_brand","embeddable":true,"href":"https:\/\/www.herbamed.ch\/fr\/wp-json\/wp\/v2\/product_brand?post=890"},{"taxonomy":"product_cat","embeddable":true,"href":"https:\/\/www.herbamed.ch\/fr\/wp-json\/wp\/v2\/product_cat?post=890"},{"taxonomy":"product_tag","embeddable":true,"href":"https:\/\/www.herbamed.ch\/fr\/wp-json\/wp\/v2\/product_tag?post=890"}],"curies":[{"name":"wp","href":"https:\/\/api.w.org\/{rel}","templated":true}]}}