{"id":869,"date":"2021-08-23T09:03:38","date_gmt":"2021-08-23T07:03:38","guid":{"rendered":"http:\/\/new.herbamed.ch\/?post_type=product&#038;p=869"},"modified":"2022-01-12T09:31:46","modified_gmt":"2022-01-12T08:31:46","slug":"arctostaphylos-uva-ursi-o","status":"publish","type":"product","link":"https:\/\/www.herbamed.ch\/fr\/produit-2\/arctostaphylos-uva-ursi-o\/","title":{"rendered":"Arctostaphylos uva-ursi \u00d8"},"content":{"rendered":"<h3>Vorkommen und Beschreibung<\/h3>\n<p>Arctostaphylos uva ursi hei\u00dft mit deutschem Namen B\u00e4rentraube und ist als Heilpflanze bereits seit dem 13. Jahrhundert bekannt. Arctostaphylos uva ursi ist ein mehrj\u00e4hriger Strauch 10-20 cm hoch, w\u00e4chst fl\u00e4chig, Bl\u00e4tter immergr\u00fcn, dick, ledrig, verkehrt eif\u00f6rmig, gegenst\u00e4ndig, oben deutliche Netzaderung, kleine wei\u00dfe glockenf\u00f6rmige, endst\u00e4ndige Bl\u00fcten mit 5 zahnigem Ring, kugelrunde rote 5-kernige Beeren. Das hom\u00f6opathische Mittel wird haupts\u00e4chlich aus den Bl\u00e4ttern der Arctostaphylos uva ursi zur Tragezeit der Beeren hergestellt. Die Erntezeit liegt im Herbst.<\/p>\n<p>&nbsp;<\/p>\n<h3>Anwendung der Pflanze<\/h3>\n<p>Zur Anwendung kommt Arctostaphylos uva ursi bei bakteriellen Infektionen, vor allem im Bereich des Harnsystems: entz\u00fcndliche Erkrankungen der ableitenden Harnwege, Zystitis, Nierenentz\u00fcndung, Albuminurie, H\u00e4maturie, h\u00e4ufiges schmerzhaftes Urinieren, Nierengriess, Nierensteine, Glomerulonephritis. Maximale Anwendungsdauer 1- 1.5 Wochen.<\/p>\n<p>&nbsp;<\/p>\n<h3>Quelle(n)<\/h3>\n<ul>\n<li><a href=\"https:\/\/www.globuli.de\/einzelmittel\/globuli-von-t-bis-z\/uva-ursi\" target=\"_blank\" rel=\"noopener noreferrer\">https:\/\/www.globuli.de\/einzelmittel\/globuli-von-t-bis-z\/uva-ursi<\/a><\/li>\n<li><a href=\"https:\/\/www.naturheilkunde-berlin.eu\/baerentraube_uva-ursi\/\" target=\"_blank\" rel=\"noopener noreferrer\"> https:\/\/www.naturheilkunde-berlin.eu\/baerentraube_uva-ursi\/<\/a><\/li>\n<\/ul>","protected":false},"excerpt":{"rendered":"<p>Arctostaphylos uva ursi hei\u00dft mit deutschem Namen B\u00e4rentraube und ist als Heilpflanze bereits seit dem 13. Jahrhundert bekannt. Arctostaphylos uva ursi ist ein mehrj\u00e4hriger Strauch 10-20 cm hoch, w\u00e4chst fl\u00e4chig, Bl\u00e4tter immergr\u00fcn, dick, ledrig, verkehrt eif\u00f6rmig, gegenst\u00e4ndig, oben deutliche Netzaderung, kleine wei\u00dfe glockenf\u00f6rmige, endst\u00e4ndige Bl\u00fcten mit 5 zahnigem Ring, kugelrunde rote 5-kernige Beeren.<\/p>","protected":false},"featured_media":915,"template":"","meta":{"_monsterinsights_skip_tracking":false,"_monsterinsights_sitenote_active":false,"_monsterinsights_sitenote_note":"","_monsterinsights_sitenote_category":0},"product_brand":[],"product_cat":[2119,27,25],"product_tag":[],"class_list":{"0":"post-869","1":"product","2":"type-product","3":"status-publish","4":"has-post-thumbnail","6":"product_cat-b2b","7":"product_cat-urtinkturen","8":"product_cat-wirkstoffe","10":"first","11":"instock","12":"shipping-taxable","13":"purchasable","14":"product-type-simple"},"_links":{"self":[{"href":"https:\/\/www.herbamed.ch\/fr\/wp-json\/wp\/v2\/product\/869","targetHints":{"allow":["GET"]}}],"collection":[{"href":"https:\/\/www.herbamed.ch\/fr\/wp-json\/wp\/v2\/product"}],"about":[{"href":"https:\/\/www.herbamed.ch\/fr\/wp-json\/wp\/v2\/types\/product"}],"wp:featuredmedia":[{"embeddable":true,"href":"https:\/\/www.herbamed.ch\/fr\/wp-json\/wp\/v2\/media\/915"}],"wp:attachment":[{"href":"https:\/\/www.herbamed.ch\/fr\/wp-json\/wp\/v2\/media?parent=869"}],"wp:term":[{"taxonomy":"product_brand","embeddable":true,"href":"https:\/\/www.herbamed.ch\/fr\/wp-json\/wp\/v2\/product_brand?post=869"},{"taxonomy":"product_cat","embeddable":true,"href":"https:\/\/www.herbamed.ch\/fr\/wp-json\/wp\/v2\/product_cat?post=869"},{"taxonomy":"product_tag","embeddable":true,"href":"https:\/\/www.herbamed.ch\/fr\/wp-json\/wp\/v2\/product_tag?post=869"}],"curies":[{"name":"wp","href":"https:\/\/api.w.org\/{rel}","templated":true}]}}