{"id":855,"date":"2021-08-23T09:03:34","date_gmt":"2021-08-23T07:03:34","guid":{"rendered":"http:\/\/new.herbamed.ch\/?post_type=product&#038;p=855"},"modified":"2022-01-12T09:31:48","modified_gmt":"2022-01-12T08:31:48","slug":"althaea-officinalis-o","status":"publish","type":"product","link":"https:\/\/www.herbamed.ch\/fr\/produit-2\/althaea-officinalis-o\/","title":{"rendered":"Althaea officinalis \u00d8"},"content":{"rendered":"<h3>Vorkommen und Beschreibung<\/h3>\n<p>Althaea officinalis stammt vermutlich aus den Region zwischen dem kaspischen Meer und dem \u00f6stlichen Mittelmeer. Es handelt sich um ein mehrj\u00e4hriges Malvengew\u00e4chs (Malvaceae). Althaea officinalis wird schon von Theophrastus ca. 300 v.Chr. erw\u00e4hnt und wird entsprechend lange schon kultiviert und verwildert gelegentlich. Zu allen Zeiten wurde Althaea officinalis als Heilpflanze gesch\u00e4tzt und fehlt in keinem Buch \u00fcber Arzneipflanzen. Althaea officinalis w\u00e4chst bis 150cm hoch, meist unverzweigt. Aus dem Wurzelstock wachsen mehrere St\u00e4ngel was Althaea officinalis ein buschartiges Aussehen verleihen kann. Die ganze Pflanze ist samtig-filzig behaart das gibt der Pflanze ein silbrig-weisses Aussehen. Die Bl\u00e4tter sind im Umriss 3-5-eckig mit spitzigen Lappen, mehr oder weniger ungeteilt daf\u00fcr unregelm\u00e4ssig gezahnt. Die zahlreichen, weissen bis blassrosa Bl\u00fcten befinden sich kurz gestielt in den Blattwinkeln. Die Bl\u00fcten sind mit 1.5 \u2013 2.5cm eher gross. Sie werden vorwiegend von Bienen best\u00e4ubt und sind auch von den Imkern gerngesehen und kultiviert. Die Frucht bildet \u00e4hnlich wie die der Malve ein 5-8mm im Durchmesser grosses K\u00e4selaibchen.<\/p>\n<p>&nbsp;<\/p>\n<h3>Anwendung der Pflanze<\/h3>\n<p>Althaea officinalis besitzt bis zu 30%! Schleimstoffe die relativ gut vom Darm resorbiert werden k\u00f6nnen und darum eine sehr hohe Verf\u00fcgbarkeit haben. Durch die Schleimstoffe von Althaea officinalis wird eine Steigerung der Phagozytose erwirkt. Die Schleimablagerung des respiratorischen Epithels wird gehemmt, ausserdem ergeben sich antiinflammatorische Wirkungen durch die Hemmung des Komplementsystems und hypoglyk\u00e4mischen Eigenschaften. Althaea officinalis wird vorwiegend bei trockenem Husten eingesetzt und ist auch bei leichten Entz\u00fcndungen der Magenschleimhaut, bis zum peptischen Ulkus einsetzbar. \u00c4usserlich bei Verletzungen und Verbrennungen der Haut hat sich ein Umschlag mit den sch\u00fctzenden Schleimstoffen der Althaea officinalis bew\u00e4hrt. Als ziehendes Mittel werden heisse Umschl\u00e4ge bei Furunkeln, Karbunkeln, Panaritien, Gersten- und Hagelk\u00f6rner und \u00e4hnlichen Krankheiten empfohlen.<\/p>","protected":false},"excerpt":{"rendered":"<p>Althaea officinalis stammt vermutlich aus den Region zwischen dem kaspischen Meer und dem \u00f6stlichen Mittelmeer. Es handelt sich um ein mehrj\u00e4hriges Malvengew\u00e4chs (Malvaceae). Althaea officinalis wird schon von Theophrastus ca. 300 v.Chr. erw\u00e4hnt und wird entsprechend lange schon kultiviert und verwildert gelegentlich.<\/p>","protected":false},"featured_media":885,"template":"","meta":{"_monsterinsights_skip_tracking":false,"_monsterinsights_sitenote_active":false,"_monsterinsights_sitenote_note":"","_monsterinsights_sitenote_category":0},"product_brand":[],"product_cat":[2119,27,25],"product_tag":[],"class_list":{"0":"post-855","1":"product","2":"type-product","3":"status-publish","4":"has-post-thumbnail","6":"product_cat-b2b","7":"product_cat-urtinkturen","8":"product_cat-wirkstoffe","10":"first","11":"instock","12":"shipping-taxable","13":"purchasable","14":"product-type-simple"},"_links":{"self":[{"href":"https:\/\/www.herbamed.ch\/fr\/wp-json\/wp\/v2\/product\/855","targetHints":{"allow":["GET"]}}],"collection":[{"href":"https:\/\/www.herbamed.ch\/fr\/wp-json\/wp\/v2\/product"}],"about":[{"href":"https:\/\/www.herbamed.ch\/fr\/wp-json\/wp\/v2\/types\/product"}],"wp:featuredmedia":[{"embeddable":true,"href":"https:\/\/www.herbamed.ch\/fr\/wp-json\/wp\/v2\/media\/885"}],"wp:attachment":[{"href":"https:\/\/www.herbamed.ch\/fr\/wp-json\/wp\/v2\/media?parent=855"}],"wp:term":[{"taxonomy":"product_brand","embeddable":true,"href":"https:\/\/www.herbamed.ch\/fr\/wp-json\/wp\/v2\/product_brand?post=855"},{"taxonomy":"product_cat","embeddable":true,"href":"https:\/\/www.herbamed.ch\/fr\/wp-json\/wp\/v2\/product_cat?post=855"},{"taxonomy":"product_tag","embeddable":true,"href":"https:\/\/www.herbamed.ch\/fr\/wp-json\/wp\/v2\/product_tag?post=855"}],"curies":[{"name":"wp","href":"https:\/\/api.w.org\/{rel}","templated":true}]}}