{"id":788,"date":"2021-08-23T09:02:42","date_gmt":"2021-08-23T07:02:42","guid":{"rendered":"http:\/\/new.herbamed.ch\/?post_type=product&#038;p=788"},"modified":"2022-01-12T09:31:51","modified_gmt":"2022-01-12T08:31:51","slug":"cytisus-scoparius-o","status":"publish","type":"product","link":"https:\/\/www.herbamed.ch\/fr\/produit-2\/cytisus-scoparius-o\/","title":{"rendered":"Cytisus scoparius \u00d8"},"content":{"rendered":"<h3>Vorkommen und Beschreibung<\/h3>\n<p>Cystus scoparius ist ein winterkahler, auch sommerkahler Strauch, der Wuchsh\u00f6hen von ein bis zwei Meter erreicht. Cystus scoparius ist in Europa, Nordafrika und den Kanaren heimisch. Er mag es sandig und sonnig.<\/p>\n<p>&nbsp;<\/p>\n<h3>Traditionell Anwendung der Pflanze<\/h3>\n<p>Cystus scoparius findet Anwendung bei funktionellen Herz- Kreislaufst\u00f6rungen wie zb. Herzmuskelschw\u00e4che oder Herzinsuffizienz. Dies jedoch nur hom\u00f6opathisch da Cystus scoparius giftig ist!<\/p>\n<p>&nbsp;<\/p>\n<h3>Quelle(n)<\/h3>\n<ul>\n<li><a href=\"https:\/\/www.awl.ch\/heilpflanzen\/cytisus_scoparius\/besenginster.htm\" target=\"_blank\" rel=\"noopener noreferrer\">https:\/\/www.awl.ch\/heilpflanzen\/cytisus_scoparius\/besenginster.htm<\/a><\/li>\n<li>Karl Hiller: Lexikon der Arnzeipflanzen und Drogen<\/li>\n<\/ul>","protected":false},"excerpt":{"rendered":"<p>Cystus scoparius ist ein winterkahler, auch sommerkahler Strauch, der Wuchsh\u00f6hen von ein bis zwei Meter erreicht. Cystus scoparius ist in Europa, Nordafrika und den Kanaren heimisch. Er mag es sandig und sonnig.<\/p>","protected":false},"featured_media":837,"template":"","meta":{"_monsterinsights_skip_tracking":false,"_monsterinsights_sitenote_active":false,"_monsterinsights_sitenote_note":"","_monsterinsights_sitenote_category":0},"product_brand":[],"product_cat":[2119,27,25],"product_tag":[],"class_list":{"0":"post-788","1":"product","2":"type-product","3":"status-publish","4":"has-post-thumbnail","6":"product_cat-b2b","7":"product_cat-urtinkturen","8":"product_cat-wirkstoffe","10":"first","11":"instock","12":"shipping-taxable","13":"purchasable","14":"product-type-simple"},"_links":{"self":[{"href":"https:\/\/www.herbamed.ch\/fr\/wp-json\/wp\/v2\/product\/788","targetHints":{"allow":["GET"]}}],"collection":[{"href":"https:\/\/www.herbamed.ch\/fr\/wp-json\/wp\/v2\/product"}],"about":[{"href":"https:\/\/www.herbamed.ch\/fr\/wp-json\/wp\/v2\/types\/product"}],"wp:featuredmedia":[{"embeddable":true,"href":"https:\/\/www.herbamed.ch\/fr\/wp-json\/wp\/v2\/media\/837"}],"wp:attachment":[{"href":"https:\/\/www.herbamed.ch\/fr\/wp-json\/wp\/v2\/media?parent=788"}],"wp:term":[{"taxonomy":"product_brand","embeddable":true,"href":"https:\/\/www.herbamed.ch\/fr\/wp-json\/wp\/v2\/product_brand?post=788"},{"taxonomy":"product_cat","embeddable":true,"href":"https:\/\/www.herbamed.ch\/fr\/wp-json\/wp\/v2\/product_cat?post=788"},{"taxonomy":"product_tag","embeddable":true,"href":"https:\/\/www.herbamed.ch\/fr\/wp-json\/wp\/v2\/product_tag?post=788"}],"curies":[{"name":"wp","href":"https:\/\/api.w.org\/{rel}","templated":true}]}}