{"id":787,"date":"2021-08-23T09:02:42","date_gmt":"2021-08-23T07:02:42","guid":{"rendered":"http:\/\/new.herbamed.ch\/?post_type=product&#038;p=787"},"modified":"2022-01-12T09:31:51","modified_gmt":"2022-01-12T08:31:51","slug":"cynara-scolymus-o","status":"publish","type":"product","link":"https:\/\/www.herbamed.ch\/fr\/produit-2\/cynara-scolymus-o\/","title":{"rendered":"Cynara scolymus \u00d8"},"content":{"rendered":"<h3>Vorkommen und Beschreibung<\/h3>\n<p>Cynara scolymus geh\u00f6rt als Distel zu den Korbbl\u00fctlern (Asteraceae). Ob sie Urspr\u00fcnglich aus Ostafrika (\u00c4thiopien) oder aus dem Mittelmeergebiet stammt ist nicht genau gekl\u00e4rt. Heute wird sie jedoch weltweit als Feingem\u00fcse kultiviert. Es handelt sich um eine ausdauernde Pflanze die ca. 5 Jahre alt wird. Im 1. Jahr bildet sich die grundst\u00e4ndige Blattrosette. Die Bl\u00e4tter von Cynara scolymus die auch \u00fcppig am Stiel wachsen sind gross und einfach bis mehrfach fiederschnittig lanzettlich und stachelig. Ab dem 2. Jahr bildet sie bis 2m hohe verzweige St\u00e4ngel die unbehaart und ohne Stacheln sind. Am Ende der St\u00e4ngel bildet sich jeweils eine Bl\u00fcte aus die bis 15cm Durchmesser erreichen kann. Die geschlossene Knospe von Cynara scolymus wird als Feingem\u00fcse gegessen und wurde schon von den alten R\u00f6mern zu diesem Zweck kultiviert. Die violetten R\u00f6hrenbl\u00fcten sind von dachziegelartigen H\u00fcllbl\u00e4ttern umgeben. Die Heiltradition geht auf Dioskurides zur\u00fcck der die Heilwirkung der Cynara scolymus beschrieben hat jedoch ging die Anwendung zwischenzeitlich verloren bis sie durch Avicenna im Canon medizinale wiederentdeckt und sp\u00e4ter, im 16. Jhd. wieder nach Europa getragen wurde.<\/p>\n<p>&nbsp;<\/p>\n<h3>Traditionelle Anwendung der Pflanze<\/h3>\n<p>Die Wirkung von Cynara scolymus geht vorwiegend auf die Bitterstoffe zur\u00fcck. Cynara scolymus wirkt stark antioxydativ. Sie stimuliert die Hepatozytenreproduktion und wirkt dadurch leberregenerationsf\u00f6rdernd und hepatoprotektiv. Zus\u00e4tzlich wird die Leberdurchblutung gesteigert und deren Energiespeicher mobilisiert. Cynara scolymus wirkt choleretisch und cholekinetisch wie auch lipidsenkend wovon besonders das Cholesterol gesenkt, und \u00fcber die Galle eliminiert wird. Zudem wird die Cholesterolsynthese in der Leber gedrosselt. Das macht sie zu DEM Mittel bei Hypercholesterin\u00e4mie und Arteriosklerose. Durch die Cholerese wird auch die Darmperistaltik angeregt. Belegt sind auch karminative, spasmolytische, appetitanregende und antiemetische Wirkungen von Cynara scolymus. In der Volksmedizin werden viele Lik\u00f6re und Weine mit Cynara scolymus zur Verdauungsanregung gereicht<\/p>","protected":false},"excerpt":{"rendered":"<p>Cynara scolymus geh\u00f6rt als Distel zu den Korbbl\u00fctlern (Asteraceae). Ob sie Urspr\u00fcnglich aus Ostafrika (\u00c4thiopien) oder aus dem Mittelmeergebiet stammt ist nicht genau gekl\u00e4rt. Heute wird sie jedoch weltweit als Feingem\u00fcse kultiviert. Es handelt sich um eine ausdauernde Pflanze die ca. 5 Jahre alt wird. Im 1. Jahr bildet sich die grundst\u00e4ndige Blattrosette. Die Bl\u00e4tter von Cynara scolymus die auch \u00fcppig am Stiel wachsen sind gross und einfach bis mehrfach fiederschnittig lanzettlich und stachelig.<\/p>","protected":false},"featured_media":836,"template":"","meta":{"_monsterinsights_skip_tracking":false,"_monsterinsights_sitenote_active":false,"_monsterinsights_sitenote_note":"","_monsterinsights_sitenote_category":0},"product_brand":[],"product_cat":[2119,27,25],"product_tag":[],"class_list":{"0":"post-787","1":"product","2":"type-product","3":"status-publish","4":"has-post-thumbnail","6":"product_cat-b2b","7":"product_cat-urtinkturen","8":"product_cat-wirkstoffe","10":"first","11":"instock","12":"shipping-taxable","13":"purchasable","14":"product-type-simple"},"_links":{"self":[{"href":"https:\/\/www.herbamed.ch\/fr\/wp-json\/wp\/v2\/product\/787","targetHints":{"allow":["GET"]}}],"collection":[{"href":"https:\/\/www.herbamed.ch\/fr\/wp-json\/wp\/v2\/product"}],"about":[{"href":"https:\/\/www.herbamed.ch\/fr\/wp-json\/wp\/v2\/types\/product"}],"wp:featuredmedia":[{"embeddable":true,"href":"https:\/\/www.herbamed.ch\/fr\/wp-json\/wp\/v2\/media\/836"}],"wp:attachment":[{"href":"https:\/\/www.herbamed.ch\/fr\/wp-json\/wp\/v2\/media?parent=787"}],"wp:term":[{"taxonomy":"product_brand","embeddable":true,"href":"https:\/\/www.herbamed.ch\/fr\/wp-json\/wp\/v2\/product_brand?post=787"},{"taxonomy":"product_cat","embeddable":true,"href":"https:\/\/www.herbamed.ch\/fr\/wp-json\/wp\/v2\/product_cat?post=787"},{"taxonomy":"product_tag","embeddable":true,"href":"https:\/\/www.herbamed.ch\/fr\/wp-json\/wp\/v2\/product_tag?post=787"}],"curies":[{"name":"wp","href":"https:\/\/api.w.org\/{rel}","templated":true}]}}