{"id":785,"date":"2021-08-23T09:02:41","date_gmt":"2021-08-23T07:02:41","guid":{"rendered":"http:\/\/new.herbamed.ch\/?post_type=product&#038;p=785"},"modified":"2022-01-12T09:31:52","modified_gmt":"2022-01-12T08:31:52","slug":"curcuma-longa-o-d1","status":"publish","type":"product","link":"https:\/\/www.herbamed.ch\/fr\/produit-2\/curcuma-longa-o-d1\/","title":{"rendered":"Curcuma longa \u00d8 = D1"},"content":{"rendered":"<h3>Vorkommen und Beschreibung<\/h3>\n<p>Curcuma longa kommt auf Java wild vor und wird im tropischen Asien und Afrika kultiviert. Bei uns wird Curcuma longa seit neuestem als Zimmerpflanze kultiviert und verkauft. Gelbwurz ist ein Ingwergew\u00e4chs (Zingiberaceae) und \u00e4hnelt als solche in allen Teilen der Ingwerpflanze sehr. Es handelt sich um eine ausdauernde, mehrj\u00e4hrige Pflanze. Die Wurzel bildet stark verzweigte intensiv gelbe Rhizome aus, die an den Enden Knollen bilden. Aus einer Hauptknolle entspringt ein Blattb\u00fcndel wie auch der zylindrische Bl\u00fctenschaft. Einem 20-50cm langen Blattstiel folgt ein l\u00e4ngliches angespitztes, elliptisches Blatt das ca. 30-50cm lang und bis 18cm breit ist. Daraus folgt eine Pflanzenh\u00f6he von h\u00f6chstens 1m. Der Bl\u00fctenschaft von Curcuma longa mit einem Durchmesser von 4-9cm erreicht eine H\u00f6he bis zu 20cm. Die weiss bis gr\u00fcnen manchmal auch r\u00f6tlichen Bl\u00fcten stehen zahlreich im \u00e4hrigen Bl\u00fctenstand. Die Ernte der Wurzel von Curcuma longa erfolgt nach dem abwelken der oberirdischen Teile. Curcuma longa hat eine lange Heiltradition wird aber auch als Gew\u00fcrz und zum F\u00e4rben verwendet. Curcuma longa F\u00e4rbt sehr intensiv ist jedoch nicht lichtecht und auch nach 2-3 Waschg\u00e4ngen ist die Farbe weg.<\/p>\n<p>&nbsp;<\/p>\n<h3>Traditionelle Anwendung der Pflanze<\/h3>\n<p>Die vielf\u00e4ltige Wirkung von Curcuma longa ist sehr gut erforscht. Curcuma longa entfaltet eine relativ starke cholagoge und cholekinetische Wirkung. Es kommt zur Induktion entgiftender Enzyme in der Leber wodurch ein antihepatotoxischer und hepatoprotektiver Effekt resultiert. Es liegt eine beachtliche antiphlogistische Wirkung vor indem die Cyclooxygenase und Prostaglandinsynthese gehemmt wird. Die antibakterielle Wirkung von Curcuma longa zeigt sich in der nachgewiesenen Hemmung von intestinalen Keimen. Zudem wirkt Curcuma longa antiviral es wurde eine Hemmung der HIV-Replikation festgestellt. Die Wirkstoffe von Curcuma longa sind antioxidativ und somit antikanzerogen, antitumoral und antimutativ. Ausserdem wirkt Curcuma longa antiarteriosklerotisch indem es Cholesterin-, Phospholipide und Triglizeridspiegel im Blut senkt sowie antithrombotisch und fibrinspiegelsenkend wirkt. Auch eine antiparasit\u00e4re Wirkung ist bekannt.<\/p>","protected":false},"excerpt":{"rendered":"<p>Curcuma longa kommt auf Java wild vor und wird im tropischen Asien und Afrika kultiviert. Bei uns wird Curcuma longa seit neuestem als Zimmerpflanze kultiviert und verkauft. Gelbwurz ist ein Ingwergew\u00e4chs (Zingiberaceae) und \u00e4hnelt als solche in allen Teilen der Ingwerpflanze sehr. Es handelt sich um eine ausdauernde, mehrj\u00e4hrige Pflanze. Die Wurzel bildet stark verzweigte intensiv gelbe Rhizome aus, die an den Enden Knollen bilden.<\/p>","protected":false},"featured_media":815,"template":"","meta":{"_monsterinsights_skip_tracking":false,"_monsterinsights_sitenote_active":false,"_monsterinsights_sitenote_note":"","_monsterinsights_sitenote_category":0},"product_brand":[],"product_cat":[2119,27,25],"product_tag":[],"class_list":{"0":"post-785","1":"product","2":"type-product","3":"status-publish","4":"has-post-thumbnail","6":"product_cat-b2b","7":"product_cat-urtinkturen","8":"product_cat-wirkstoffe","10":"first","11":"instock","12":"shipping-taxable","13":"purchasable","14":"product-type-simple"},"_links":{"self":[{"href":"https:\/\/www.herbamed.ch\/fr\/wp-json\/wp\/v2\/product\/785","targetHints":{"allow":["GET"]}}],"collection":[{"href":"https:\/\/www.herbamed.ch\/fr\/wp-json\/wp\/v2\/product"}],"about":[{"href":"https:\/\/www.herbamed.ch\/fr\/wp-json\/wp\/v2\/types\/product"}],"wp:featuredmedia":[{"embeddable":true,"href":"https:\/\/www.herbamed.ch\/fr\/wp-json\/wp\/v2\/media\/815"}],"wp:attachment":[{"href":"https:\/\/www.herbamed.ch\/fr\/wp-json\/wp\/v2\/media?parent=785"}],"wp:term":[{"taxonomy":"product_brand","embeddable":true,"href":"https:\/\/www.herbamed.ch\/fr\/wp-json\/wp\/v2\/product_brand?post=785"},{"taxonomy":"product_cat","embeddable":true,"href":"https:\/\/www.herbamed.ch\/fr\/wp-json\/wp\/v2\/product_cat?post=785"},{"taxonomy":"product_tag","embeddable":true,"href":"https:\/\/www.herbamed.ch\/fr\/wp-json\/wp\/v2\/product_tag?post=785"}],"curies":[{"name":"wp","href":"https:\/\/api.w.org\/{rel}","templated":true}]}}