{"id":766,"date":"2021-08-23T09:02:17","date_gmt":"2021-08-23T07:02:17","guid":{"rendered":"http:\/\/new.herbamed.ch\/?post_type=product&#038;p=766"},"modified":"2022-01-12T09:31:53","modified_gmt":"2022-01-12T08:31:53","slug":"crocus-sativus-o-d1","status":"publish","type":"product","link":"https:\/\/www.herbamed.ch\/fr\/produit-2\/crocus-sativus-o-d1\/","title":{"rendered":"Crocus sativus \u00d8 = D1"},"content":{"rendered":"<h3>Vorkommen und Beschreibung<\/h3>\n<p>Die aus einer Wurzelknolle entspringenden schmalen, linealen Bl\u00e4tter umschliessen trichterf\u00f6rmig die grosse Bl\u00fcte welche die Griffel mit jeweils drei Narbenschenkeln umschliesst. Urspr\u00fcnglich stammt Crosuc sativus aus S\u00fcdeuropa, heute sind grosse Kulturen in S\u00fcdspanien und im Iran die gr\u00f6ssten Vorkommen. Bie uns wird Crocus sativus vorweigend in G\u00e4rten und kleinen Kulturen gezogen und gepflegt.<\/p>\n<p>&nbsp;<\/p>\n<h3>Traditionelle Anwendung der Pflanze<\/h3>\n<p>Die aus einer Wurzelknolle entspringenden schmalen, linealen Bl\u00e4tter umschliessen trichterf\u00f6rmig die grosse Bl\u00fcte welche die Griffel mit jeweils drei Narbenschenkeln umschliesst. Urspr\u00fcnglich stammt Crosuc sativus aus S\u00fcdeuropa, heute sind grosse Kulturen in S\u00fcdspanien und im Iran die gr\u00f6ssten Vorkommen. Bei uns wird Crocus sativus vorweigend in G\u00e4rten und kleinen Kulturen gezogen und gepflegt.<\/p>\n<p>&nbsp;<\/p>\n<h3>Quelle(n)<\/h3>\n<ul>\n<li>M. Pahlow: das grosse Buch der Heilpflanzen<\/li>\n<li>Karl Hiller: Lexikon der Arnzeipflanzen und Drogen<\/li>\n<\/ul>","protected":false},"excerpt":{"rendered":"<p>Die aus einer Wurzelknolle entspringenden schmalen, linealen Bl\u00e4tter umschliessen trichterf\u00f6rmig die grosse Bl\u00fcte welche die Griffel mit jeweils drei Narbenschenkeln umschliesst. Urspr\u00fcnglich stammt Crosuc sativus aus S\u00fcdeuropa, heute sind grosse Kulturen in S\u00fcdspanien und im Iran die gr\u00f6ssten Vorkommen. Bie uns wird Crocus sativus vorweigend in G\u00e4rten und kleinen Kulturen gezogen und gepflegt.<\/p>","protected":false},"featured_media":806,"template":"","meta":{"_monsterinsights_skip_tracking":false,"_monsterinsights_sitenote_active":false,"_monsterinsights_sitenote_note":"","_monsterinsights_sitenote_category":0},"product_brand":[],"product_cat":[2119,27,25],"product_tag":[],"class_list":{"0":"post-766","1":"product","2":"type-product","3":"status-publish","4":"has-post-thumbnail","6":"product_cat-b2b","7":"product_cat-urtinkturen","8":"product_cat-wirkstoffe","10":"first","11":"instock","12":"shipping-taxable","13":"purchasable","14":"product-type-simple"},"_links":{"self":[{"href":"https:\/\/www.herbamed.ch\/fr\/wp-json\/wp\/v2\/product\/766","targetHints":{"allow":["GET"]}}],"collection":[{"href":"https:\/\/www.herbamed.ch\/fr\/wp-json\/wp\/v2\/product"}],"about":[{"href":"https:\/\/www.herbamed.ch\/fr\/wp-json\/wp\/v2\/types\/product"}],"wp:featuredmedia":[{"embeddable":true,"href":"https:\/\/www.herbamed.ch\/fr\/wp-json\/wp\/v2\/media\/806"}],"wp:attachment":[{"href":"https:\/\/www.herbamed.ch\/fr\/wp-json\/wp\/v2\/media?parent=766"}],"wp:term":[{"taxonomy":"product_brand","embeddable":true,"href":"https:\/\/www.herbamed.ch\/fr\/wp-json\/wp\/v2\/product_brand?post=766"},{"taxonomy":"product_cat","embeddable":true,"href":"https:\/\/www.herbamed.ch\/fr\/wp-json\/wp\/v2\/product_cat?post=766"},{"taxonomy":"product_tag","embeddable":true,"href":"https:\/\/www.herbamed.ch\/fr\/wp-json\/wp\/v2\/product_tag?post=766"}],"curies":[{"name":"wp","href":"https:\/\/api.w.org\/{rel}","templated":true}]}}