{"id":761,"date":"2021-08-23T09:02:16","date_gmt":"2021-08-23T07:02:16","guid":{"rendered":"http:\/\/new.herbamed.ch\/?post_type=product&#038;p=761"},"modified":"2022-01-12T09:31:54","modified_gmt":"2022-01-12T08:31:54","slug":"soporin-schlaftropfen","status":"publish","type":"product","link":"https:\/\/www.herbamed.ch\/fr\/produit-2\/soporin-schlaftropfen\/","title":{"rendered":"Soporin &#8211; Schlaftropfen"},"content":{"rendered":"<p>Soporin ist die pflanzliche Alternative bei nerv\u00f6s bedingten Erregungszust\u00e4nden, die zu Schlaflosigkeit f\u00fchren k\u00f6nnen. Es hilft Ihnen bei:<\/p>\n<ul>\n<li>Einschlafst\u00f6rungen<\/li>\n<li>Durchschlafst\u00f6rungen<\/li>\n<li>nerv\u00f6sen Erregungszust\u00e4nden<\/li>\n<li>allgemeiner Unruhe<\/li>\n<li>Rastlosigkeit<\/li>\n<li>Reizbarkeit<\/li>\n<li>Lampenfieber<\/li>\n<\/ul>\n<h3>Composition<\/h3>\n<p>1 ml enth\u00e4lt: Valeriana officinalis \u00d8 0.4 ml, Humulus lupulus \u00d8 0.2 ml, Passiflora incarnata \u00d8 0.2 ml, Melissa officinalis \u00d8 0.2 ml. Enth\u00e4lt 64 Vol. % Alkohol (Ethanol).<\/p>\n<h3>Domaines d'application<\/h3>\n<p>Einschlafbeschwerden insbesondere wegen nerv\u00f6sen Erregungszust\u00e4nde und Pr\u00fcfungsangst<\/p>\n<h3>Dosage<\/h3>\n<p>Erwachsene nehmen vor dem Schlafen 20 &#8211; 30 Tropfen in etwas Wasser ein.<\/p>\n<p>Kinder ab 6 Jahren 10 &#8211; 15 Tropfen.<\/p>\n<h3>Kontraindikationen \/ Anwendungsbeschr\u00e4nkungen<\/h3>\n<p>Als generelle Vorsichtsmassnahme sollte auf Medikamente w\u00e4hrend der Schwangerschaft und Stillzeit verzichtet werden oder ein Arzt oder Apotheker konsultiert werden.<\/p>\n<h3>Effets secondaires<\/h3>\n<p>Keine bekannt.<\/p>","protected":false},"excerpt":{"rendered":"<p>Soporin ist die pflanzliche Alternative bei nerv\u00f6s bedingten Erregungszust\u00e4nden, die zu Schlaflosigkeit f\u00fchren k\u00f6nnen. Es hilft Ihnen bei:<\/p>\n<ul>\n<li>Einschlafst\u00f6rungen<\/li>\n<li>Durchschlafst\u00f6rungen<\/li>\n<li>nerv\u00f6sen Erregungszust\u00e4nden<\/li>\n<li>allgemeiner Unruhe<\/li>\n<li>Rastlosigkeit<\/li>\n<li>Reizbarkeit<\/li>\n<li>Lampenfieber<\/li>\n<\/ul>","protected":false},"featured_media":801,"template":"","meta":{"_monsterinsights_skip_tracking":false,"_monsterinsights_sitenote_active":false,"_monsterinsights_sitenote_note":"","_monsterinsights_sitenote_category":0},"product_brand":[],"product_cat":[19,2119,21,49],"product_tag":[],"class_list":{"0":"post-761","1":"product","2":"type-product","3":"status-publish","4":"has-post-thumbnail","6":"product_cat-arzneimittel","7":"product_cat-b2b","8":"product_cat-pflanzlich","9":"product_cat-swissmedic","11":"first","12":"instock","13":"shipping-taxable","14":"purchasable","15":"product-type-simple"},"_links":{"self":[{"href":"https:\/\/www.herbamed.ch\/fr\/wp-json\/wp\/v2\/product\/761","targetHints":{"allow":["GET"]}}],"collection":[{"href":"https:\/\/www.herbamed.ch\/fr\/wp-json\/wp\/v2\/product"}],"about":[{"href":"https:\/\/www.herbamed.ch\/fr\/wp-json\/wp\/v2\/types\/product"}],"wp:featuredmedia":[{"embeddable":true,"href":"https:\/\/www.herbamed.ch\/fr\/wp-json\/wp\/v2\/media\/801"}],"wp:attachment":[{"href":"https:\/\/www.herbamed.ch\/fr\/wp-json\/wp\/v2\/media?parent=761"}],"wp:term":[{"taxonomy":"product_brand","embeddable":true,"href":"https:\/\/www.herbamed.ch\/fr\/wp-json\/wp\/v2\/product_brand?post=761"},{"taxonomy":"product_cat","embeddable":true,"href":"https:\/\/www.herbamed.ch\/fr\/wp-json\/wp\/v2\/product_cat?post=761"},{"taxonomy":"product_tag","embeddable":true,"href":"https:\/\/www.herbamed.ch\/fr\/wp-json\/wp\/v2\/product_tag?post=761"}],"curies":[{"name":"wp","href":"https:\/\/api.w.org\/{rel}","templated":true}]}}