{"id":759,"date":"2021-08-23T09:02:16","date_gmt":"2021-08-23T07:02:16","guid":{"rendered":"http:\/\/new.herbamed.ch\/?post_type=product&#038;p=759"},"modified":"2022-01-12T09:31:53","modified_gmt":"2022-01-12T08:31:53","slug":"convallaria-majalis-o","status":"publish","type":"product","link":"https:\/\/www.herbamed.ch\/fr\/produit-2\/convallaria-majalis-o\/","title":{"rendered":"Convallaria majalis \u00d8"},"content":{"rendered":"<h3>Vorkommen und Beschreibung<\/h3>\n<p>Convallaria majalis geh\u00f6rt zu den Spargelgew\u00e4chsen (Asparagaceae). Es handelt sich um eine ausdauernde Pflanze die h\u00f6chstens 30cm hoch wird. Das Rhizom ist weitverzweigt und kann bis 50cm lang werden und sich \u00fcber mehrere Meter ausbreiten. Die 2-3 Bl\u00e4tter entspringen direkt aus dem Rhizom. Die Bl\u00e4tter von Convallaria majalis sind breit lanzettlich bis 10cm breit und 30cm lang. Sie Umfassen den St\u00e4ngel der kaum h\u00f6her als das Blatt w\u00e4chst. Am St\u00e4ngel sind die ca 5mm im Durchmesser grossen Bl\u00fcten und sind 5-10 St\u00fcck nickend in einer einseitswendigen Traube. Die Bl\u00fctezeit von Convallaria majalis ist wie der Namen schon sagt im Mai. Die leuchtend roten Beeren zieren den St\u00e4ngel ab August. Convallaria majalis ist eine einheimische Pflanze die Urspr\u00fcnglich aus dem eurasiatischen Raum stammt. Sie w\u00e4chst wild in W\u00e4ldern, Bergwiesen und Ger\u00f6llhalden. Als h\u00fcbsche, wohlriechende und unkomplizierte Pflanze wird sie oft in G\u00e4rten angepflanzt. Convallaria majalis ist eine Pflanze die es eher k\u00e4lter mag darum ist sie den fr\u00fchen r\u00f6misch-griechischen Autoren noch nicht bekannt, sie taucht erst in Schriften ab dem 15. Jhd. vor.<\/p>\n<p>&nbsp;<\/p>\n<h3>Traditionelle Anwendung der Pflanze<\/h3>\n<p>Convallaria majalis enth\u00e4lt herzwirksame Glykoside die positiv inotrop wirken zudem kommt es zu einem Absinken des gesteigerten linksventrikul\u00e4ren enddiastolischem Druck und kann f\u00fcr leichte Formen der Herzinsuffizienz genutzt werden kann. Der Vorteil von Convallaria majalis liegt im schnellen Wirkungseintritt und der hohen Abklingquote, sodass es zu keiner Akkumulation der Glykoside kommen kann. Convallaria majalis wird besonders f\u00fcr bradykarde und digitalisrefrakt\u00e4re Formen der Herzinsuffizienz herangezogen aber auch \u201eAltersherz\u201c und funktionelle Herzbeschwerden gelten als Indikation f\u00fcr Convallaria majalis. Es wird besonders postuliert, dass durch Convallaria majalis keine Arrhytmiegefahr besteht. Des Weiteren wirkt Convallaria majalis venentonisierend und diuretisch.<\/p>\n<p>&nbsp;<\/p>\n<h3>Quelle(n)<\/h3>\n<p><a href=\"https:\/\/de.wikipedia.org\/wiki\/Maigl%C3%B6ckchen\" target=\"_blank\" rel=\"noopener noreferrer\">https:\/\/de.wikipedia.org\/wiki\/Maigl%C3%B6ckchen<\/a><\/p>","protected":false},"excerpt":{"rendered":"<p>Convallaria majalis geh\u00f6rt zu den Spargelgew\u00e4chsen (Asparagaceae). Es handelt sich um eine ausdauernde Pflanze die h\u00f6chstens 30cm hoch wird. Das Rhizom ist weitverzweigt und kann bis 50cm lang werden und sich \u00fcber mehrere Meter ausbreiten. Die 2-3 Bl\u00e4tter entspringen direkt aus dem Rhizom. Die Bl\u00e4tter von Convallaria majalis sind breit lanzettlich bis 10cm breit und 30cm lang.<\/p>","protected":false},"featured_media":799,"template":"","meta":{"_monsterinsights_skip_tracking":false,"_monsterinsights_sitenote_active":false,"_monsterinsights_sitenote_note":"","_monsterinsights_sitenote_category":0},"product_brand":[],"product_cat":[2119,27,25],"product_tag":[],"class_list":{"0":"post-759","1":"product","2":"type-product","3":"status-publish","4":"has-post-thumbnail","6":"product_cat-b2b","7":"product_cat-urtinkturen","8":"product_cat-wirkstoffe","10":"first","11":"instock","12":"shipping-taxable","13":"purchasable","14":"product-type-simple"},"_links":{"self":[{"href":"https:\/\/www.herbamed.ch\/fr\/wp-json\/wp\/v2\/product\/759","targetHints":{"allow":["GET"]}}],"collection":[{"href":"https:\/\/www.herbamed.ch\/fr\/wp-json\/wp\/v2\/product"}],"about":[{"href":"https:\/\/www.herbamed.ch\/fr\/wp-json\/wp\/v2\/types\/product"}],"wp:featuredmedia":[{"embeddable":true,"href":"https:\/\/www.herbamed.ch\/fr\/wp-json\/wp\/v2\/media\/799"}],"wp:attachment":[{"href":"https:\/\/www.herbamed.ch\/fr\/wp-json\/wp\/v2\/media?parent=759"}],"wp:term":[{"taxonomy":"product_brand","embeddable":true,"href":"https:\/\/www.herbamed.ch\/fr\/wp-json\/wp\/v2\/product_brand?post=759"},{"taxonomy":"product_cat","embeddable":true,"href":"https:\/\/www.herbamed.ch\/fr\/wp-json\/wp\/v2\/product_cat?post=759"},{"taxonomy":"product_tag","embeddable":true,"href":"https:\/\/www.herbamed.ch\/fr\/wp-json\/wp\/v2\/product_tag?post=759"}],"curies":[{"name":"wp","href":"https:\/\/api.w.org\/{rel}","templated":true}]}}