{"id":756,"date":"2021-08-23T09:02:15","date_gmt":"2021-08-23T07:02:15","guid":{"rendered":"http:\/\/new.herbamed.ch\/?post_type=product&#038;p=756"},"modified":"2022-01-12T09:31:54","modified_gmt":"2022-01-12T08:31:54","slug":"cola-o-d1","status":"publish","type":"product","link":"https:\/\/www.herbamed.ch\/fr\/produit-2\/cola-o-d1\/","title":{"rendered":"Cola \u00d8 = D1"},"content":{"rendered":"<h3>Vorkommen und Beschreibung<\/h3>\n<p>Der Cola Baum ist ein stattlicher Baum der Einzelfr\u00fcchte bis zu 12cm bildet welche dann wiederum 3-10 Samen enthalten. Cola wird in vielen warmen L\u00e4ndern kultiviert, die Heimat liegt wahrscheinlich im tropischen Westafrika.<\/p>\n<p>&nbsp;<\/p>\n<h3>Traditionelle Anwendung der Pflanze<\/h3>\n<p>Cola hat sich sehr bew\u00e4hrt als Anregungsmittel bei Ersch\u00f6pfung, mangelndem Antrieb, Abgespanntheit sowie unterst\u00fctzt Cola sehr gut bei Migr\u00e4ne und Neuralgien.<\/p>\n<p>&nbsp;<\/p>\n<h3>Quelle(n)<\/h3>\n<ul>\n<li>M. Pahlow: das grosse Buch der Heilpflanzen<\/li>\n<li>Karl Hiller: Lexikon der Arnzeipflanzen und Drogen<\/li>\n<\/ul>","protected":false},"excerpt":{"rendered":"<p>Der Cola Baum ist ein stattlicher Baum der Einzelfr\u00fcchte bis zu 12cm bildet welche dann wiederum 3-10 Samen enthalten. Cola wird in vielen warmen L\u00e4ndern kultiviert, die Heimat liegt wahrscheinlich im tropischen Westafrika.<\/p>","protected":false},"featured_media":782,"template":"","meta":{"_monsterinsights_skip_tracking":false,"_monsterinsights_sitenote_active":false,"_monsterinsights_sitenote_note":"","_monsterinsights_sitenote_category":0},"product_brand":[],"product_cat":[2119,27,25],"product_tag":[],"class_list":{"0":"post-756","1":"product","2":"type-product","3":"status-publish","4":"has-post-thumbnail","6":"product_cat-b2b","7":"product_cat-urtinkturen","8":"product_cat-wirkstoffe","10":"first","11":"instock","12":"shipping-taxable","13":"purchasable","14":"product-type-simple"},"_links":{"self":[{"href":"https:\/\/www.herbamed.ch\/fr\/wp-json\/wp\/v2\/product\/756","targetHints":{"allow":["GET"]}}],"collection":[{"href":"https:\/\/www.herbamed.ch\/fr\/wp-json\/wp\/v2\/product"}],"about":[{"href":"https:\/\/www.herbamed.ch\/fr\/wp-json\/wp\/v2\/types\/product"}],"wp:featuredmedia":[{"embeddable":true,"href":"https:\/\/www.herbamed.ch\/fr\/wp-json\/wp\/v2\/media\/782"}],"wp:attachment":[{"href":"https:\/\/www.herbamed.ch\/fr\/wp-json\/wp\/v2\/media?parent=756"}],"wp:term":[{"taxonomy":"product_brand","embeddable":true,"href":"https:\/\/www.herbamed.ch\/fr\/wp-json\/wp\/v2\/product_brand?post=756"},{"taxonomy":"product_cat","embeddable":true,"href":"https:\/\/www.herbamed.ch\/fr\/wp-json\/wp\/v2\/product_cat?post=756"},{"taxonomy":"product_tag","embeddable":true,"href":"https:\/\/www.herbamed.ch\/fr\/wp-json\/wp\/v2\/product_tag?post=756"}],"curies":[{"name":"wp","href":"https:\/\/api.w.org\/{rel}","templated":true}]}}