{"id":743,"date":"2021-08-23T09:01:50","date_gmt":"2021-08-23T07:01:50","guid":{"rendered":"http:\/\/new.herbamed.ch\/?post_type=product&#038;p=743"},"modified":"2022-01-12T09:31:55","modified_gmt":"2022-01-12T08:31:55","slug":"citrullus-colocynthis-o-d1","status":"publish","type":"product","link":"https:\/\/www.herbamed.ch\/fr\/produit-2\/citrullus-colocynthis-o-d1\/","title":{"rendered":"Citrullus colocynthis \u00d8 = D1"},"content":{"rendered":"<h3>Vorkommen und Beschreibung<\/h3>\n<p>Citrullus Colocynthis ist eine ausdauernde rankende Pflanze aus der Familie der K\u00fcrbisgew\u00e4chse (Cucurbitaceae). Die Ranken breiten sich mehr als 2m lang aus und k\u00f6nnen sich auch verzweigen. Die ca. handgrossen Bl\u00e4tter sind drei- bis f\u00fcnffach gelappt. Die einzelnen gelben Bl\u00fcten entspringen den Blattachseln. Die Frucht von Citrullus Colocynthis gleicht einer Melone, zuerst zeigt sie sich gr\u00fcn-weiss gestreift sp\u00e4ter bei Vollreife wird sie gelb-braun und ist rund und 25-100cm im Durchmesser. Urspr\u00fcnglich stammt Citrullus Colocynthis aus Nordafrika und S\u00fcdwestasien hat sich aber mittlerweile weltweit in tropischen und subtropischen Gebieten ausgebreitet. Die Samen der Frucht gelten als sehr n\u00e4hrstoffreich aus ihnen wird ein \u00d6l gepresst. Das Fruchtfleisch enth\u00e4lt das harzige Colocynthin das den Darm reizt, Entz\u00fcndungen und Kr\u00e4mpfe hervorruft. Der Prophet Elias soll laut Bibel w\u00e4hrend einer Hungersnot die Fr\u00fcchte von Citrullus Colocynthis in eine essbare Frucht verwandelt.<\/p>\n<p>&nbsp;<\/p>\n<h3>Traditionelle Verwendung der Pflanze<\/h3>\n<p>Citrullus Colocynthis wurde schon von den alten Griechen als heftiges Abf\u00fchrmittel genutzt. Heute wird es nur noch im Rahmen der Hom\u00f6opathie verwendet. Hier zeigt sich das Arzneimittelbild mit folgenden Leitsymptomen: kolikartige oder neuralgische Schmerzen die durch unterdr\u00fcckten \u00c4rger hervorgerufen werden. Kopfschmerzen, Gesichtsneuralgien, Magenschmerzen mit \u00dcbelkeit oder Erbrechen, schwere Bauchschmerzen die durch liegen mit angezogenen Knien gebessert werden auch Bauchschmerzen mit Durchfall geh\u00f6ren zum Bild das Citrullus Colocynthis hervorruft. Citrullus Colocynthis-Patienten sind sehr leicht ver\u00e4rgert, unterdr\u00fccken ihre Ver\u00e4rgerung jedoch die sich sp\u00e4ter in Gereiztheit entl\u00e4dt.<\/p>\n<p>&nbsp;<\/p>\n<h3>Quelle(n)<\/h3>\n<ul>\n<li>https:\/\/de.wikipedia.org\/wiki\/Koloquinte<\/li>\n<\/ul>","protected":false},"excerpt":{"rendered":"<p>Citrullus Colocynthis ist eine ausdauernde rankende Pflanze aus der Familie der K\u00fcrbisgew\u00e4chse (Cucurbitaceae). Die Ranken breiten sich mehr als 2m lang aus und k\u00f6nnen sich auch verzweigen. Die ca. handgrossen Bl\u00e4tter sind drei- bis f\u00fcnffach gelappt. Die einzelnen gelben Bl\u00fcten entspringen den Blattachseln. Die Frucht von Citrullus Colocynthis gleicht einer Melone, zuerst zeigt sie sich gr\u00fcn-weiss gestreift sp\u00e4ter bei Vollreife wird sie gelb-braun und ist rund und 25-100cm im Durchmesser.<\/p>","protected":false},"featured_media":775,"template":"","meta":{"_monsterinsights_skip_tracking":false,"_monsterinsights_sitenote_active":false,"_monsterinsights_sitenote_note":"","_monsterinsights_sitenote_category":0},"product_brand":[],"product_cat":[2119,27,25],"product_tag":[],"class_list":{"0":"post-743","1":"product","2":"type-product","3":"status-publish","4":"has-post-thumbnail","6":"product_cat-b2b","7":"product_cat-urtinkturen","8":"product_cat-wirkstoffe","10":"first","11":"instock","12":"shipping-taxable","13":"purchasable","14":"product-type-simple"},"_links":{"self":[{"href":"https:\/\/www.herbamed.ch\/fr\/wp-json\/wp\/v2\/product\/743","targetHints":{"allow":["GET"]}}],"collection":[{"href":"https:\/\/www.herbamed.ch\/fr\/wp-json\/wp\/v2\/product"}],"about":[{"href":"https:\/\/www.herbamed.ch\/fr\/wp-json\/wp\/v2\/types\/product"}],"wp:featuredmedia":[{"embeddable":true,"href":"https:\/\/www.herbamed.ch\/fr\/wp-json\/wp\/v2\/media\/775"}],"wp:attachment":[{"href":"https:\/\/www.herbamed.ch\/fr\/wp-json\/wp\/v2\/media?parent=743"}],"wp:term":[{"taxonomy":"product_brand","embeddable":true,"href":"https:\/\/www.herbamed.ch\/fr\/wp-json\/wp\/v2\/product_brand?post=743"},{"taxonomy":"product_cat","embeddable":true,"href":"https:\/\/www.herbamed.ch\/fr\/wp-json\/wp\/v2\/product_cat?post=743"},{"taxonomy":"product_tag","embeddable":true,"href":"https:\/\/www.herbamed.ch\/fr\/wp-json\/wp\/v2\/product_tag?post=743"}],"curies":[{"name":"wp","href":"https:\/\/api.w.org\/{rel}","templated":true}]}}