{"id":737,"date":"2021-08-23T09:01:49","date_gmt":"2021-08-23T07:01:49","guid":{"rendered":"http:\/\/new.herbamed.ch\/?post_type=product&#038;p=737"},"modified":"2022-01-12T09:31:56","modified_gmt":"2022-01-12T08:31:56","slug":"chondrodendron-o-d1","status":"publish","type":"product","link":"https:\/\/www.herbamed.ch\/fr\/produit-2\/chondrodendron-o-d1\/","title":{"rendered":"Chondrodendron \u00d8 = D1"},"content":{"rendered":"<h3>Vorkommen und Beschreibung<\/h3>\n<p>Chondrodendron tomentosum ist ein holziger Kletterstrauch von stattlicher Gr\u00f6\u00dfe. Der Stengel erreicht einen Durchmesser von bis zu 10 cm. Die Rinde ist rauh, die Bl\u00e4tter wechselst\u00e4ndig, die Blattstiele sind sehr lang und an beiden Enden verdickt. In der Phytotherapie und Hom\u00f6opathie werden die Wurzeln verwendet.<\/p>\n<p>&nbsp;<\/p>\n<h3>Anwendung der Pflanze<\/h3>\n<p>Chondondndron ist bei Erkrankungen der Urogenitalorgane indiziert. Im Einzelnen verordnet man Chondondndron bei chronischer und akuter Cystitis mit st\u00e4ndigem schmerzhaften Harndrang sowie bei Blasen- und Nierensteinen, Nierenkoliken u.v.m.<\/p>\n<p>&nbsp;<\/p>\n<h3>Quelle(n)<\/h3>\n<ul>\n<li><a href=\"https:\/\/www.henriettes-herb.com\/eclectic\/madaus\/chondrodendron.html\" target=\"_blank\" rel=\"noopener noreferrer\">https:\/\/www.henriettes-herb.com\/eclectic\/madaus\/chondrodendron.html<\/a><\/li>\n<li>Karl Hiller: Lexikon der Arnzeipflanzen und Drogen<\/li>\n<\/ul>","protected":false},"excerpt":{"rendered":"<p>Chondrodendron tomentosum ist ein holziger Kletterstrauch von stattlicher Gr\u00f6\u00dfe. Der Stengel erreicht einen Durchmesser von bis zu 10 cm. Die Rinde ist rauh, die Bl\u00e4tter wechselst\u00e4ndig, die Blattstiele sind sehr lang und an beiden Enden verdickt. In der Phytotherapie und Hom\u00f6opathie werden die Wurzeln verwendet.<\/p>","protected":false},"featured_media":0,"template":"","meta":{"_monsterinsights_skip_tracking":false,"_monsterinsights_sitenote_active":false,"_monsterinsights_sitenote_note":"","_monsterinsights_sitenote_category":0},"product_brand":[],"product_cat":[2119,27,25],"product_tag":[],"class_list":{"0":"post-737","1":"product","2":"type-product","3":"status-publish","5":"product_cat-b2b","6":"product_cat-urtinkturen","7":"product_cat-wirkstoffe","9":"first","10":"instock","11":"shipping-taxable","12":"purchasable","13":"product-type-simple"},"_links":{"self":[{"href":"https:\/\/www.herbamed.ch\/fr\/wp-json\/wp\/v2\/product\/737","targetHints":{"allow":["GET"]}}],"collection":[{"href":"https:\/\/www.herbamed.ch\/fr\/wp-json\/wp\/v2\/product"}],"about":[{"href":"https:\/\/www.herbamed.ch\/fr\/wp-json\/wp\/v2\/types\/product"}],"wp:attachment":[{"href":"https:\/\/www.herbamed.ch\/fr\/wp-json\/wp\/v2\/media?parent=737"}],"wp:term":[{"taxonomy":"product_brand","embeddable":true,"href":"https:\/\/www.herbamed.ch\/fr\/wp-json\/wp\/v2\/product_brand?post=737"},{"taxonomy":"product_cat","embeddable":true,"href":"https:\/\/www.herbamed.ch\/fr\/wp-json\/wp\/v2\/product_cat?post=737"},{"taxonomy":"product_tag","embeddable":true,"href":"https:\/\/www.herbamed.ch\/fr\/wp-json\/wp\/v2\/product_tag?post=737"}],"curies":[{"name":"wp","href":"https:\/\/api.w.org\/{rel}","templated":true}]}}