{"id":735,"date":"2021-08-23T09:01:48","date_gmt":"2021-08-23T07:01:48","guid":{"rendered":"http:\/\/new.herbamed.ch\/?post_type=product&#038;p=735"},"modified":"2022-01-12T09:31:56","modified_gmt":"2022-01-12T08:31:56","slug":"chionanthus-virginicus-o","status":"publish","type":"product","link":"https:\/\/www.herbamed.ch\/fr\/produit-2\/chionanthus-virginicus-o\/","title":{"rendered":"Chionanthus virginicus \u00d8"},"content":{"rendered":"<h3>Vorkommen und Beschreibung<\/h3>\n<p>Chionanthus virginicus kommt im Osten Nordamerikas wild vor und geh\u00f6rt zu den \u00d6lbaumgew\u00e4chsen (Oleaceae). Bei uns wird der bis 10m hohe, sommergr\u00fcne Strauch wegen seiner sch\u00f6nen und wohlriechenden Bl\u00fcten gerne als Gartenpflanze angebaut. Die Laubbl\u00e4tter sind gegenst\u00e4ndig angeordnet und l\u00e4nglich-eif\u00f6rmig. Der Blattrand ist gewellt bis glatt und auf der Unterseite der Bl\u00e4tter sind die Adern behaart. Die wohlriechenden, zuerst gr\u00fcnen und sp\u00e4ter reinweissen Bl\u00fcten sind zwittrig und zahlreich in Rispen angeordnet. Die Steinfr\u00fcchte sind eif\u00f6rmig und dunkelblau bis violett und von einer puderigen Schicht umgeben.<\/p>\n<p>&nbsp;<\/p>\n<h3>Anwendung der Pflanze<\/h3>\n<p>Chionanthus virginicus ist eine Heilpflanze der Indianer. Traditionell wurde sie als Tonikum und antipyretisches Mittel, bei Ikterus und Leberatrophie sowie \u00e4usserlich als Wundheilmittel verwendet. Chionanthus virginicus kann bei Stauungen der Leber und des Pfortadersystems angewendet werden. Zudem wird der Wassergehalt der Galle erh\u00f6ht und dadurch die Menge an produzierter Galle erh\u00f6ht. Als leichtes Laxans kann es als Adjuvans in der Behandlung von Diarrhoe verwendet werden. Besonders Kopfschmerzen die mit der Leber und Galleblase zusammenh\u00e4ngen sprechen sehr gut auf die Behandlung mit Chionanthus virginicus an.<\/p>\n<p>&nbsp;<\/p>\n<h3>Quelle(n)<\/h3>\n<ul>\n<li>https:\/\/www.henriettes-herb.com\/eclectic\/madaus\/chionanthus.html<\/li>\n<li>https:\/\/de.wikipedia.org\/wiki\/Chionanthus_virginicus<\/li>\n<\/ul>","protected":false},"excerpt":{"rendered":"<p>Chionanthus virginicus kommt im Osten Nordamerikas wild vor und geh\u00f6rt zu den \u00d6lbaumgew\u00e4chsen (Oleaceae). Bei uns wird der bis 10m hohe, sommergr\u00fcne Strauch wegen seiner sch\u00f6nen und wohlriechenden Bl\u00fcten gerne als Gartenpflanze angebaut. Die Laubbl\u00e4tter sind gegenst\u00e4ndig angeordnet und l\u00e4nglich-eif\u00f6rmig. Der Blattrand ist gewellt bis glatt und auf der Unterseite der Bl\u00e4tter sind die Adern behaart.<\/p>","protected":false},"featured_media":0,"template":"","meta":{"_monsterinsights_skip_tracking":false,"_monsterinsights_sitenote_active":false,"_monsterinsights_sitenote_note":"","_monsterinsights_sitenote_category":0},"product_brand":[],"product_cat":[2119,27,25],"product_tag":[],"class_list":{"0":"post-735","1":"product","2":"type-product","3":"status-publish","5":"product_cat-b2b","6":"product_cat-urtinkturen","7":"product_cat-wirkstoffe","9":"first","10":"instock","11":"shipping-taxable","12":"purchasable","13":"product-type-simple"},"_links":{"self":[{"href":"https:\/\/www.herbamed.ch\/fr\/wp-json\/wp\/v2\/product\/735","targetHints":{"allow":["GET"]}}],"collection":[{"href":"https:\/\/www.herbamed.ch\/fr\/wp-json\/wp\/v2\/product"}],"about":[{"href":"https:\/\/www.herbamed.ch\/fr\/wp-json\/wp\/v2\/types\/product"}],"wp:attachment":[{"href":"https:\/\/www.herbamed.ch\/fr\/wp-json\/wp\/v2\/media?parent=735"}],"wp:term":[{"taxonomy":"product_brand","embeddable":true,"href":"https:\/\/www.herbamed.ch\/fr\/wp-json\/wp\/v2\/product_brand?post=735"},{"taxonomy":"product_cat","embeddable":true,"href":"https:\/\/www.herbamed.ch\/fr\/wp-json\/wp\/v2\/product_cat?post=735"},{"taxonomy":"product_tag","embeddable":true,"href":"https:\/\/www.herbamed.ch\/fr\/wp-json\/wp\/v2\/product_tag?post=735"}],"curies":[{"name":"wp","href":"https:\/\/api.w.org\/{rel}","templated":true}]}}