{"id":732,"date":"2021-08-23T09:01:47","date_gmt":"2021-08-23T07:01:47","guid":{"rendered":"http:\/\/new.herbamed.ch\/?post_type=product&#038;p=732"},"modified":"2022-01-12T09:31:57","modified_gmt":"2022-01-12T08:31:57","slug":"chelidonium-majus-o","status":"publish","type":"product","link":"https:\/\/www.herbamed.ch\/fr\/produit-2\/chelidonium-majus-o\/","title":{"rendered":"Chelidonium majus \u00d8"},"content":{"rendered":"<h3>Vorkommen und Beschreibung<\/h3>\n<p>Bei Chelidonium majus handelt es sich um ein nicht ganz typisches Mohngew\u00e4chs. Es handelt sich um eine zwei- bis mehrj\u00e4hrige Pflanze. Urspr\u00fcnglich eurasiatisch w\u00e4chst Chelidonium majus heute fast auf der ganzen Welt, insbesondere in Amerika wo es Urspr\u00fcnglich von den weissen Siedlern als Heilpflanze angebaut wurde gilt es als invasiver Neophyt. Chelidonium majus sucht die N\u00e4he zu Menschen und w\u00e4chst bevorzugt an Wegr\u00e4ndern, in G\u00e4rten, Rabatten, Z\u00e4unen und Schutthalden. Die bis 80cm hoch wachsende, \u00fcppige Pflanze ist leicht behaart. Die Bl\u00e4tter sind blaugr\u00fcn und unregelm\u00e4ssig gefiedert. Die leuchtend goldgelben Bl\u00fcten mit vier Kronbl\u00e4ttern stehen f\u00fcr Mohn untypisch in doldenartigen Bl\u00fctenst\u00e4nden. Die Bl\u00fctezeit findet von Mai bis September statt. Die ganze Pflanze sondert bei Verletzung einen gelb-orangen Milchsaft ab. Dieser Milchsaft ist giftig und reizend schmeckt scharf, bitter und sehr unangenehm. In der Volksheilkunde wird der Milchsaft von Chelidonium majus zur Entfernung von Warzen verwendet weswegen es ihm den Namen Warzenkraut zu verdanken hat.<\/p>\n<p>&nbsp;<\/p>\n<h3>Traditionelle Anwendung der Pflanze<\/h3>\n<p>Chelidonium majus enth\u00e4lt Alkaloide und ist deswegen leicht giftig die Wirkung beruht jedoch gerade auf diesen Wirkstoffen. In der Frischpflanze liegt ein spasmolytischer Effekt auf die glatte Muskulatur vorwiegend der Gallenwege und der Bronchien vor. Der spasmolytische Effekt wird aber auch von anderen Wirkstoffen gest\u00fctzt die mehr zentral ansetzen und auch analgetisch Wirken. Neben den cholagogen Eigenschaften wo das Haupteinsatzgebiet von Chelidonium majus liegt, k\u00f6nnen auch unspezifische immunstimulierende und antiphlogistische Effekte nachgewiesen werden. Letztere Wirkung wird auch durch eine antibakterielle Wirkung gegen multiresistente Enterokokken und Staphylokokken unterst\u00fctzt. Zus\u00e4tzlich f\u00fchrt Chelidonium majus zum Untergang von verschiedenen Krebszellen. Auf das Herz-Kreislaufsystem wirkt Chelidonium majus mit einer leichten Anhebung des Blutdrucks was auch eine Kontraindikation darstellt. Ferner muss auf einen Einsatz von Chelidonium majus w\u00e4hrend der Schwangerschaft, Stillzeit und bei Kindern unter 12 Jahren verzichtet werden. Auch bei florierenden Leber- und Gallewegsentz\u00fcndungen ist Vorsicht geboten.<\/p>","protected":false},"excerpt":{"rendered":"<p>Bei Chelidonium majus handelt es sich um ein nicht ganz typisches Mohngew\u00e4chs. Es handelt sich um eine zwei- bis mehrj\u00e4hrige Pflanze. Urspr\u00fcnglich eurasiatisch w\u00e4chst Chelidonium majus heute fast auf der ganzen Welt, insbesondere in Amerika wo es Urspr\u00fcnglich von den weissen Siedlern als Heilpflanze angebaut wurde gilt es als invasiver Neophyt.<\/p>","protected":false},"featured_media":748,"template":"","meta":{"_monsterinsights_skip_tracking":false,"_monsterinsights_sitenote_active":false,"_monsterinsights_sitenote_note":"","_monsterinsights_sitenote_category":0},"product_brand":[],"product_cat":[2119,27,25],"product_tag":[],"class_list":{"0":"post-732","1":"product","2":"type-product","3":"status-publish","4":"has-post-thumbnail","6":"product_cat-b2b","7":"product_cat-urtinkturen","8":"product_cat-wirkstoffe","10":"first","11":"instock","12":"shipping-taxable","13":"purchasable","14":"product-type-simple"},"_links":{"self":[{"href":"https:\/\/www.herbamed.ch\/fr\/wp-json\/wp\/v2\/product\/732","targetHints":{"allow":["GET"]}}],"collection":[{"href":"https:\/\/www.herbamed.ch\/fr\/wp-json\/wp\/v2\/product"}],"about":[{"href":"https:\/\/www.herbamed.ch\/fr\/wp-json\/wp\/v2\/types\/product"}],"wp:featuredmedia":[{"embeddable":true,"href":"https:\/\/www.herbamed.ch\/fr\/wp-json\/wp\/v2\/media\/748"}],"wp:attachment":[{"href":"https:\/\/www.herbamed.ch\/fr\/wp-json\/wp\/v2\/media?parent=732"}],"wp:term":[{"taxonomy":"product_brand","embeddable":true,"href":"https:\/\/www.herbamed.ch\/fr\/wp-json\/wp\/v2\/product_brand?post=732"},{"taxonomy":"product_cat","embeddable":true,"href":"https:\/\/www.herbamed.ch\/fr\/wp-json\/wp\/v2\/product_cat?post=732"},{"taxonomy":"product_tag","embeddable":true,"href":"https:\/\/www.herbamed.ch\/fr\/wp-json\/wp\/v2\/product_tag?post=732"}],"curies":[{"name":"wp","href":"https:\/\/api.w.org\/{rel}","templated":true}]}}