{"id":730,"date":"2021-08-23T09:01:47","date_gmt":"2021-08-23T07:01:47","guid":{"rendered":"http:\/\/new.herbamed.ch\/?post_type=product&#038;p=730"},"modified":"2022-01-12T09:31:57","modified_gmt":"2022-01-12T08:31:57","slug":"chamaelirium-luteum-o","status":"publish","type":"product","link":"https:\/\/www.herbamed.ch\/fr\/produit-2\/chamaelirium-luteum-o\/","title":{"rendered":"Chamaelirium luteum \u00d8"},"content":{"rendered":"<h3>Vorkommen und Beschreibung<\/h3>\n<p>Chamaelirium luteum ist eine Pflanze die im \u00f6stlichen Nordamerika heimisch ist. Das Germergew\u00e4chs (Melanthiaceae) w\u00e4chst in feuchten Wiesen, reichbewaldeten H\u00e4ngen und Dickicht. Leider verschwinden diese Habitate immer mehr so, dass Chamaelirium luteum zu den gef\u00e4hrdeten Pflanzen gez\u00e4hlt werden muss. Sie wird als Zier- und Heilpflanze kultiviert. Aus einer knotigen Wurzel w\u00e4chst die ausdauernde m\u00e4nnliche Pflanze bis 70 cm hoch und die weiblichen Pflanzen bis ca. 120cm hoch. Die bis 120cm langen Laubbl\u00e4tter wachsen in einer dichten Rosette. Am Bl\u00fctenstandsschaft befinden sich einige wenige Bl\u00e4tter. Die Bl\u00fcten sind meist \u00e4hrig oder traubig angeordnet und ca. 15mm im Durchmesser. Chamaelirium luteum verbreitet sich \u00fcber Samen die leicht gefl\u00fcgelt mit dem Wind aber auch durch einen Schleudermechanismus und allenfalls durch Tiere verschleppt werden.<\/p>\n<p>&nbsp;<\/p>\n<h3>Anwendung der Pflanze<\/h3>\n<p>Chamaelirium luteum eignet sich besonders um die Geb\u00e4rmutterschleimhaut aufzubauen und beugt dadurch Fehlgeburten vor. Auch bei schmerzhafter und unregelm\u00e4ssiger Regelblutung kann Chamaelirium luteum zu Linderung verhelfen. Die bekannte Wirkung bei Fluor albus ist wahrscheinlich auf einen Aufbau der Vaginalschleimhaut und einer Verbesserung des Milieus zur\u00fcckzuf\u00fchren. Ausserdem wird Chamaelirium luteum bei Fieber, Wurmbefall und zur Steigerung der Harnmenge eingesetzt.<\/p>\n<p>&nbsp;<\/p>\n<h3>Quelle(n)<\/h3>\n<p><a href=\"https:\/\/de.wikipedia.org\/wiki\/Chamaelirium_luteum\" target=\"_blank\" rel=\"noopener noreferrer\">https:\/\/de.wikipedia.org\/wiki\/Chamaelirium_luteum<\/a><\/p>","protected":false},"excerpt":{"rendered":"<p>Chamaelirium luteum ist eine Pflanze die im \u00f6stlichen Nordamerika heimisch ist. Das Germergew\u00e4chs (Melanthiaceae) w\u00e4chst in feuchten Wiesen, reichbewaldeten H\u00e4ngen und Dickicht. Leider verschwinden diese Habitate immer mehr so, dass Chamaelirium luteum zu den gef\u00e4hrdeten Pflanzen gez\u00e4hlt werden muss. Sie wird als Zier- und Heilpflanze kultiviert.<\/p>","protected":false},"featured_media":0,"template":"","meta":{"_monsterinsights_skip_tracking":false,"_monsterinsights_sitenote_active":false,"_monsterinsights_sitenote_note":"","_monsterinsights_sitenote_category":0},"product_brand":[],"product_cat":[2119,27,25],"product_tag":[],"class_list":{"0":"post-730","1":"product","2":"type-product","3":"status-publish","5":"product_cat-b2b","6":"product_cat-urtinkturen","7":"product_cat-wirkstoffe","9":"first","10":"instock","11":"shipping-taxable","12":"purchasable","13":"product-type-simple"},"_links":{"self":[{"href":"https:\/\/www.herbamed.ch\/fr\/wp-json\/wp\/v2\/product\/730","targetHints":{"allow":["GET"]}}],"collection":[{"href":"https:\/\/www.herbamed.ch\/fr\/wp-json\/wp\/v2\/product"}],"about":[{"href":"https:\/\/www.herbamed.ch\/fr\/wp-json\/wp\/v2\/types\/product"}],"wp:attachment":[{"href":"https:\/\/www.herbamed.ch\/fr\/wp-json\/wp\/v2\/media?parent=730"}],"wp:term":[{"taxonomy":"product_brand","embeddable":true,"href":"https:\/\/www.herbamed.ch\/fr\/wp-json\/wp\/v2\/product_brand?post=730"},{"taxonomy":"product_cat","embeddable":true,"href":"https:\/\/www.herbamed.ch\/fr\/wp-json\/wp\/v2\/product_cat?post=730"},{"taxonomy":"product_tag","embeddable":true,"href":"https:\/\/www.herbamed.ch\/fr\/wp-json\/wp\/v2\/product_tag?post=730"}],"curies":[{"name":"wp","href":"https:\/\/api.w.org\/{rel}","templated":true}]}}