{"id":722,"date":"2021-08-23T09:01:46","date_gmt":"2021-08-23T07:01:46","guid":{"rendered":"http:\/\/new.herbamed.ch\/?post_type=product&#038;p=722"},"modified":"2022-01-12T09:31:57","modified_gmt":"2022-01-12T08:31:57","slug":"balsamum-copaivae-o-d1","status":"publish","type":"product","link":"https:\/\/www.herbamed.ch\/fr\/produit-2\/balsamum-copaivae-o-d1\/","title":{"rendered":"Balsamum copaivae \u00d8 = D1"},"content":{"rendered":"<h3>Vorkommen und Beschreibung<\/h3>\n<p>Die Kopaifera-Arten zu welchen auch Balsamum copaivae geh\u00f6rt, sind dornenlose B\u00e4ume von 10-20 m H\u00f6he. Sie geh\u00f6ren der Unterfamilie der Caesalpiniaceae an. Die Bl\u00e4tter dieser Arten sind paarig gefiedert, ein- bis vieljochig. Die Bl\u00e4ttchen, die im durchfallenden Lichte punktiert erscheinen, sind oft unsymmetrisch. Die Bl\u00fcten bilden rispige oder \u00e4hrige Bl\u00fctenst\u00e4nde. Der Kelch hat vier fast klappige Abschnitte, w\u00e4hrend die Kronenbl\u00e4tter fehlen. Die acht bis zehn Staubgef\u00e4\u00dfe sind kahl. Die Fruchth\u00fclse ist einsamig, kurz, fast sichelf\u00f6rmig und lederartig.<\/p>\n<p>&nbsp;<\/p>\n<h3>Anwendung der Pflanze<\/h3>\n<p>Volkst\u00fcmlich wird Balsamum copaivae eingesetzt als Carminativum bei Bl\u00e4hungen, als Antiseptikum bei Blasenentz\u00fcndungen sowie \u00e4usserlich bei Hauterkrankungen u.a. Ekzemen. Balsamum copaivae ist angezeigt bei eitrig-entz\u00fcndlichen Schleimhautaffektionen der Urogenital- und Respirationsorgane. Einzelindikationen sind: chronische Gonorrh\u00f6e, auch Nachtripper und gonorrh\u00f6ische Komplikationen.<br \/>\nZuweilen wird der Kopaivabalsam auch \u00e4u\u00dferlich bei Dermatopathien angewandt.<\/p>\n<p>&nbsp;<\/p>\n<h3>Quelle(n)<\/h3>\n<ul>\n<li>Karl Hiller: Lexikon der Arnzeipflanzen und Drogen<\/li>\n<li><a href=\"https:\/\/www.gesundes-bewusstsein.de\/?p=7467\">https:\/\/www.gesundes-bewusstsein.de\/?p=7467<\/a><\/li>\n<\/ul>","protected":false},"excerpt":{"rendered":"<p>Vorkommen und Beschreibung Die Kopaifera-Arten zu welchen auch Balsamum copaivae geh\u00f6rt, sind dornenlose B\u00e4ume von 10-20 m H\u00f6he. Sie geh\u00f6ren der Unterfamilie der Caesalpiniaceae an. Die Bl\u00e4tter dieser Arten sind paarig gefiedert, ein- bis vieljochig. Die Bl\u00e4ttchen, die im durchfallenden Lichte punktiert erscheinen, sind oft unsymmetrisch. Die Bl\u00fcten bilden rispige oder \u00e4hrige Bl\u00fctenst\u00e4nde. Der Kelch [&hellip;]<\/p>\n","protected":false},"featured_media":0,"template":"","meta":{"_monsterinsights_skip_tracking":false,"_monsterinsights_sitenote_active":false,"_monsterinsights_sitenote_note":"","_monsterinsights_sitenote_category":0},"product_brand":[],"product_cat":[2119,27,25],"product_tag":[],"class_list":{"0":"post-722","1":"product","2":"type-product","3":"status-publish","5":"product_cat-b2b","6":"product_cat-urtinkturen","7":"product_cat-wirkstoffe","9":"first","10":"instock","11":"shipping-taxable","12":"purchasable","13":"product-type-simple"},"_links":{"self":[{"href":"https:\/\/www.herbamed.ch\/fr\/wp-json\/wp\/v2\/product\/722","targetHints":{"allow":["GET"]}}],"collection":[{"href":"https:\/\/www.herbamed.ch\/fr\/wp-json\/wp\/v2\/product"}],"about":[{"href":"https:\/\/www.herbamed.ch\/fr\/wp-json\/wp\/v2\/types\/product"}],"wp:attachment":[{"href":"https:\/\/www.herbamed.ch\/fr\/wp-json\/wp\/v2\/media?parent=722"}],"wp:term":[{"taxonomy":"product_brand","embeddable":true,"href":"https:\/\/www.herbamed.ch\/fr\/wp-json\/wp\/v2\/product_brand?post=722"},{"taxonomy":"product_cat","embeddable":true,"href":"https:\/\/www.herbamed.ch\/fr\/wp-json\/wp\/v2\/product_cat?post=722"},{"taxonomy":"product_tag","embeddable":true,"href":"https:\/\/www.herbamed.ch\/fr\/wp-json\/wp\/v2\/product_tag?post=722"}],"curies":[{"name":"wp","href":"https:\/\/api.w.org\/{rel}","templated":true}]}}