{"id":721,"date":"2021-08-23T09:01:46","date_gmt":"2021-08-23T07:01:46","guid":{"rendered":"http:\/\/new.herbamed.ch\/?post_type=product&#038;p=721"},"modified":"2022-01-12T09:31:57","modified_gmt":"2022-01-12T08:31:57","slug":"aspidosperma-quebracho-blanco-o-d1","status":"publish","type":"product","link":"https:\/\/www.herbamed.ch\/fr\/produit-2\/aspidosperma-quebracho-blanco-o-d1\/","title":{"rendered":"Aspidosperma quebracho-blanco \u00d8 = D1"},"content":{"rendered":"<h3>Vorkommen und Beschreibung<\/h3>\n<p>Aspidosperma Quebracho-Blanco welches f\u00fcr gew\u00f6hnlich auch einfach als Quebracho bezeichnet wird, stammt aus der Rinde eines immergr\u00fcnen Baumes, der in den n\u00f6rdlichen Regionen von Argentinien w\u00e4chst und bis zu 20 m hoch werden kann. Hom\u00f6opathisch wird die Rinde genutzt.<\/p>\n<p>&nbsp;<\/p>\n<h3>Anwendung der Pflanze<\/h3>\n<p>Die enthaltenen Alkaloiden der Aspidosperma quebracho bewirken eine Erregung des Atemzentrums und haben eine expektorierende Wirkung. Aufgrund dessen wird Aspidosperma quebracho h\u00e4ufig in Asthmapr\u00e4paraten und Expektorantien eingesetzt.<\/p>\n<p>&nbsp;<\/p>\n<h3>Quelle(n)<\/h3>\n<ul>\n<li>https:\/\/www.henriettes-herb.com\/eclectic\/madaus\/aspidosperma.html<\/li>\n<li>Karl Hiller: Lexikon der Arnzeipflanzen und Drogen<\/li>\n<\/ul>","protected":false},"excerpt":{"rendered":"<p>Aspidosperma Quebracho-Blanco welches f\u00fcr gew\u00f6hnlich auch einfach als Quebracho bezeichnet wird, stammt aus der Rinde eines immergr\u00fcnen Baumes, der in den n\u00f6rdlichen Regionen von Argentinien w\u00e4chst und bis zu 20m hoch werden kann. Hom\u00f6opathisch wird die Rinde genutzt.<\/p>","protected":false},"featured_media":0,"template":"","meta":{"_monsterinsights_skip_tracking":false,"_monsterinsights_sitenote_active":false,"_monsterinsights_sitenote_note":"","_monsterinsights_sitenote_category":0},"product_brand":[],"product_cat":[2119,27,25],"product_tag":[],"class_list":{"0":"post-721","1":"product","2":"type-product","3":"status-publish","5":"product_cat-b2b","6":"product_cat-urtinkturen","7":"product_cat-wirkstoffe","9":"first","10":"instock","11":"shipping-taxable","12":"purchasable","13":"product-type-simple"},"_links":{"self":[{"href":"https:\/\/www.herbamed.ch\/fr\/wp-json\/wp\/v2\/product\/721","targetHints":{"allow":["GET"]}}],"collection":[{"href":"https:\/\/www.herbamed.ch\/fr\/wp-json\/wp\/v2\/product"}],"about":[{"href":"https:\/\/www.herbamed.ch\/fr\/wp-json\/wp\/v2\/types\/product"}],"wp:attachment":[{"href":"https:\/\/www.herbamed.ch\/fr\/wp-json\/wp\/v2\/media?parent=721"}],"wp:term":[{"taxonomy":"product_brand","embeddable":true,"href":"https:\/\/www.herbamed.ch\/fr\/wp-json\/wp\/v2\/product_brand?post=721"},{"taxonomy":"product_cat","embeddable":true,"href":"https:\/\/www.herbamed.ch\/fr\/wp-json\/wp\/v2\/product_cat?post=721"},{"taxonomy":"product_tag","embeddable":true,"href":"https:\/\/www.herbamed.ch\/fr\/wp-json\/wp\/v2\/product_tag?post=721"}],"curies":[{"name":"wp","href":"https:\/\/api.w.org\/{rel}","templated":true}]}}