{"id":719,"date":"2021-08-23T09:01:45","date_gmt":"2021-08-23T07:01:45","guid":{"rendered":"http:\/\/new.herbamed.ch\/?post_type=product&#038;p=719"},"modified":"2022-01-12T09:31:58","modified_gmt":"2022-01-12T08:31:58","slug":"aralia-racemosa-o","status":"publish","type":"product","link":"https:\/\/www.herbamed.ch\/fr\/produit-2\/aralia-racemosa-o\/","title":{"rendered":"Aralia racemosa \u00d8"},"content":{"rendered":"<h3>Vorkommen und Beschreibung<\/h3>\n<p>Aralia racemosa kommt nat\u00fcrlich im Norden Amerikas vor und bevorzugt halbschattige bis schattige Standorte. Bei uns wird er gelegentlich als Zierpflanze kultiviert die jedoch kaum verwildert. Als mehrj\u00e4hriges Araliengew\u00e4chs (Araliaceae) ist Aralia racemosa mit Efeu, Ginseng oder Taigawurzel verwandt und wird 1-3m hoch. Im Winter sterben die oberirdischen Teile ab und die Wurzel schiesst dann im Fr\u00fchling neu aus. Die aufrechten, dunklen Stengel verzweigen sich und tragen die Bl\u00e4tter wechselst\u00e4ndig. Die Bl\u00e4tter k\u00f6nnen bis 70cm gross werden, sind zwei- bis dreifach gefiedert mit neun bis einundzwanzig Fiederbl\u00e4tter. Der Bl\u00fctenstand von Aralia racemosa befindet sich am Ende der St\u00e4ngel und setzt sich aus zahlreichen weiss-gr\u00fcn-gelben Einzelbl\u00fcten zu einem rispigen Gesamtbl\u00fctenstand zusammen. Der Fruchtstand wiegt ziemlich schwer und darum h\u00e4ngen die St\u00e4ngel mit den Fr\u00fcchten herunter. Die Fr\u00fcchte sind kugelig rund ca. 6mm im Durchmesser und auff\u00e4llig dunkelrot.<\/p>\n<p>&nbsp;<\/p>\n<h3>Anwendung der Pflanze<\/h3>\n<p>Bei Aralia racemosa handelt es sich um eine Pflanze der neuen Welt. Daher gibt es nur Berichte \u00fcber die volksmedizinische Anwendung von den kanadischen Indianern die die Pflanze bei Husten, Tuberkulose, Frauenleiden, Verdauungsproblemen und Rheuma angewendet. Aralia racemosa wurde hom\u00f6opathisch gepr\u00fcft und zeigt folgende Leitsymptome: Es besteht eine Trockenheit der Schleimh\u00e4ute des oberen Respirationstrakts. Die Schleimh\u00e4ute sind entz\u00fcndet und schmerzhaft. Es zeigt sich eine allgemeine Immunschw\u00e4che die immer wieder zu Atemwegsinfekten, Kehlkopf- und Rachenentz\u00fcndungen mit Heiserkeit. Trotz der Trockenheit klagen die Patienten \u00fcber ein \u201eSchleimpfropfgef\u00fchl\u201c im Hals. Oft leiden Patienten unter Allergien die sich in Atemwegsbeschwerden bis zu Asthma zeigen. Besser werden die Beschwerden an der frischen Luft. Eine Verschlechterung erfahren Aralia racemosa Patienten im Liegen und ab 23:00 Uhr.<\/p>\n<p>&nbsp;<\/p>\n<h3>Quelle(n)<\/h3>\n<ul>\n<li><a href=\"https:\/\/de.wikipedia.org\/wiki\/Aralia_racemosa\" target=\"_blank\" rel=\"noopener noreferrer\">https:\/\/de.wikipedia.org\/wiki\/Aralia_racemosa<\/a><\/li>\n<li><a href=\"https:\/\/www.globuli.de\/einzelmittel\/globuli-von-a-bis-a\/aralia-racemosa\/\" target=\"_blank\" rel=\"noopener noreferrer\">https:\/\/www.globuli.de\/einzelmittel\/globuli-von-a-bis-a\/aralia-racemosa\/<\/a><\/li>\n<\/ul>","protected":false},"excerpt":{"rendered":"<p>Aralia racemosa kommt nat\u00fcrlich im Norden Amerikas vor und bevorzugt halbschattige bis schattige Standorte. Bei uns wird er gelegentlich als Zierpflanze kultiviert die jedoch kaum verwildert. Als mehrj\u00e4hriges Araliengew\u00e4chs (Araliaceae) ist Aralia racemosa mit Efeu, Ginseng oder Taigawurzel verwandt und wird 1-3m hoch.<\/p>","protected":false},"featured_media":0,"template":"","meta":{"_monsterinsights_skip_tracking":false,"_monsterinsights_sitenote_active":false,"_monsterinsights_sitenote_note":"","_monsterinsights_sitenote_category":0},"product_brand":[],"product_cat":[2119,27,25],"product_tag":[],"class_list":{"0":"post-719","1":"product","2":"type-product","3":"status-publish","5":"product_cat-b2b","6":"product_cat-urtinkturen","7":"product_cat-wirkstoffe","9":"first","10":"instock","11":"shipping-taxable","12":"purchasable","13":"product-type-simple"},"_links":{"self":[{"href":"https:\/\/www.herbamed.ch\/fr\/wp-json\/wp\/v2\/product\/719","targetHints":{"allow":["GET"]}}],"collection":[{"href":"https:\/\/www.herbamed.ch\/fr\/wp-json\/wp\/v2\/product"}],"about":[{"href":"https:\/\/www.herbamed.ch\/fr\/wp-json\/wp\/v2\/types\/product"}],"wp:attachment":[{"href":"https:\/\/www.herbamed.ch\/fr\/wp-json\/wp\/v2\/media?parent=719"}],"wp:term":[{"taxonomy":"product_brand","embeddable":true,"href":"https:\/\/www.herbamed.ch\/fr\/wp-json\/wp\/v2\/product_brand?post=719"},{"taxonomy":"product_cat","embeddable":true,"href":"https:\/\/www.herbamed.ch\/fr\/wp-json\/wp\/v2\/product_cat?post=719"},{"taxonomy":"product_tag","embeddable":true,"href":"https:\/\/www.herbamed.ch\/fr\/wp-json\/wp\/v2\/product_tag?post=719"}],"curies":[{"name":"wp","href":"https:\/\/api.w.org\/{rel}","templated":true}]}}