{"id":716,"date":"2021-08-23T09:01:44","date_gmt":"2021-08-23T07:01:44","guid":{"rendered":"http:\/\/new.herbamed.ch\/?post_type=product&#038;p=716"},"modified":"2023-04-05T12:51:33","modified_gmt":"2023-04-05T10:51:33","slug":"contusin-gel-gel-fuer-sportverletzungen","status":"publish","type":"product","link":"https:\/\/www.herbamed.ch\/fr\/produit-2\/contusin-gel-gel-fuer-sportverletzungen\/","title":{"rendered":"Contusin Gel &#8211; Gel f\u00fcr Sportverletzungen"},"content":{"rendered":"<p>Contusin k\u00fchlt und lindert die Schmerzen bei stumpfen Verletzungen<\/p>\n<p>Contusin ist ein schnell und zuverl\u00e4ssig wirksames, pflanzliches Einreibemittel bei stumpfen Verletzungen wie:<\/p>\n<ul>\n<li>Verstauchungen<\/li>\n<li>Quetschungen<\/li>\n<li>Prellungen<\/li>\n<li>Zerrungen<\/li>\n<li>Bluterg\u00fcssen<\/li>\n<\/ul>\n<h3>Composition<\/h3>\n<p>1 ml enth\u00e4lt: Symphytum officinalis \u00d8 0.3 ml, Calendula officinalis \u00d8 0.2 ml, Arnica montana \u00d8 0.1 ml, Echinacea purpurea \u00d8 0.1 ml, Ethanol 43 % (m\/m) 0.3 ml; Excipiens ad Gelatum pro 1ml.<\/p>\n<h3>Domaines d'application<\/h3>\n<p>Bei stumpfen Verletzungen, Verstauchungen, Quetschungen, Prellungen und Zerrungen.<\/p>\n<h3>Dosage<\/h3>\n<p>Contusin Gel wird bis zu 5 x t\u00e4glich in d\u00fcnner Schicht auf die zu behandelnde K\u00f6rperpartie aufgetragen und nur leicht einmassiert. Nicht l\u00e4nger als 6 Wochen anwenden.<\/p>\n<h3>Kontraindikationen \/ Anwendungsbeschr\u00e4nkungen<\/h3>\n<p>Contusin Gel darf nicht bei \u00dcberempfindlichkeit auf einen der Inhaltsstoffe angewendet werden (insbesondere bei Arnika-Allergie). Nicht auf offene Wunden oder auf Schleimh\u00e4ute auftragen. Contusin Gel sollte nicht bei Kleinkindern angewendet werden. Als generelle Vorsichtsmassnahme sollte auf Medikamente w\u00e4hrend der Schwangerschaft und Stillzeit verzichtet werden oder ein Arzt oder Apotheker konsultiert werden<\/p>\n<h3>Effets secondaires<\/h3>\n<p>Es k\u00f6nnen Hautjucken oder Hautr\u00f6tungen auftreten.<\/p>\n<p>&nbsp;<\/p>\n<p>Erh\u00e4ltlich in Ihrer Apotheke oder Drogerie.<\/p>\n<p>Bitte lesen Sie die Packungsbeilage.<\/p>","protected":false},"excerpt":{"rendered":"<p>Contusin k\u00fchlt und lindert die Schmerzen bei stumpfen Verletzungen<\/p>\n<p>Contusin ist ein schnell und zuverl\u00e4ssig wirksames, pflanzliches Einreibemittel bei stumpfen Verletzungen wie:<\/p>\n<ul>\n<li>Verstauchungen<\/li>\n<li>Quetschungen<\/li>\n<li>Prellungen<\/li>\n<li>Zerrungen<\/li>\n<li>Bluterg\u00fcssen<\/li>\n<\/ul>","protected":false},"featured_media":745,"template":"","meta":{"_monsterinsights_skip_tracking":false,"_monsterinsights_sitenote_active":false,"_monsterinsights_sitenote_note":"","_monsterinsights_sitenote_category":0},"product_brand":[],"product_cat":[19,2119,52,21,49],"product_tag":[],"class_list":{"0":"post-716","1":"product","2":"type-product","3":"status-publish","4":"has-post-thumbnail","6":"product_cat-arzneimittel","7":"product_cat-b2b","8":"product_cat-gel","9":"product_cat-pflanzlich","10":"product_cat-swissmedic","12":"first","13":"instock","14":"shipping-taxable","15":"purchasable","16":"product-type-simple"},"_links":{"self":[{"href":"https:\/\/www.herbamed.ch\/fr\/wp-json\/wp\/v2\/product\/716","targetHints":{"allow":["GET"]}}],"collection":[{"href":"https:\/\/www.herbamed.ch\/fr\/wp-json\/wp\/v2\/product"}],"about":[{"href":"https:\/\/www.herbamed.ch\/fr\/wp-json\/wp\/v2\/types\/product"}],"wp:featuredmedia":[{"embeddable":true,"href":"https:\/\/www.herbamed.ch\/fr\/wp-json\/wp\/v2\/media\/745"}],"wp:attachment":[{"href":"https:\/\/www.herbamed.ch\/fr\/wp-json\/wp\/v2\/media?parent=716"}],"wp:term":[{"taxonomy":"product_brand","embeddable":true,"href":"https:\/\/www.herbamed.ch\/fr\/wp-json\/wp\/v2\/product_brand?post=716"},{"taxonomy":"product_cat","embeddable":true,"href":"https:\/\/www.herbamed.ch\/fr\/wp-json\/wp\/v2\/product_cat?post=716"},{"taxonomy":"product_tag","embeddable":true,"href":"https:\/\/www.herbamed.ch\/fr\/wp-json\/wp\/v2\/product_tag?post=716"}],"curies":[{"name":"wp","href":"https:\/\/api.w.org\/{rel}","templated":true}]}}