{"id":1569,"date":"2021-08-23T09:12:42","date_gmt":"2021-08-23T07:12:42","guid":{"rendered":"http:\/\/new.herbamed.ch\/?post_type=product&#038;p=1569"},"modified":"2022-01-12T09:28:38","modified_gmt":"2022-01-12T08:28:38","slug":"veratrum-album-comp-ad-us-vet-antidiarrhiocum","status":"publish","type":"product","link":"https:\/\/www.herbamed.ch\/fr\/produit-2\/veratrum-album-comp-ad-us-vet-antidiarrhiocum\/","title":{"rendered":"Veratrum album comp. ad us. vet. (Antidiarrhiocum)"},"content":{"rendered":"<p>Veratrum album comp. ad us. vet. (Antidiarrhiocum)<\/p>","protected":false},"excerpt":{"rendered":"<p>Ingr\u00e9dients :<br \/>\nVeratrum album C30<br \/>\nAloe ferox (Aloe) C30<br \/>\nPotentilla erecta (Tormentilla) C30<br \/>\nRheum C 30<br \/>\nStrychnos nux vomica (Nux vomica) C30<br \/>\nBryonia D15<br \/>\nLycopodium clavatum (Lycopodium) C30<br \/>\nCitrullus colocynthis (Colocynthis) C30<br \/>\nLachesis muta D8<br \/>\nPyrogenium D30<br \/>\nJuniperus sabina (Sabina) D6<br \/>\nPulsatilla pratensis (Pulsatilla) D6<br \/>\nEchinacea angustifolia D2<br \/>\nEcballium elaterium (Elaterium) C6<br \/>\nCarbo vegetabilis C200<br \/>\nCephaelis ipecacuanha (Ipecacuanha) C30<br \/>\nMercurius solubilis C 30<\/p>\n<p>La diarrh\u00e9e est un complexe de sympt\u00f4mes qui n'est pas toujours facile \u00e0 traiter chez toutes les esp\u00e8ces animales. Les causes sont multiples. Cela a \u00e9galement conduit \u00e0 une combinaison plut\u00f4t sauvage qui ferait dresser les cheveux sur la t\u00eate d'un hom\u00e9opathe classique. N\u00e9anmoins, la combinaison a fait ses preuves pendant 15 ans. Il serait exag\u00e9r\u00e9 de pr\u00e9tendre que toutes les diarrh\u00e9es peuvent \u00eatre arr\u00eat\u00e9es gr\u00e2ce \u00e0 elle. Cependant, chez les animaux, notamment les veaux, \u00e0 partir de l'\u00e2ge de quatre semaines, une am\u00e9lioration rapide peut presque toujours \u00eatre obtenue. Chez les veaux de moins de trois \u00e0 quatre semaines, une th\u00e9rapie suppl\u00e9mentaire avec des \u00e9lectrolytes est une mesure obligatoire. Selon la gravit\u00e9 de l'exsiccose, elle peut \u00eatre administr\u00e9e par voie orale ou en perfusion. En particulier dans le cas de la cryptosporiose, le rem\u00e8de peut \u00eatre utile comme mesure d'accompagnement. Cependant, la principale mesure th\u00e9rapeutique pour la cryptosporidie est l'utilisation d'un nosode sp\u00e9cifique au troupeau pour le traitement des m\u00e8res en forte gestation.<\/p>\n<p>Art<br \/>\nM\u00e9decine v\u00e9t\u00e9rinaire \/ ad us vet.<\/p>\n<p>Container<br \/>\nR\u00e9cipient Flacon lanceur de 100 ml<br \/>\nFlacon compte-gouttes de 50 ml<\/p>\n<p>Approbation<\/p>\n<p>Indications<br \/>\nDiarrh\u00e9es de toutes sortes chez toutes les esp\u00e8ces animales, en particulier chez les veaux et les bovins. Diarrh\u00e9e avec vomissements chez les chiens et les chats. Comme mesure pr\u00e9ventive contre les flatulences chez les bovins en automne. Troubles digestifs avec coliques l\u00e9g\u00e8res.<\/p>\n<p>Dosage<br \/>\nSelon la taille de l'animal : 0,5 \u00e0 3 ml 2 \u00e0 6 fois par jour.<\/p>\n<p>Combinaisons<br \/>\nSi des causes toxiques sont suspect\u00e9es : avec Acidum arsenicosum C30 et Okoubaka aubrevillei D3 ou D4. Avec Nux vomica comp. ad us. vet. si des sympt\u00f4mes de coliques sont \u00e9galement pr\u00e9sents,<br \/>\nv.a. beim Pferd. Menge und Dosierung siehe Anleitung bzw. Dosierung Nux vomica comp. ad us. vet.<\/p>","protected":false},"featured_media":1563,"template":"","meta":{"_monsterinsights_skip_tracking":false,"_monsterinsights_sitenote_active":false,"_monsterinsights_sitenote_note":"","_monsterinsights_sitenote_category":0},"product_brand":[],"product_cat":[2119,24],"product_tag":[],"class_list":{"0":"post-1569","1":"product","2":"type-product","3":"status-publish","4":"has-post-thumbnail","6":"product_cat-b2b","7":"product_cat-tierarzneimittel","9":"first","10":"instock","11":"shipping-taxable","12":"purchasable","13":"product-type-simple"},"_links":{"self":[{"href":"https:\/\/www.herbamed.ch\/fr\/wp-json\/wp\/v2\/product\/1569","targetHints":{"allow":["GET"]}}],"collection":[{"href":"https:\/\/www.herbamed.ch\/fr\/wp-json\/wp\/v2\/product"}],"about":[{"href":"https:\/\/www.herbamed.ch\/fr\/wp-json\/wp\/v2\/types\/product"}],"wp:featuredmedia":[{"embeddable":true,"href":"https:\/\/www.herbamed.ch\/fr\/wp-json\/wp\/v2\/media\/1563"}],"wp:attachment":[{"href":"https:\/\/www.herbamed.ch\/fr\/wp-json\/wp\/v2\/media?parent=1569"}],"wp:term":[{"taxonomy":"product_brand","embeddable":true,"href":"https:\/\/www.herbamed.ch\/fr\/wp-json\/wp\/v2\/product_brand?post=1569"},{"taxonomy":"product_cat","embeddable":true,"href":"https:\/\/www.herbamed.ch\/fr\/wp-json\/wp\/v2\/product_cat?post=1569"},{"taxonomy":"product_tag","embeddable":true,"href":"https:\/\/www.herbamed.ch\/fr\/wp-json\/wp\/v2\/product_tag?post=1569"}],"curies":[{"name":"wp","href":"https:\/\/api.w.org\/{rel}","templated":true}]}}