{"id":1567,"date":"2021-08-23T09:12:42","date_gmt":"2021-08-23T07:12:42","guid":{"rendered":"http:\/\/new.herbamed.ch\/?post_type=product&#038;p=1567"},"modified":"2022-01-12T09:28:38","modified_gmt":"2022-01-12T08:28:38","slug":"tarantula-cub-comp-ad-us-vet-antipanari","status":"publish","type":"product","link":"https:\/\/www.herbamed.ch\/fr\/produit-2\/tarantula-cub-comp-ad-us-vet-antipanari\/","title":{"rendered":"Tarantula cub. comp. ad us. vet.  (Antipanari)"},"content":{"rendered":"<p>Tarantula cub. comp. ad us. vet. (Antipanari)<\/p>","protected":false},"excerpt":{"rendered":"<p>Ingr\u00e9dients :<br \/>\nTarantula cubensis (=Eurypelma spinicrus) D15<br \/>\nLachesis muta D8<br \/>\nPyrogenium D30<br \/>\nHepar sulfuris D10<br \/>\nHepar sulfuris C30<br \/>\nCalcium fluoratum C30<br \/>\nAcidum silicicum (Silicea) D12<br \/>\nAcidum silicicum (Silicea) C30<\/p>\n<p>Le panaris chez les bovins est un probl\u00e8me quotidien en \u00e9t\u00e9. Les r\u00e9sultats des antibiotiques sont souvent insatisfaisants. La combinaison ci-dessus s'est av\u00e9r\u00e9e extr\u00eamement efficace pendant de nombreuses ann\u00e9es aupr\u00e8s de diff\u00e9rents v\u00e9t\u00e9rinaires. Dans ce cas, la tarentule occupe une position centrale. Il a un effet de d\u00e9marcation et est connu par de nombreux v\u00e9t\u00e9rinaires sous le nom de \"Theranekron\". Cet effet de d\u00e9marcation est d\u00e9cisif pour le processus de gu\u00e9rison. Les autres rem\u00e8des sont choisis en fonction du processus suppuratif. La silice est incluse dans deux puissances diff\u00e9rentes pour pr\u00e9venir les m\u00e9tastases.<\/p>\n<p>Art<br \/>\nM\u00e9decine v\u00e9t\u00e9rinaire \/ ad us vet.<\/p>\n<p class=\"translation-block\">R\u00e9cipient<br>Flacon lanceur de 100 ml<\/p>\n<p>Approbation<br \/>\n412540<\/p>\n<p>Indications<br \/>\nPanaritium chez les bovins avec ou sans antibioth\u00e9rapie ; autres processus purulents-diffus\u00e9s de la peau.<\/p>\n<p>Dosage<br \/>\nInitialement 10 \u00e0 15 ml puis 3ml 2 \u00e0 3 fois par jour pendant les 2 \u00e0 4 jours suivants.<\/p>\n<p>Combinaisons<br \/>\nAvec Arnica comp. ad us. vet. surtout pour les boiteries s\u00e9v\u00e8res et les verrues intercostales. Quantit\u00e9 et dosage selon les instructions de dosage de la pr\u00e9paration complexe Arnica comp. ad us. vet.<\/p>","protected":false},"featured_media":1563,"template":"","meta":{"_monsterinsights_skip_tracking":false,"_monsterinsights_sitenote_active":false,"_monsterinsights_sitenote_note":"","_monsterinsights_sitenote_category":0},"product_brand":[],"product_cat":[2119,24],"product_tag":[],"class_list":{"0":"post-1567","1":"product","2":"type-product","3":"status-publish","4":"has-post-thumbnail","6":"product_cat-b2b","7":"product_cat-tierarzneimittel","9":"first","10":"instock","11":"shipping-taxable","12":"purchasable","13":"product-type-simple"},"_links":{"self":[{"href":"https:\/\/www.herbamed.ch\/fr\/wp-json\/wp\/v2\/product\/1567","targetHints":{"allow":["GET"]}}],"collection":[{"href":"https:\/\/www.herbamed.ch\/fr\/wp-json\/wp\/v2\/product"}],"about":[{"href":"https:\/\/www.herbamed.ch\/fr\/wp-json\/wp\/v2\/types\/product"}],"wp:featuredmedia":[{"embeddable":true,"href":"https:\/\/www.herbamed.ch\/fr\/wp-json\/wp\/v2\/media\/1563"}],"wp:attachment":[{"href":"https:\/\/www.herbamed.ch\/fr\/wp-json\/wp\/v2\/media?parent=1567"}],"wp:term":[{"taxonomy":"product_brand","embeddable":true,"href":"https:\/\/www.herbamed.ch\/fr\/wp-json\/wp\/v2\/product_brand?post=1567"},{"taxonomy":"product_cat","embeddable":true,"href":"https:\/\/www.herbamed.ch\/fr\/wp-json\/wp\/v2\/product_cat?post=1567"},{"taxonomy":"product_tag","embeddable":true,"href":"https:\/\/www.herbamed.ch\/fr\/wp-json\/wp\/v2\/product_tag?post=1567"}],"curies":[{"name":"wp","href":"https:\/\/api.w.org\/{rel}","templated":true}]}}