{"id":1566,"date":"2021-08-23T09:12:42","date_gmt":"2021-08-23T07:12:42","guid":{"rendered":"http:\/\/new.herbamed.ch\/?post_type=product&#038;p=1566"},"modified":"2022-01-12T09:28:38","modified_gmt":"2022-01-12T08:28:38","slug":"symphytum-comp-ad-us-vet-sehne","status":"publish","type":"product","link":"https:\/\/www.herbamed.ch\/fr\/produit-2\/symphytum-comp-ad-us-vet-sehne\/","title":{"rendered":"Symphytum comp. ad us. vet. (tendon)"},"content":{"rendered":"<p>Symphytum comp. ad us. vet. (Sehne)<\/p>","protected":false},"excerpt":{"rendered":"<p>Ingr\u00e9dients :<br \/>\nSymphytum officinalis (Symphytum) D8<br \/>\nArnica montana D4<br \/>\nAcidum silicicum (Silicea) D12<\/p>\n<p>Les l\u00e9sions des tendons chez les chevaux, notamment lorsque les tendons fl\u00e9chisseurs sont touch\u00e9s, sont l'une des maladies qui peuvent s\u00e9rieusement limiter l'utilit\u00e9 de l'animal. Depuis des temps imm\u00e9moriaux, de nombreuses th\u00e9rapies ont \u00e9t\u00e9 d\u00e9velopp\u00e9es, comme la caut\u00e9risation. M\u00eame les m\u00e9thodes chirurgicales d\u00e9velopp\u00e9es \u00e0 une \u00e9poque plus r\u00e9cente n'ont jamais \u00e9t\u00e9 convaincantes. La combinaison ci-dessus contribue de mani\u00e8re significative \u00e0 la gu\u00e9rison de la \"banane\". En m\u00eame temps, la longue p\u00e9riode de gu\u00e9rison est raccourcie. Et surtout, le risque de r\u00e9cidive est r\u00e9duit au minimum. Arnica et Symphytum, dans les puissances ci-dessus, repr\u00e9sentent les classiques de la gu\u00e9rison des muscles, des ligaments et des tendons. La silice renforce le tissu conjonctif et contribue \u00e0 la gu\u00e9rison finale.<\/p>\n<p>Art<br \/>\nM\u00e9decine v\u00e9t\u00e9rinaire \/ ad us vet.<\/p>\n<p class=\"translation-block\">R\u00e9cipient<br>Flacon lanceur de 100 ml<\/p>\n<p>Approbation<br \/>\n402430<\/p>\n<p>Indications<br \/>\nEntorses et l\u00e9sions ferm\u00e9es des tendons et des ligaments<\/p>\n<p>Dosage<br \/>\n2 fois 3 ml par jour.<\/p>\n<p>Combinaisons<br \/>\nEn cas de blessure fra\u00eeche avec Calcium fluoratum comp. ad us. vet. (3 ml) et Gingko biloba D3 (2ml). De ces trois rem\u00e8des par jour 4 \u00e0 5 fois 2-3ml pendant 3 jours. Puis 2-3 fois par jour 2-3ml.<\/p>","protected":false},"featured_media":1563,"template":"","meta":{"_monsterinsights_skip_tracking":false,"_monsterinsights_sitenote_active":false,"_monsterinsights_sitenote_note":"","_monsterinsights_sitenote_category":0},"product_brand":[],"product_cat":[2119,24],"product_tag":[],"class_list":{"0":"post-1566","1":"product","2":"type-product","3":"status-publish","4":"has-post-thumbnail","6":"product_cat-b2b","7":"product_cat-tierarzneimittel","9":"first","10":"instock","11":"shipping-taxable","12":"purchasable","13":"product-type-simple"},"_links":{"self":[{"href":"https:\/\/www.herbamed.ch\/fr\/wp-json\/wp\/v2\/product\/1566","targetHints":{"allow":["GET"]}}],"collection":[{"href":"https:\/\/www.herbamed.ch\/fr\/wp-json\/wp\/v2\/product"}],"about":[{"href":"https:\/\/www.herbamed.ch\/fr\/wp-json\/wp\/v2\/types\/product"}],"wp:featuredmedia":[{"embeddable":true,"href":"https:\/\/www.herbamed.ch\/fr\/wp-json\/wp\/v2\/media\/1563"}],"wp:attachment":[{"href":"https:\/\/www.herbamed.ch\/fr\/wp-json\/wp\/v2\/media?parent=1566"}],"wp:term":[{"taxonomy":"product_brand","embeddable":true,"href":"https:\/\/www.herbamed.ch\/fr\/wp-json\/wp\/v2\/product_brand?post=1566"},{"taxonomy":"product_cat","embeddable":true,"href":"https:\/\/www.herbamed.ch\/fr\/wp-json\/wp\/v2\/product_cat?post=1566"},{"taxonomy":"product_tag","embeddable":true,"href":"https:\/\/www.herbamed.ch\/fr\/wp-json\/wp\/v2\/product_tag?post=1566"}],"curies":[{"name":"wp","href":"https:\/\/api.w.org\/{rel}","templated":true}]}}