{"id":1559,"date":"2021-08-23T09:12:17","date_gmt":"2021-08-23T07:12:17","guid":{"rendered":"http:\/\/new.herbamed.ch\/?post_type=product&#038;p=1559"},"modified":"2022-01-12T09:28:38","modified_gmt":"2022-01-12T08:28:38","slug":"silicea-comp-ad-us-vet-hufhorn","status":"publish","type":"product","link":"https:\/\/www.herbamed.ch\/fr\/produit-2\/silicea-comp-ad-us-vet-hufhorn\/","title":{"rendered":"Silicea comp. ad us. vet.  (corne du sabot)"},"content":{"rendered":"<p>Silicea comp. ad us. vet. (Hufhorn)<\/p>","protected":false},"excerpt":{"rendered":"<p>Ingr\u00e9dients :<br \/>\nAcidum silicicum (Silicea) C 30<br \/>\nCalcium fluoratum C 30<br \/>\nStrychnos nux vomica (Nux vomica) C 30<\/p>\n<p>Chez les chevaux, la qualit\u00e9 de la corne du sabot joue un r\u00f4le important. La Silicea a une action reconnue et profonde sur la peau et ses d\u00e9riv\u00e9s. Il favorise la croissance de la corne. Le fluoratum de calcium fait que la corne qui repousse devient ferme et dure. Nux vomica est ajout\u00e9 comme rem\u00e8de pour le foie, car la synth\u00e8se de la corne d\u00e9pend d'un foie sain. Contrairement \u00e0 la biotine, ce complexe favorise non seulement la croissance des cornes mais aussi leur qualit\u00e9.<\/p>\n<p>Art<br \/>\nM\u00e9decine v\u00e9t\u00e9rinaire \/ ad us vet.<\/p>\n<p class=\"translation-block\">R\u00e9cipient<br>Flacon lanceur de 100 ml<\/p>\n<p>Approbation<br \/>\n402516<\/p>\n<p>Indications<br \/>\nQualit\u00e9 m\u00e9diocre de la corne. Absence de croissance de la corne. Corne de s\u00e9paration.<\/p>\n<p>Dosage<br \/>\n1 fois 3 ml par jour pendant 3 \u00e0 6 semaines.<\/p>","protected":false},"featured_media":1563,"template":"","meta":{"_monsterinsights_skip_tracking":false,"_monsterinsights_sitenote_active":false,"_monsterinsights_sitenote_note":"","_monsterinsights_sitenote_category":0},"product_brand":[],"product_cat":[2119,24],"product_tag":[],"class_list":{"0":"post-1559","1":"product","2":"type-product","3":"status-publish","4":"has-post-thumbnail","6":"product_cat-b2b","7":"product_cat-tierarzneimittel","9":"first","10":"instock","11":"shipping-taxable","12":"purchasable","13":"product-type-simple"},"_links":{"self":[{"href":"https:\/\/www.herbamed.ch\/fr\/wp-json\/wp\/v2\/product\/1559","targetHints":{"allow":["GET"]}}],"collection":[{"href":"https:\/\/www.herbamed.ch\/fr\/wp-json\/wp\/v2\/product"}],"about":[{"href":"https:\/\/www.herbamed.ch\/fr\/wp-json\/wp\/v2\/types\/product"}],"wp:featuredmedia":[{"embeddable":true,"href":"https:\/\/www.herbamed.ch\/fr\/wp-json\/wp\/v2\/media\/1563"}],"wp:attachment":[{"href":"https:\/\/www.herbamed.ch\/fr\/wp-json\/wp\/v2\/media?parent=1559"}],"wp:term":[{"taxonomy":"product_brand","embeddable":true,"href":"https:\/\/www.herbamed.ch\/fr\/wp-json\/wp\/v2\/product_brand?post=1559"},{"taxonomy":"product_cat","embeddable":true,"href":"https:\/\/www.herbamed.ch\/fr\/wp-json\/wp\/v2\/product_cat?post=1559"},{"taxonomy":"product_tag","embeddable":true,"href":"https:\/\/www.herbamed.ch\/fr\/wp-json\/wp\/v2\/product_tag?post=1559"}],"curies":[{"name":"wp","href":"https:\/\/api.w.org\/{rel}","templated":true}]}}