{"id":1556,"date":"2021-08-23T09:12:16","date_gmt":"2021-08-23T07:12:16","guid":{"rendered":"http:\/\/new.herbamed.ch\/?post_type=product&#038;p=1556"},"modified":"2022-01-12T09:28:38","modified_gmt":"2022-01-12T08:28:38","slug":"psorinum-comp-ad-us-vet-insektenplage","status":"publish","type":"product","link":"https:\/\/www.herbamed.ch\/fr\/produit-2\/psorinum-comp-ad-us-vet-insektenplage\/","title":{"rendered":"Psorinum comp. ad us. vet. (infestation d'insectes)"},"content":{"rendered":"<p>Psorinum comp. ad us. vet. (infestation d'insectes)<\/p>","protected":false},"excerpt":{"rendered":"<p>Ingr\u00e9dients :<br \/>\nPsorinum C200<br \/>\nApis mellifica D8<br \/>\nLedum palustre D12<br \/>\nSulfur C30<br \/>\nSulfur D12<br \/>\nKalium arsenicosum C200<br \/>\nTrombidium muscae domesticae C12<br \/>\nPulex irritans C12<br \/>\nFel tauri C12<\/p>\n<p>L'infestation par la gale et l'invasion d'insectes constituent une grave nuisance pour les animaux et les humains. La gale dans les troupeaux de bovins \u00e9tait et est encore partiellement combattue avec des esters d'acide phosphorique hautement toxiques. Le succ\u00e8s n'est souvent que de dur\u00e9e limit\u00e9e. Ce complexe a fait ses preuves dans la lutte contre la gale, d'une part, et comme r\u00e9pulsif contre les insectes de la plupart des esp\u00e8ces, d'autre part. Apis et Ledum sont de vieux rem\u00e8des \u00e9prouv\u00e9s contre les piq\u00fbres d'insectes. Psorinum, Sulphur, Kalium arsenicosum et Fel tauri sont des rem\u00e8des typiques pour la peau. Les autres rem\u00e8des sont des nosodes sp\u00e9cifiques. On peut avoir des doutes sur les m\u00e9canismes d'action possibles. Il est probable que la combinaison de rem\u00e8des provoque une modification de l'\u00e9lectricit\u00e9 cutan\u00e9e lorsqu'elle est utilis\u00e9e sur une longue p\u00e9riode. Ainsi, d'une part, les parasites sont priv\u00e9s de terrain et, d'autre part, le corps de l'h\u00f4te n'est plus attractif pour ces organismes.<\/p>\n<p>Art<br \/>\nM\u00e9decine v\u00e9t\u00e9rinaire \/ ad us vet.<\/p>\n<p>Container<br \/>\nR\u00e9cipient Flacon lanceur de 100 ml<br \/>\nFlacon compte-gouttes de 50 ml<\/p>\n<p>Approbation<br \/>\n403240<\/p>\n<p>Indications<br \/>\nGale du b\u00e9tail. Infestation par des ectoparasites chez toutes les esp\u00e8ces animales. R\u00e9pulsif contre les insectes chez toutes les esp\u00e8ces animales. Traitement des piq\u00fbres d'insectes de toutes sortes. Pr\u00e9vient dans toute la mesure du possible l'infestation par les tiques chez les animaux domestiques.<\/p>\n<p>Dosage<br \/>\nMangeaison : 2 \u00e0 3 ml deux fois par jour pendant 7 \u00e0 10 jours puis 2 fois par semaine \u00e0 la m\u00eame dose pendant 1 \u00e0 2 mois.<br \/>\nComme insectifuge, par exemple avant un voyage : 0,5 \u00e0 2 ml 2 fois par jour pendant 10 jours, puis la m\u00eame dose 2 fois par semaine.<br \/>\nA court terme comme r\u00e9pulsif et pour le traitement des piq\u00fbres : 0,5 \u00e0 2 ml plusieurs fois par jour. En cas de piq\u00fbres, appliquer en plus quelques gouttes localement plusieurs fois par jour. Chez les bovins et les chevaux, pour le traitement de troupeaux entiers au p\u00e2turage, dans l'eau de boisson ; par exemple 15 ml pour 1000 litres dans le tonneau d'eau.<br \/>\nInfestation par les tiques chez les chiens et les chats : Ajoutez 10 \u00e0 15 gouttes \u00e0 la nourriture ou \u00e0 l'eau de boisson 2 fois par jour pendant 14 jours. Ensuite, donnez la m\u00eame quantit\u00e9 de gouttes seulement 4 fois par semaine. Si la protection contre les tiques s'affaiblit, donnez \u00e0 nouveau 2 fois par jour pendant une semaine. Arr\u00eatez compl\u00e8tement le traitement \u00e0 la fin de l'automne et en hiver.<\/p>","protected":false},"featured_media":1576,"template":"","meta":{"_monsterinsights_skip_tracking":false,"_monsterinsights_sitenote_active":false,"_monsterinsights_sitenote_note":"","_monsterinsights_sitenote_category":0},"product_brand":[],"product_cat":[2119,24],"product_tag":[],"class_list":{"0":"post-1556","1":"product","2":"type-product","3":"status-publish","4":"has-post-thumbnail","6":"product_cat-b2b","7":"product_cat-tierarzneimittel","9":"first","10":"instock","11":"shipping-taxable","12":"purchasable","13":"product-type-simple"},"_links":{"self":[{"href":"https:\/\/www.herbamed.ch\/fr\/wp-json\/wp\/v2\/product\/1556","targetHints":{"allow":["GET"]}}],"collection":[{"href":"https:\/\/www.herbamed.ch\/fr\/wp-json\/wp\/v2\/product"}],"about":[{"href":"https:\/\/www.herbamed.ch\/fr\/wp-json\/wp\/v2\/types\/product"}],"wp:featuredmedia":[{"embeddable":true,"href":"https:\/\/www.herbamed.ch\/fr\/wp-json\/wp\/v2\/media\/1576"}],"wp:attachment":[{"href":"https:\/\/www.herbamed.ch\/fr\/wp-json\/wp\/v2\/media?parent=1556"}],"wp:term":[{"taxonomy":"product_brand","embeddable":true,"href":"https:\/\/www.herbamed.ch\/fr\/wp-json\/wp\/v2\/product_brand?post=1556"},{"taxonomy":"product_cat","embeddable":true,"href":"https:\/\/www.herbamed.ch\/fr\/wp-json\/wp\/v2\/product_cat?post=1556"},{"taxonomy":"product_tag","embeddable":true,"href":"https:\/\/www.herbamed.ch\/fr\/wp-json\/wp\/v2\/product_tag?post=1556"}],"curies":[{"name":"wp","href":"https:\/\/api.w.org\/{rel}","templated":true}]}}