{"id":1555,"date":"2021-08-23T09:12:15","date_gmt":"2021-08-23T07:12:15","guid":{"rendered":"http:\/\/new.herbamed.ch\/?post_type=product&#038;p=1555"},"modified":"2022-01-12T09:28:38","modified_gmt":"2022-01-12T08:28:38","slug":"phytolacca-comp-ad-us-vet-mastitis","status":"publish","type":"product","link":"https:\/\/www.herbamed.ch\/fr\/produit-2\/phytolacca-comp-ad-us-vet-mastitis\/","title":{"rendered":"Phytolacca comp. ad us. vet. (Mastite)"},"content":{"rendered":"<p>Phytolacca comp. ad us. vet. (Mastite)<\/p>","protected":false},"excerpt":{"rendered":"<p>Ingr\u00e9dients :<br \/>\nPhytolacca americana (Phytolacca decandra) C30<br \/>\nAsa foetida C6<br \/>\nAcidum silicicum (Silicea) C30<br \/>\nSulfur C30<br \/>\nCarbo vegetabilis C200<br \/>\nStreptococcinum C30<br \/>\nStapylococcinum C30<\/p>\n<p>La mammite chez les vaches laiti\u00e8res est sans aucun doute l'un des principaux probl\u00e8mes de la buiatrie d'aujourd'hui. Les antibiotiques, m\u00eame les plus modernes, sont reconnus comme ne pouvant venir \u00e0 bout des probl\u00e8mes. Surtout, il n'existe g\u00e9n\u00e9ralement pas de rem\u00e8de d\u00e9finitif. Le taux de r\u00e9currence est \u00e9lev\u00e9. Cela a conduit aux premi\u00e8res exp\u00e9riences d'hom\u00e9opathie v\u00e9t\u00e9rinaire men\u00e9es par Mc Leod, entre autres. Il a introduit la combinaison SSC (Sulphur, Silicicea, Carbo vegetabilis). Par cons\u00e9quent, ces trois rem\u00e8des sont inclus dans le complexe ci-dessus. L'effet organotrope de Phytolacca et Asa foetida sur la glande mammaire est incontest\u00e9. Asa foetida a un effet semblable \u00e0 celui de l'ocytocine qui se manifeste environ 15 minutes apr\u00e8s l'administration. En cons\u00e9quence, la mamelle se vide mieux et contribue ainsi de mani\u00e8re purement m\u00e9canique \u00e0 la gu\u00e9rison de la mammite. Les deux nosodes sp\u00e9cifiques du lait staphylococcique et streptococcique apportent leur part \u00e0 la gu\u00e9rison via le syst\u00e8me immunitaire. Avec ce rem\u00e8de, les mastites chroniques peuvent souvent \u00eatre gu\u00e9ries sans anitibiotiques. En combinaison avec des antibiotiques, le succ\u00e8s \u00e0 long terme est bien meilleur. Les r\u00e9currences sont beaucoup plus rares. En cas de mammite aigu\u00eb, l'association avec Aconitum comp. ad us. vet. et les antibiotiques appropri\u00e9s est extr\u00eamement efficace.<\/p>\n<p>Art<br \/>\nM\u00e9decine v\u00e9t\u00e9rinaire \/ ad us vet.<\/p>\n<p>Container<br \/>\n100ml Sprayflasche<\/p>\n<p>Approbation<br \/>\n405269<\/p>\n<p>Indications<br \/>\nLa mammite chez les bovins laitiers, mais aussi chez toutes les autres esp\u00e8ces animales. Chez les vaches difficiles \u00e0 traire, pour am\u00e9liorer l'\u00e9coulement du lait.<\/p>\n<p>Dosage<br \/>\nMammite chronique : 2 fois 3 ml par jour ; pendant 10 jours, chaque 15 min avant la traite.<br \/>\nEn cas de mastite aigu\u00eb, donner 2 \u00e0 3 ml 4 \u00e0 6 fois par jour pendant les 2 premiers jours. Donnez toujours deux doses 15 minutes avant la traite. Apr\u00e8s am\u00e9lioration, continuer \u00e0 donner 2 x 3 ml pendant plusieurs jours.<\/p>\n<p>Combinaisons<br \/>\nAvec Aconitum comp. ad us. vet. pour les mastites aigu\u00ebs. Avec Lachesis muta comp. ad us. vet. dans la mastite aigu\u00eb avec intoxication. Avec Lapis albus D6 (DHU) surtout pour les staphylocoques (3 fois 3 comprim\u00e9s par jour pendant au moins 10 jours.) Avec Calcium fluoratum comp. ad us. vet. pour les mastites avec induration ou h\u00e9matome. Quantit\u00e9 et dosage selon les instructions ou la prescription de dosage de la pr\u00e9paration complexe ajout\u00e9e.<br \/>\nAvec la combinaison de Phytolacca vet.comp. et Lapis albus D6 (3x par jour 3 comprim\u00e9s) nous avons eu beaucoup de cas d\u00e9sesp\u00e9r\u00e9s de mastite avec Staph. aurens et surtout avec Streptococcus uberis dans les derni\u00e8res ann\u00e9es, et ceci dans toute la Suisse.<\/p>","protected":false},"featured_media":1563,"template":"","meta":{"_monsterinsights_skip_tracking":false,"_monsterinsights_sitenote_active":false,"_monsterinsights_sitenote_note":"","_monsterinsights_sitenote_category":0},"product_brand":[],"product_cat":[2119,24],"product_tag":[],"class_list":{"0":"post-1555","1":"product","2":"type-product","3":"status-publish","4":"has-post-thumbnail","6":"product_cat-b2b","7":"product_cat-tierarzneimittel","9":"first","10":"instock","11":"shipping-taxable","12":"purchasable","13":"product-type-simple"},"_links":{"self":[{"href":"https:\/\/www.herbamed.ch\/fr\/wp-json\/wp\/v2\/product\/1555","targetHints":{"allow":["GET"]}}],"collection":[{"href":"https:\/\/www.herbamed.ch\/fr\/wp-json\/wp\/v2\/product"}],"about":[{"href":"https:\/\/www.herbamed.ch\/fr\/wp-json\/wp\/v2\/types\/product"}],"wp:featuredmedia":[{"embeddable":true,"href":"https:\/\/www.herbamed.ch\/fr\/wp-json\/wp\/v2\/media\/1563"}],"wp:attachment":[{"href":"https:\/\/www.herbamed.ch\/fr\/wp-json\/wp\/v2\/media?parent=1555"}],"wp:term":[{"taxonomy":"product_brand","embeddable":true,"href":"https:\/\/www.herbamed.ch\/fr\/wp-json\/wp\/v2\/product_brand?post=1555"},{"taxonomy":"product_cat","embeddable":true,"href":"https:\/\/www.herbamed.ch\/fr\/wp-json\/wp\/v2\/product_cat?post=1555"},{"taxonomy":"product_tag","embeddable":true,"href":"https:\/\/www.herbamed.ch\/fr\/wp-json\/wp\/v2\/product_tag?post=1555"}],"curies":[{"name":"wp","href":"https:\/\/api.w.org\/{rel}","templated":true}]}}