{"id":1553,"date":"2021-08-23T09:12:15","date_gmt":"2021-08-23T07:12:15","guid":{"rendered":"http:\/\/new.herbamed.ch\/?post_type=product&#038;p=1553"},"modified":"2022-01-12T09:28:38","modified_gmt":"2022-01-12T08:28:38","slug":"nux-vomica-comp-ad-us-vet-kolik","status":"publish","type":"product","link":"https:\/\/www.herbamed.ch\/fr\/produit-2\/nux-vomica-comp-ad-us-vet-kolik\/","title":{"rendered":"Nux vomica comp. ad us. vet.  (Colique)"},"content":{"rendered":"<p>Nux vomica comp. ad us. vet. (Kolik)<\/p>","protected":false},"excerpt":{"rendered":"<p>Ingr\u00e9dients :<br \/>\nStrychnos nux vomica (Nux vomica) C30<br \/>\nBryonia D15<br \/>\nAluminium oxydatum (Alumina) D15<br \/>\nAesculus hippocastanum (Aesculus) D12<br \/>\nChamomilla recutita (Matricaria chamomilla) C30<\/p>\n<p>Les coliques chez les chevaux sont fr\u00e9quentes. La grande majorit\u00e9 des cas sont de nature nerveuse. On pourrait appeler \u00e7a un d\u00e9s\u00e9quilibre v\u00e9g\u00e9tatif. Nux vomica ainsi que Bryo-nia ont un effet incontestable sur le syst\u00e8me digestif. L'Aluminium et l'Aesculus ont un effet positif sur la constipation et les coliques, ce dernier ayant \u00e9galement un effet prouv\u00e9 sur la circulation. Chamomilla a un fort effet antispasmodique, qui est encore renforc\u00e9 par Nux vomica. L'effet de la camomille a \u00e9t\u00e9 compar\u00e9 une fois au \"Buscopan i.v.\" par un hom\u00e9opathe v\u00e9t\u00e9rinaire exp\u00e9riment\u00e9. L'avantage, outre l'effet rapide de ce complexe, est que les animaux restent souvent longtemps exempts de plaintes et de rechutes.<\/p>\n<p>Art<br \/>\nM\u00e9decine v\u00e9t\u00e9rinaire \/ ad us vet.<\/p>\n<p class=\"translation-block\">R\u00e9cipient<br>Flacon lanceur de 100 ml<\/p>\n<p>Approbation<br \/>\n402418<\/p>\n<p>Indications<br \/>\nColique des chevaux. Troubles digestifs chez les vaches, notamment avec des flatulences l\u00e9g\u00e8res \u00e0 mod\u00e9r\u00e9es.<\/p>\n<p>Dosage<br \/>\nAu d\u00e9but de la colique, donner 2 ml 4 \u00e0 5 fois toutes les 10 min. Il doit y avoir une nette am\u00e9lioration dans l'heure qui suit, sinon d'autres mesures sont n\u00e9cessaires. Pour les autres troubles digestifs : quotidiennement 2 \u00e0 5 fois 1 \u00e0 3 ml.<\/p>\n<p>Combinaisons<br \/>\nAvec Veratrum album comp. ad us. vet. v.a. pour les troubles digestifs des veaux et des ruminants. En rapport avec l'empoisonnement : Okoubaka D4 et Acidum arsenicosum. C30 ou C200 (0,5 \u00e0 1,0 ml dans la m\u00eame fr\u00e9quence que le complexe).<\/p>","protected":false},"featured_media":1563,"template":"","meta":{"_monsterinsights_skip_tracking":false,"_monsterinsights_sitenote_active":false,"_monsterinsights_sitenote_note":"","_monsterinsights_sitenote_category":0},"product_brand":[],"product_cat":[2119,24],"product_tag":[],"class_list":{"0":"post-1553","1":"product","2":"type-product","3":"status-publish","4":"has-post-thumbnail","6":"product_cat-b2b","7":"product_cat-tierarzneimittel","9":"first","10":"instock","11":"shipping-taxable","12":"purchasable","13":"product-type-simple"},"_links":{"self":[{"href":"https:\/\/www.herbamed.ch\/fr\/wp-json\/wp\/v2\/product\/1553","targetHints":{"allow":["GET"]}}],"collection":[{"href":"https:\/\/www.herbamed.ch\/fr\/wp-json\/wp\/v2\/product"}],"about":[{"href":"https:\/\/www.herbamed.ch\/fr\/wp-json\/wp\/v2\/types\/product"}],"wp:featuredmedia":[{"embeddable":true,"href":"https:\/\/www.herbamed.ch\/fr\/wp-json\/wp\/v2\/media\/1563"}],"wp:attachment":[{"href":"https:\/\/www.herbamed.ch\/fr\/wp-json\/wp\/v2\/media?parent=1553"}],"wp:term":[{"taxonomy":"product_brand","embeddable":true,"href":"https:\/\/www.herbamed.ch\/fr\/wp-json\/wp\/v2\/product_brand?post=1553"},{"taxonomy":"product_cat","embeddable":true,"href":"https:\/\/www.herbamed.ch\/fr\/wp-json\/wp\/v2\/product_cat?post=1553"},{"taxonomy":"product_tag","embeddable":true,"href":"https:\/\/www.herbamed.ch\/fr\/wp-json\/wp\/v2\/product_tag?post=1553"}],"curies":[{"name":"wp","href":"https:\/\/api.w.org\/{rel}","templated":true}]}}