{"id":1550,"date":"2021-08-23T09:12:14","date_gmt":"2021-08-23T07:12:14","guid":{"rendered":"http:\/\/new.herbamed.ch\/?post_type=product&#038;p=1550"},"modified":"2022-01-12T09:28:38","modified_gmt":"2022-01-12T08:28:38","slug":"hypericum-comp-ad-us-vet-nerven","status":"publish","type":"product","link":"https:\/\/www.herbamed.ch\/fr\/produit-2\/hypericum-comp-ad-us-vet-nerven\/","title":{"rendered":"Hypericum comp. ad us. vet. (nerfs)"},"content":{"rendered":"<p>Hypericum comp. ad us. vet. (nerfs)<\/p>","protected":false},"excerpt":{"rendered":"<p>Ingr\u00e9dients :<br \/>\nHypericum perforatum (Hypericum) C30<br \/>\nStrychnos ignatia (Ignatia) C200<br \/>\nGelsemium sempervirens (Gelsemium) C30<br \/>\nPulsatilla pratensis (Pulstilla) C30<br \/>\nSepia gruneris C200<br \/>\nChamomilla recutita (Matricaria chamomilla) C30<\/p>\n<p>Les humains ne sont pas les seuls \u00e0 \u00eatre souvent nerveux \u00e0 notre \u00e9poque en raison du stress environnemental. Les amis \u00e0 quatre pattes, notamment les chevaux de sport, y \u00e9chappent tout aussi peu. La combinaison ci-dessus a fait ses preuves depuis longtemps pour les animaux nerveux. Tous les composants ont une relation prononc\u00e9e avec le syst\u00e8me nerveux dans leur tableau m\u00e9dicinal. Ignatia, qui est surtout indiqu\u00e9 dans les cas de mortification, s'est r\u00e9v\u00e9l\u00e9 particuli\u00e8rement efficace chez les cr\u00e9atures timides, m\u00eame celles qui ont peur des gens. Les cavaliers qui ont utilis\u00e9 ce rem\u00e8de pour eux-m\u00eames \u00e9taient \u00e9galement beaucoup plus calmes en comp\u00e9tition.<\/p>\n<p>Art<br \/>\nM\u00e9decine v\u00e9t\u00e9rinaire \/ ad us vet.<\/p>\n<p>Container<br \/>\nR\u00e9cipient Flacon lanceur de 100 ml<br \/>\nFlacon compte-gouttes de 50 ml<\/p>\n<p>Approbation<br \/>\n402432<\/p>\n<p>Indications<br \/>\nAnimaux nerveux, notamment les chevaux, pendant le transport et le sport. Animaux nerveux lors des expositions d'animaux.<\/p>\n<p>Dosage<br \/>\nLa veille du stress, 5 fois par jour, 1 \u00e0 3 ml. Le jour principal juste avant le stress 4 fois toutes les 10 min 1 \u00e0 3 ml. Ou en cas de nervosit\u00e9 constante et de sursaut 2 fois par jour 1 \u00e0 3 ml pendant 10 jours. Puis administrez une petite dose (0,5 \u00e0 1,0 ml) plusieurs fois \u00e0 de courts intervalles avant ou pendant la situation stressante.<\/p>","protected":false},"featured_media":1575,"template":"","meta":{"_monsterinsights_skip_tracking":false,"_monsterinsights_sitenote_active":false,"_monsterinsights_sitenote_note":"","_monsterinsights_sitenote_category":0},"product_brand":[],"product_cat":[2119,24],"product_tag":[],"class_list":{"0":"post-1550","1":"product","2":"type-product","3":"status-publish","4":"has-post-thumbnail","6":"product_cat-b2b","7":"product_cat-tierarzneimittel","9":"first","10":"instock","11":"shipping-taxable","12":"purchasable","13":"product-type-simple"},"_links":{"self":[{"href":"https:\/\/www.herbamed.ch\/fr\/wp-json\/wp\/v2\/product\/1550","targetHints":{"allow":["GET"]}}],"collection":[{"href":"https:\/\/www.herbamed.ch\/fr\/wp-json\/wp\/v2\/product"}],"about":[{"href":"https:\/\/www.herbamed.ch\/fr\/wp-json\/wp\/v2\/types\/product"}],"wp:featuredmedia":[{"embeddable":true,"href":"https:\/\/www.herbamed.ch\/fr\/wp-json\/wp\/v2\/media\/1575"}],"wp:attachment":[{"href":"https:\/\/www.herbamed.ch\/fr\/wp-json\/wp\/v2\/media?parent=1550"}],"wp:term":[{"taxonomy":"product_brand","embeddable":true,"href":"https:\/\/www.herbamed.ch\/fr\/wp-json\/wp\/v2\/product_brand?post=1550"},{"taxonomy":"product_cat","embeddable":true,"href":"https:\/\/www.herbamed.ch\/fr\/wp-json\/wp\/v2\/product_cat?post=1550"},{"taxonomy":"product_tag","embeddable":true,"href":"https:\/\/www.herbamed.ch\/fr\/wp-json\/wp\/v2\/product_tag?post=1550"}],"curies":[{"name":"wp","href":"https:\/\/api.w.org\/{rel}","templated":true}]}}