{"id":1548,"date":"2021-08-23T09:12:13","date_gmt":"2021-08-23T07:12:13","guid":{"rendered":"http:\/\/new.herbamed.ch\/?post_type=product&#038;p=1548"},"modified":"2022-01-12T09:28:39","modified_gmt":"2022-01-12T08:28:39","slug":"euphrasia-officinalis-comp-ad-us-vet-katzenschnupfen","status":"publish","type":"product","link":"https:\/\/www.herbamed.ch\/fr\/produit-2\/euphrasia-officinalis-comp-ad-us-vet-katzenschnupfen\/","title":{"rendered":"Euphrasia officinalis comp. ad us. vet. (Chat froid)"},"content":{"rendered":"<p>Euphrasia officinalis comp. ad us. vet. (Chat froid)<\/p>","protected":false},"excerpt":{"rendered":"<p>Ingr\u00e9dients :<br \/>\nEuphrasia officinalis C6<br \/>\nLedum palustre D12<br \/>\nArnica montana D4<br \/>\nSymphytum officinalis (Symphytum) D8<br \/>\nToxicodendron quercifolium (Rhus toxicodendron) C30<br \/>\nRuta graveolens (Ruta) C200<br \/>\nHypericum perforatum (Hypericum) C30<br \/>\nHepar sulfuris D10<br \/>\nHepar sulfuris C30<br \/>\nStrychnos nux vomica (Nux vomica) C30<br \/>\nSulfur D4<br \/>\nSulfur D10<br \/>\nSulfur C30<br \/>\nVincetoxicum hirundinaria (Vincetoxicum) D6<br \/>\nVincetoxicum hirundinaria (Vincetoxicum) D10<br \/>\nVincetoxicum hirundinaria (Vincetoxicum) D30<br \/>\nAcidum silicicum (Silicea) D12<br \/>\nAcidum silicicum (Silicea) C30<\/p>\n<p>Le rhume des chats peut \u00e0 juste titre \u00eatre qualifi\u00e9 de crux m\u00e9dical. Pour moi, il a toujours \u00e9t\u00e9 probl\u00e9matique de traiter \u00e0 moindre co\u00fbt des \"hordes de chats\" enti\u00e8res dans les fermes. Le rem\u00e8de a donc \u00e9t\u00e9 d\u00e9velopp\u00e9 par n\u00e9cessit\u00e9 en combinant diff\u00e9rents complexes. Les six premiers rem\u00e8des se trouvent d\u00e9j\u00e0 dans Arnica comp. ad us. vet. et ont un excellent effet sur les yeux. Hepar sulphuris, en deux puissances diff\u00e9rentes, contrecarre avec succ\u00e8s la formation de pus, sans aucune aggravation initiale significative. Nux vomica aide les chats \u00e0 mieux avaler. Le soufre, associ\u00e9 \u00e0 Vicetoxicum, stimule le syst\u00e8me immunitaire \u00e0 un degr\u00e9 \u00e9lev\u00e9. Euphrasia, qui lui donne son nom, est la<br \/>\nRem\u00e8de pour les yeux par excellence.<\/p>\n<p>Art<br \/>\nM\u00e9decine v\u00e9t\u00e9rinaire \/ ad us vet.<\/p>\n<p>Container<br \/>\nR\u00e9cipient Flacon lanceur de 100 ml<br \/>\nFlacon compte-gouttes de 50 ml<\/p>\n<p>Approbation<br \/>\n405180<\/p>\n<p>Indications<br \/>\nLe rhume des chats \u00e0 tout \u00e2ge.<\/p>\n<p>Dosage<br \/>\n1 \u00e0 6 fois par jour, quelques gouttes \u00e0 1 ml.<br \/>\nPour plusieurs chats 2 x par jour 1 \u00e0 2 ml dans le lait ou dans l'eau de boisson<\/p>\n<p>Combinaisons<br \/>\nUn antibiotique peut \u00eatre indiqu\u00e9 pendant quelques jours.<\/p>","protected":false},"featured_media":1574,"template":"","meta":{"_monsterinsights_skip_tracking":false,"_monsterinsights_sitenote_active":false,"_monsterinsights_sitenote_note":"","_monsterinsights_sitenote_category":0},"product_brand":[],"product_cat":[2119,24],"product_tag":[],"class_list":{"0":"post-1548","1":"product","2":"type-product","3":"status-publish","4":"has-post-thumbnail","6":"product_cat-b2b","7":"product_cat-tierarzneimittel","9":"first","10":"instock","11":"shipping-taxable","12":"purchasable","13":"product-type-simple"},"_links":{"self":[{"href":"https:\/\/www.herbamed.ch\/fr\/wp-json\/wp\/v2\/product\/1548","targetHints":{"allow":["GET"]}}],"collection":[{"href":"https:\/\/www.herbamed.ch\/fr\/wp-json\/wp\/v2\/product"}],"about":[{"href":"https:\/\/www.herbamed.ch\/fr\/wp-json\/wp\/v2\/types\/product"}],"wp:featuredmedia":[{"embeddable":true,"href":"https:\/\/www.herbamed.ch\/fr\/wp-json\/wp\/v2\/media\/1574"}],"wp:attachment":[{"href":"https:\/\/www.herbamed.ch\/fr\/wp-json\/wp\/v2\/media?parent=1548"}],"wp:term":[{"taxonomy":"product_brand","embeddable":true,"href":"https:\/\/www.herbamed.ch\/fr\/wp-json\/wp\/v2\/product_brand?post=1548"},{"taxonomy":"product_cat","embeddable":true,"href":"https:\/\/www.herbamed.ch\/fr\/wp-json\/wp\/v2\/product_cat?post=1548"},{"taxonomy":"product_tag","embeddable":true,"href":"https:\/\/www.herbamed.ch\/fr\/wp-json\/wp\/v2\/product_tag?post=1548"}],"curies":[{"name":"wp","href":"https:\/\/api.w.org\/{rel}","templated":true}]}}