{"id":1547,"date":"2021-08-23T09:12:13","date_gmt":"2021-08-23T07:12:13","guid":{"rendered":"http:\/\/new.herbamed.ch\/?post_type=product&#038;p=1547"},"modified":"2022-01-12T09:28:39","modified_gmt":"2022-01-12T08:28:39","slug":"cocculus-comp-ad-us-vet-reisekrankheit","status":"publish","type":"product","link":"https:\/\/www.herbamed.ch\/fr\/produit-2\/cocculus-comp-ad-us-vet-reisekrankheit\/","title":{"rendered":"Cocculus comp. ad us. vet. (mal des transports)"},"content":{"rendered":"<p>Cocculus comp. ad us. vet. (mal des transports)<\/p>","protected":false},"excerpt":{"rendered":"<p>Ingr\u00e9dients :<br \/>\nAnamirta cocculus (Cocculus) C4<br \/>\nStrychnos nux vomica (Nux vomica) C4<br \/>\nPetroleum rectificatum C4<br \/>\nNicotiana tabacum (Tabacum) C4<\/p>\n<p>Chez les chiens en particulier, les vomissements ne cessent de se produire pendant les trajets en voiture. La combinaison ci-dessus a fait ses preuves dans ce cas. Cocculus est consid\u00e9r\u00e9 comme un classique ici et est id\u00e9alement compl\u00e9t\u00e9 par les autres rem\u00e8des.<\/p>\n<p>Art<br \/>\nM\u00e9decine v\u00e9t\u00e9rinaire \/ ad us vet.<\/p>\n<p>Container<br \/>\nR\u00e9cipient Flacon lanceur de 100 ml<br \/>\nFlacon compte-gouttes de 50 ml<\/p>\n<p>Approbation<br \/>\n402437<\/p>\n<p>Indications<br \/>\nMaladie du voyage<\/p>\n<p>Dosage<br \/>\n1 \u00e0 2 ml (selon la taille de l'animal) la veille du voyage, 3 \u00e0 4 doses. Peu avant le voyage, toutes les 10 min, 0,5 \u00e0 1 ml, 4 fois de suite. Pendant le voyage, 0,5 ml plusieurs fois.<\/p>\n<p>Combinaisons<br \/>\nSi des vomissements surviennent malgr\u00e9 le rem\u00e8de, administrer en plus Veratrum album comp. ad us. vet. Pour la quantit\u00e9 et le dosage, voir dosage Veratrum album comp. ad us. vet.<br \/>\nSi l'animal est tr\u00e8s nerveux, Hypericum comp. ad us. vet. peut \u00eatre ajout\u00e9, \u00e0 la m\u00eame dose.<\/p>","protected":false},"featured_media":1563,"template":"","meta":{"_monsterinsights_skip_tracking":false,"_monsterinsights_sitenote_active":false,"_monsterinsights_sitenote_note":"","_monsterinsights_sitenote_category":0},"product_brand":[],"product_cat":[2119,24],"product_tag":[],"class_list":{"0":"post-1547","1":"product","2":"type-product","3":"status-publish","4":"has-post-thumbnail","6":"product_cat-b2b","7":"product_cat-tierarzneimittel","9":"first","10":"instock","11":"shipping-taxable","12":"purchasable","13":"product-type-simple"},"_links":{"self":[{"href":"https:\/\/www.herbamed.ch\/fr\/wp-json\/wp\/v2\/product\/1547","targetHints":{"allow":["GET"]}}],"collection":[{"href":"https:\/\/www.herbamed.ch\/fr\/wp-json\/wp\/v2\/product"}],"about":[{"href":"https:\/\/www.herbamed.ch\/fr\/wp-json\/wp\/v2\/types\/product"}],"wp:featuredmedia":[{"embeddable":true,"href":"https:\/\/www.herbamed.ch\/fr\/wp-json\/wp\/v2\/media\/1563"}],"wp:attachment":[{"href":"https:\/\/www.herbamed.ch\/fr\/wp-json\/wp\/v2\/media?parent=1547"}],"wp:term":[{"taxonomy":"product_brand","embeddable":true,"href":"https:\/\/www.herbamed.ch\/fr\/wp-json\/wp\/v2\/product_brand?post=1547"},{"taxonomy":"product_cat","embeddable":true,"href":"https:\/\/www.herbamed.ch\/fr\/wp-json\/wp\/v2\/product_cat?post=1547"},{"taxonomy":"product_tag","embeddable":true,"href":"https:\/\/www.herbamed.ch\/fr\/wp-json\/wp\/v2\/product_tag?post=1547"}],"curies":[{"name":"wp","href":"https:\/\/api.w.org\/{rel}","templated":true}]}}