{"id":1543,"date":"2021-08-23T09:12:12","date_gmt":"2021-08-23T07:12:12","guid":{"rendered":"http:\/\/new.herbamed.ch\/?post_type=product&#038;p=1543"},"modified":"2022-01-12T09:28:39","modified_gmt":"2022-01-12T08:28:39","slug":"apis-comp-ad-us-vet-euteroedem","status":"publish","type":"product","link":"https:\/\/www.herbamed.ch\/fr\/produit-2\/apis-comp-ad-us-vet-euteroedem\/","title":{"rendered":"Apis comp. ad us. vet. (\u0153d\u00e8me du pis)"},"content":{"rendered":"<p>Apis comp. ad us. vet. (\u0153d\u00e8me du pis)<\/p>","protected":false},"excerpt":{"rendered":"<p>Ingr\u00e9dients :<br \/>\nApis mellifica D8<br \/>\nAtropa belladonna (Belladonna) C30<br \/>\nPhytolacca americana (Phytolacca decandra) C30<br \/>\nAsa foetida C6<br \/>\nEchinacea angustifolia D2<\/p>\n<p>Apis est l'un des rem\u00e8des les plus efficaces contre le drainage. Ceci est particuli\u00e8rement vrai en combinaison avec Atropa belladonna et Echinacea angustifolia. Asa foetida et Phytolacca ont une forte affinit\u00e9 avec la mamelle.<\/p>\n<p>Art<br \/>\nM\u00e9decine v\u00e9t\u00e9rinaire \/ ad us vet.<\/p>\n<p class=\"translation-block\">R\u00e9cipient<br>Flacon lanceur de 100 ml<\/p>\n<p>Approbation<br \/>\n402842<\/p>\n<p>Indications<br \/>\n\u0152d\u00e8me de la mamelle. Le rem\u00e8de peut \u00eatre administr\u00e9 avant la naissance si l'\u0153d\u00e8me est s\u00e9v\u00e8re.<\/p>\n<p>Dosage<br \/>\nAu d\u00e9but du traitement : 4 fois 3 ml par jour. Chez les animaux qui ont d\u00e9j\u00e0 v\u00eal\u00e9, 3 ml doivent \u00eatre administr\u00e9s 15 minutes avant la traite. Deux autres doses sont \u00e0 r\u00e9partir sur le reste de la journ\u00e9e. La tension sur la peau de la mamelle et des trayons diminue normalement de mani\u00e8re significative dans les 48 heures, alors 2 doses quotidiennes de 3 ml chacune 15 min avant la traite sont suffisantes.<\/p>\n<p>Combinaisons<br \/>\nS'il y a aussi des mastites : en m\u00eame temps que Phytolacca comp. ad us. vet. 2 \u00e0 3 ml de chaque rem\u00e8de en m\u00eame temps 2 \u00e0 4 fois par jour.<\/p>","protected":false},"featured_media":1563,"template":"","meta":{"_monsterinsights_skip_tracking":false,"_monsterinsights_sitenote_active":false,"_monsterinsights_sitenote_note":"","_monsterinsights_sitenote_category":0},"product_brand":[],"product_cat":[2119,24],"product_tag":[],"class_list":{"0":"post-1543","1":"product","2":"type-product","3":"status-publish","4":"has-post-thumbnail","6":"product_cat-b2b","7":"product_cat-tierarzneimittel","9":"first","10":"instock","11":"shipping-taxable","12":"purchasable","13":"product-type-simple"},"_links":{"self":[{"href":"https:\/\/www.herbamed.ch\/fr\/wp-json\/wp\/v2\/product\/1543","targetHints":{"allow":["GET"]}}],"collection":[{"href":"https:\/\/www.herbamed.ch\/fr\/wp-json\/wp\/v2\/product"}],"about":[{"href":"https:\/\/www.herbamed.ch\/fr\/wp-json\/wp\/v2\/types\/product"}],"wp:featuredmedia":[{"embeddable":true,"href":"https:\/\/www.herbamed.ch\/fr\/wp-json\/wp\/v2\/media\/1563"}],"wp:attachment":[{"href":"https:\/\/www.herbamed.ch\/fr\/wp-json\/wp\/v2\/media?parent=1543"}],"wp:term":[{"taxonomy":"product_brand","embeddable":true,"href":"https:\/\/www.herbamed.ch\/fr\/wp-json\/wp\/v2\/product_brand?post=1543"},{"taxonomy":"product_cat","embeddable":true,"href":"https:\/\/www.herbamed.ch\/fr\/wp-json\/wp\/v2\/product_cat?post=1543"},{"taxonomy":"product_tag","embeddable":true,"href":"https:\/\/www.herbamed.ch\/fr\/wp-json\/wp\/v2\/product_tag?post=1543"}],"curies":[{"name":"wp","href":"https:\/\/api.w.org\/{rel}","templated":true}]}}