{"id":1542,"date":"2021-08-23T09:12:11","date_gmt":"2021-08-23T07:12:11","guid":{"rendered":"http:\/\/new.herbamed.ch\/?post_type=product&#038;p=1542"},"modified":"2022-01-12T09:28:39","modified_gmt":"2022-01-12T08:28:39","slug":"aesculus-comp-ad-us-vet-kreuzschlag-und-hufrehe","status":"publish","type":"product","link":"https:\/\/www.herbamed.ch\/fr\/produit-2\/aesculus-comp-ad-us-vet-kreuzschlag-und-hufrehe\/","title":{"rendered":"Aesculus comp. ad us. vet. (Boiterie cruciforme et fourbure)"},"content":{"rendered":"<p>Aesculus comp. ad us. vet. (Boiterie cruciforme et fourbure)<\/p>","protected":false},"excerpt":{"rendered":"<p>Ingr\u00e9dients :<br \/>\nAesculus hippocastanum (Aesculus) D15<br \/>\nGingko biloba D4<br \/>\nStrychnos nux vomica (Nux vomica) C30<br \/>\nChamomilla recutita (Matricaria chamomilla) C30<br \/>\nArnica montana D4<br \/>\nSymphytum officinalis (Symphytum) D8<br \/>\nRuta graveolens (Ruta) C200<br \/>\nToxicodendron quercifolium (Rhus toxicodendron) C30<br \/>\nLedum palustre D12<br \/>\nHypericum perforatum (Hypericum) C30<\/p>\n<p>Ce rem\u00e8de est issu de l'Arnica comp. ad us. vet. qui s'est av\u00e9r\u00e9 tr\u00e8s efficace pour tous les troubles musculaires. La camomille d\u00e9tend les muscles et l'ensemble de l'organisme. Nux vomica a le m\u00eame effet et d\u00e9toxifie \u00e9galement. L'Aesculus hippocastanum et le Ginkgo biloba sont des rem\u00e8des qui favorisent de mani\u00e8re unique la circulation sanguine et ont un effet anticoagulant.<br \/>\nArt<br \/>\nM\u00e9decine v\u00e9t\u00e9rinaire \/ ad us vet.<\/p>\n<p class=\"translation-block\">R\u00e9cipient<br>Flacon lanceur de 100 ml<\/p>\n<p>Approbation<br \/>\n402467<\/p>\n<p>Indications<br \/>\nLe coup de patte et surtout la fourbure. Dans les cas aigus, la saign\u00e9e est \u00e9galement indiqu\u00e9e. \u00c9piderme du sabot.<\/p>\n<p>Dosage<br \/>\nD\u00e9but : 1 x 6 \u00e0 10 ml. Le m\u00eame jour et le jour suivant, 6 x 2 ml par jour. Ensuite, 2 ml 3-4 fois par jour jusqu'\u00e0 la gu\u00e9rison.<\/p>","protected":false},"featured_media":1563,"template":"","meta":{"_monsterinsights_skip_tracking":false,"_monsterinsights_sitenote_active":false,"_monsterinsights_sitenote_note":"","_monsterinsights_sitenote_category":0},"product_brand":[],"product_cat":[2119,24],"product_tag":[],"class_list":{"0":"post-1542","1":"product","2":"type-product","3":"status-publish","4":"has-post-thumbnail","6":"product_cat-b2b","7":"product_cat-tierarzneimittel","9":"first","10":"instock","11":"shipping-taxable","12":"purchasable","13":"product-type-simple"},"_links":{"self":[{"href":"https:\/\/www.herbamed.ch\/fr\/wp-json\/wp\/v2\/product\/1542","targetHints":{"allow":["GET"]}}],"collection":[{"href":"https:\/\/www.herbamed.ch\/fr\/wp-json\/wp\/v2\/product"}],"about":[{"href":"https:\/\/www.herbamed.ch\/fr\/wp-json\/wp\/v2\/types\/product"}],"wp:featuredmedia":[{"embeddable":true,"href":"https:\/\/www.herbamed.ch\/fr\/wp-json\/wp\/v2\/media\/1563"}],"wp:attachment":[{"href":"https:\/\/www.herbamed.ch\/fr\/wp-json\/wp\/v2\/media?parent=1542"}],"wp:term":[{"taxonomy":"product_brand","embeddable":true,"href":"https:\/\/www.herbamed.ch\/fr\/wp-json\/wp\/v2\/product_brand?post=1542"},{"taxonomy":"product_cat","embeddable":true,"href":"https:\/\/www.herbamed.ch\/fr\/wp-json\/wp\/v2\/product_cat?post=1542"},{"taxonomy":"product_tag","embeddable":true,"href":"https:\/\/www.herbamed.ch\/fr\/wp-json\/wp\/v2\/product_tag?post=1542"}],"curies":[{"name":"wp","href":"https:\/\/api.w.org\/{rel}","templated":true}]}}