{"id":1138,"date":"2021-08-23T09:07:05","date_gmt":"2021-08-23T07:07:05","guid":{"rendered":"http:\/\/new.herbamed.ch\/?post_type=product&#038;p=1138"},"modified":"2022-01-12T09:29:01","modified_gmt":"2022-01-12T08:29:01","slug":"schlaftropfen","status":"publish","type":"product","link":"https:\/\/www.herbamed.ch\/fr\/produit-2\/schlaftropfen\/","title":{"rendered":"Schlaftropfen"},"content":{"rendered":"<h3>Composition<\/h3>\n<p>1 ml enth\u00e4lt\/contains: Zincum isovalerianicum D4, Melissa D2, Passiflora incarnata D2, Coffea D4, Phosphorus D12, aa ad 1 ml<\/p>\n<h3>Domaines d'application<\/h3>\n<p>Nerv\u00f6se Schlaflosigkeit, Gedankenzugang, Schlaflosigkeit bei Ersch\u00f6pfungszust\u00e4nden<\/p>","protected":false},"excerpt":{"rendered":"<p>Zusammensetzung 1 ml enth\u00e4lt\/contains: Zincum isovalerianicum D4, Melissa D2, Passiflora incarnata D2, Coffea D4, Phosphorus D12, aa ad 1 ml Anwendungsgebiete Nerv\u00f6se Schlaflosigkeit, Gedankenzugang, Schlaflosigkeit bei Ersch\u00f6pfungszust\u00e4nden<\/p>","protected":false},"featured_media":1189,"template":"","meta":{"_monsterinsights_skip_tracking":false,"_monsterinsights_sitenote_active":false,"_monsterinsights_sitenote_note":"","_monsterinsights_sitenote_category":0},"product_brand":[],"product_cat":[19,2119,20],"product_tag":[],"class_list":{"0":"post-1138","1":"product","2":"type-product","3":"status-publish","4":"has-post-thumbnail","6":"product_cat-arzneimittel","7":"product_cat-b2b","8":"product_cat-homoeopathisch","10":"first","11":"instock","12":"shipping-taxable","13":"purchasable","14":"product-type-simple"},"_links":{"self":[{"href":"https:\/\/www.herbamed.ch\/fr\/wp-json\/wp\/v2\/product\/1138","targetHints":{"allow":["GET"]}}],"collection":[{"href":"https:\/\/www.herbamed.ch\/fr\/wp-json\/wp\/v2\/product"}],"about":[{"href":"https:\/\/www.herbamed.ch\/fr\/wp-json\/wp\/v2\/types\/product"}],"wp:featuredmedia":[{"embeddable":true,"href":"https:\/\/www.herbamed.ch\/fr\/wp-json\/wp\/v2\/media\/1189"}],"wp:attachment":[{"href":"https:\/\/www.herbamed.ch\/fr\/wp-json\/wp\/v2\/media?parent=1138"}],"wp:term":[{"taxonomy":"product_brand","embeddable":true,"href":"https:\/\/www.herbamed.ch\/fr\/wp-json\/wp\/v2\/product_brand?post=1138"},{"taxonomy":"product_cat","embeddable":true,"href":"https:\/\/www.herbamed.ch\/fr\/wp-json\/wp\/v2\/product_cat?post=1138"},{"taxonomy":"product_tag","embeddable":true,"href":"https:\/\/www.herbamed.ch\/fr\/wp-json\/wp\/v2\/product_tag?post=1138"}],"curies":[{"name":"wp","href":"https:\/\/api.w.org\/{rel}","templated":true}]}}