{"id":1134,"date":"2021-08-23T09:07:05","date_gmt":"2021-08-23T07:07:05","guid":{"rendered":"http:\/\/new.herbamed.ch\/?post_type=product&#038;p=1134"},"modified":"2022-01-12T09:29:02","modified_gmt":"2022-01-12T08:29:02","slug":"geriatrikum","status":"publish","type":"product","link":"https:\/\/www.herbamed.ch\/fr\/produit-2\/geriatrikum\/","title":{"rendered":"G\u00e9riatrie"},"content":{"rendered":"<p>Composition<\/p>\n<p>1 ml contient : Kalium phosphoricum D6, Allium sativum D4, Ginkgo biloba D3, Eleutherococcus D2, aa ad 1 ml<\/p>\n<h3>Domaines d'application<\/h3>\n<p>Affaiblissement de la m\u00e9moire et des nerfs, baisse des performances li\u00e9e \u00e0 l'\u00e2ge, art\u00e9rioscl\u00e9rose.<\/p>","protected":false},"excerpt":{"rendered":"<p>Zusammensetzung 1 ml enth\u00e4lt\/contains: Kalium phosphoricum D6, Allium sativum D4, Ginkgo biloba D3, Eleutherococcus D2, aa ad 1 ml Anwendungsgebiete Ged\u00e4chtnis- und Nervenschw\u00e4che, altersbedingter Leistungsabbau, Arteriosklerose<\/p>","protected":false},"featured_media":1185,"template":"","meta":{"_monsterinsights_skip_tracking":false,"_monsterinsights_sitenote_active":false,"_monsterinsights_sitenote_note":"","_monsterinsights_sitenote_category":0},"product_brand":[],"product_cat":[19,2119,20],"product_tag":[],"class_list":{"0":"post-1134","1":"product","2":"type-product","3":"status-publish","4":"has-post-thumbnail","6":"product_cat-arzneimittel","7":"product_cat-b2b","8":"product_cat-homoeopathisch","10":"first","11":"instock","12":"shipping-taxable","13":"purchasable","14":"product-type-simple"},"_links":{"self":[{"href":"https:\/\/www.herbamed.ch\/fr\/wp-json\/wp\/v2\/product\/1134","targetHints":{"allow":["GET"]}}],"collection":[{"href":"https:\/\/www.herbamed.ch\/fr\/wp-json\/wp\/v2\/product"}],"about":[{"href":"https:\/\/www.herbamed.ch\/fr\/wp-json\/wp\/v2\/types\/product"}],"wp:featuredmedia":[{"embeddable":true,"href":"https:\/\/www.herbamed.ch\/fr\/wp-json\/wp\/v2\/media\/1185"}],"wp:attachment":[{"href":"https:\/\/www.herbamed.ch\/fr\/wp-json\/wp\/v2\/media?parent=1134"}],"wp:term":[{"taxonomy":"product_brand","embeddable":true,"href":"https:\/\/www.herbamed.ch\/fr\/wp-json\/wp\/v2\/product_brand?post=1134"},{"taxonomy":"product_cat","embeddable":true,"href":"https:\/\/www.herbamed.ch\/fr\/wp-json\/wp\/v2\/product_cat?post=1134"},{"taxonomy":"product_tag","embeddable":true,"href":"https:\/\/www.herbamed.ch\/fr\/wp-json\/wp\/v2\/product_tag?post=1134"}],"curies":[{"name":"wp","href":"https:\/\/api.w.org\/{rel}","templated":true}]}}