{"id":1133,"date":"2021-08-23T09:07:04","date_gmt":"2021-08-23T07:07:04","guid":{"rendered":"http:\/\/new.herbamed.ch\/?post_type=product&#038;p=1133"},"modified":"2023-04-11T05:09:12","modified_gmt":"2023-04-11T03:09:12","slug":"erkaeltungs-und-grippetropfen","status":"publish","type":"product","link":"https:\/\/www.herbamed.ch\/fr\/produit-2\/erkaeltungs-und-grippetropfen\/","title":{"rendered":"Erk\u00e4ltungs- und Grippetropfen"},"content":{"rendered":"<h3>Composition<\/h3>\n<p>1 ml enth\u00e4lt\/contains: Echinacea purpurea D3, Eupatorium perfoliatum D5, Allium cepa D6, Bryonia D4, Rumex D5, aa ad 1 ml<\/p>\n<h3>Domaines d'application<\/h3>\n<p>Erk\u00e4ltungskrankheiten, Influenza, Fieber, ganz allgemein bei entz\u00fcndlichen Prozessen und Infektionen zur Steigerung der k\u00f6rpereigenenAbwehrkr\u00e4fte<\/p>","protected":false},"excerpt":{"rendered":"<p>Zusammensetzung 1 ml enth\u00e4lt\/contains: Echinacea purpurea D3, Eupatorium perfoliatum D5, Allium cepa D6, Bryonia D4, Rumex D5, aa ad 1 ml Anwendungsgebiete Erk\u00e4ltungskrankheiten, Influenza, Fieber, ganz allgemein bei entz\u00fcndlichen Prozessen und Infektionen zur Steigerung der k\u00f6rpereigenenAbwehrkr\u00e4fte<\/p>","protected":false},"featured_media":1184,"template":"","meta":{"_monsterinsights_skip_tracking":false,"_monsterinsights_sitenote_active":false,"_monsterinsights_sitenote_note":"","_monsterinsights_sitenote_category":0},"product_brand":[],"product_cat":[19,2119,20],"product_tag":[],"class_list":{"0":"post-1133","1":"product","2":"type-product","3":"status-publish","4":"has-post-thumbnail","6":"product_cat-arzneimittel","7":"product_cat-b2b","8":"product_cat-homoeopathisch","10":"first","11":"instock","12":"shipping-taxable","13":"purchasable","14":"product-type-simple"},"_links":{"self":[{"href":"https:\/\/www.herbamed.ch\/fr\/wp-json\/wp\/v2\/product\/1133","targetHints":{"allow":["GET"]}}],"collection":[{"href":"https:\/\/www.herbamed.ch\/fr\/wp-json\/wp\/v2\/product"}],"about":[{"href":"https:\/\/www.herbamed.ch\/fr\/wp-json\/wp\/v2\/types\/product"}],"wp:featuredmedia":[{"embeddable":true,"href":"https:\/\/www.herbamed.ch\/fr\/wp-json\/wp\/v2\/media\/1184"}],"wp:attachment":[{"href":"https:\/\/www.herbamed.ch\/fr\/wp-json\/wp\/v2\/media?parent=1133"}],"wp:term":[{"taxonomy":"product_brand","embeddable":true,"href":"https:\/\/www.herbamed.ch\/fr\/wp-json\/wp\/v2\/product_brand?post=1133"},{"taxonomy":"product_cat","embeddable":true,"href":"https:\/\/www.herbamed.ch\/fr\/wp-json\/wp\/v2\/product_cat?post=1133"},{"taxonomy":"product_tag","embeddable":true,"href":"https:\/\/www.herbamed.ch\/fr\/wp-json\/wp\/v2\/product_tag?post=1133"}],"curies":[{"name":"wp","href":"https:\/\/api.w.org\/{rel}","templated":true}]}}